{"id":445,"date":"2026-01-15T11:54:20","date_gmt":"2026-01-15T11:54:20","guid":{"rendered":"https:\/\/novatork.eu\/?page_id=445"},"modified":"2026-02-24T10:51:16","modified_gmt":"2026-02-24T10:51:16","slug":"torque-wrenches","status":"publish","type":"page","link":"https:\/\/novatork.eu\/fr\/torque-wrenches\/","title":{"rendered":"Cl\u00e9s dynamom\u00e9triques"},"content":{"rendered":"<div data-elementor-type=\"wp-page\" data-elementor-id=\"445\" class=\"elementor elementor-445\">\n\t\t\t\t<div class=\"elementor-element elementor-element-0b7tq5r e-flex e-con-boxed e-con e-parent\" data-id=\"0b7tq5r\" data-element_type=\"container\" data-settings=\"{&quot;background_background&quot;:&quot;classic&quot;}\">\n\t\t\t\t\t<div class=\"e-con-inner\">\n\t\t<div class=\"elementor-element elementor-element-1f49b04 e-con-full e-flex e-con e-child\" data-id=\"1f49b04\" data-element_type=\"container\">\n\t\t\t\t<div class=\"elementor-element elementor-element-b3e06b3 elementor-widget elementor-widget-heading\" data-id=\"b3e06b3\" data-element_type=\"widget\" data-widget_type=\"heading.default\">\n\t\t\t\t<div class=\"elementor-widget-container\">\n\t\t\t\t\t<h1 class=\"elementor-heading-title elementor-size-default\">Cl\u00e9s dynamom\u00e9triques<\/h1>\t\t\t\t<\/div>\n\t\t\t\t<\/div>\n\t\t\t\t<\/div>\n\t\t\t\t\t<\/div>\n\t\t\t\t<\/div>\n\t\t<div class=\"elementor-element elementor-element-30e5pmw e-flex e-con-boxed e-con e-parent\" data-id=\"30e5pmw\" data-element_type=\"container\" id=\"top\" data-settings=\"{&quot;background_background&quot;:&quot;classic&quot;}\">\n\t\t\t\t\t<div class=\"e-con-inner\">\n\t\t<div class=\"elementor-element elementor-element-26ae0b9 e-con-full e-flex e-con e-child\" data-id=\"26ae0b9\" data-element_type=\"container\">\n\t\t\t\t<div class=\"elementor-element elementor-element-6368e7f elementor-widget elementor-widget-heading\" data-id=\"6368e7f\" data-element_type=\"widget\" data-widget_type=\"heading.default\">\n\t\t\t\t<div class=\"elementor-widget-container\">\n\t\t\t\t\t<h2 class=\"elementor-heading-title elementor-size-default\">Explorez nos cl\u00e9s dynamom\u00e9triques<\/h2>\t\t\t\t<\/div>\n\t\t\t\t<\/div>\n\t\t\t\t<\/div>\n\t\t\t\t\t<\/div>\n\t\t\t\t<\/div>\n\t\t<div class=\"elementor-element elementor-element-r9nv1mi e-flex e-con-boxed e-con e-parent\" data-id=\"r9nv1mi\" data-element_type=\"container\" data-settings=\"{&quot;background_background&quot;:&quot;classic&quot;}\">\n\t\t\t\t\t<div class=\"e-con-inner\">\n\t\t<div class=\"elementor-element elementor-element-b5c921a e-con-full e-flex e-con e-child\" data-id=\"b5c921a\" data-element_type=\"container\">\n\t\t<div class=\"elementor-element elementor-element-02e3174 e-con-full e-flex e-con e-child\" data-id=\"02e3174\" data-element_type=\"container\">\n\t\t<div class=\"elementor-element elementor-element-b2e5e10 e-con-full e-flex e-con e-child\" data-id=\"b2e5e10\" data-element_type=\"container\">\n\t\t\t\t<div class=\"elementor-element elementor-element-01d4341 elementor-widget elementor-widget-image\" data-id=\"01d4341\" data-element_type=\"widget\" data-widget_type=\"image.default\">\n\t\t\t\t<div class=\"elementor-widget-container\">\n\t\t\t\t\t\t\t\t\t\t\t\t\t\t\t\t<a href=\"https:\/\/novatork.eu\/fr\/mechanical-adjustable-torque-wrenches\/\">\n\t\t\t\t\t\t\t<img decoding=\"async\" src=\"https:\/\/novatork.eu\/wp-content\/uploads\/elementor\/thumbs\/produktgrupper-2-scaled-rjki0ma5u7144m4nl1olpoi69eq80ozjp97wl6iigw.png\" title=\"groupes de produits (2)\" alt=\"produktgrupper (2)\" loading=\"lazy\" \/>\t\t\t\t\t\t\t\t<\/a>\n\t\t\t\t\t\t\t\t\t\t\t\t\t\t\t<\/div>\n\t\t\t\t<\/div>\n\t\t\t\t<div class=\"elementor-element elementor-element-f527f15 elementor-widget elementor-widget-image\" data-id=\"f527f15\" data-element_type=\"widget\" data-widget_type=\"image.default\">\n\t\t\t\t<div class=\"elementor-widget-container\">\n\t\t\t\t\t\t\t\t\t\t\t\t\t\t\t\t<a href=\"https:\/\/novatork.eu\/fr\/dial-torque-wrenches\/\">\n\t\t\t\t\t\t\t<img decoding=\"async\" width=\"71\" height=\"239\" src=\"https:\/\/novatork.eu\/wp-content\/uploads\/2026\/02\/Skarmbild-2026-02-01-192257.png\" class=\"attachment-large size-large wp-image-1735\" alt=\"sk\u00e4rmbild 2026 02 01 192257\" srcset=\"https:\/\/novatork.eu\/wp-content\/uploads\/2026\/02\/Skarmbild-2026-02-01-192257.png 71w, https:\/\/novatork.eu\/wp-content\/uploads\/2026\/02\/Skarmbild-2026-02-01-192257-4x12.png 4w\" sizes=\"(max-width: 71px) 100vw, 71px\" title=\"Cl\u00e9s dynamom\u00e9triques\">\t\t\t\t\t\t\t\t<\/a>\n\t\t\t\t\t\t\t\t\t\t\t\t\t\t\t<\/div>\n\t\t\t\t<\/div>\n\t\t\t\t<\/div>\n\t\t<div class=\"elementor-element elementor-element-160b3d4 e-con-full e-flex e-con e-child\" data-id=\"160b3d4\" data-element_type=\"container\">\n\t\t\t\t<div class=\"elementor-element elementor-element-00c662a elementor-widget-divider--view-line elementor-widget elementor-widget-divider\" data-id=\"00c662a\" data-element_type=\"widget\" data-widget_type=\"divider.default\">\n\t\t\t\t<div class=\"elementor-widget-container\">\n\t\t\t\t\t\t\t<div class=\"elementor-divider\">\n\t\t\t<span class=\"elementor-divider-separator\">\n\t\t\t\t\t\t<\/span>\n\t\t<\/div>\n\t\t\t\t\t\t<\/div>\n\t\t\t\t<\/div>\n\t\t\t\t<div class=\"elementor-element elementor-element-28fdb7b elementor-widget elementor-widget-heading\" data-id=\"28fdb7b\" data-element_type=\"widget\" data-widget_type=\"heading.default\">\n\t\t\t\t<div class=\"elementor-widget-container\">\n\t\t\t\t\t<h4 class=\"elementor-heading-title elementor-size-default\"><a href=\"https:\/\/novatork.eu\/fr\/mechanical-adjustable-torque-wrenches\/\">Type r\u00e9glable m\u00e9canique<\/a><\/h4>\t\t\t\t<\/div>\n\t\t\t\t<\/div>\n\t\t\t\t<div class=\"elementor-element elementor-element-fe968da elementor-widget elementor-widget-text-editor\" data-id=\"fe968da\" data-element_type=\"widget\" data-widget_type=\"text-editor.default\">\n\t\t\t\t<div class=\"elementor-widget-container\">\n\t\t\t\t\t\t\t\t\t<p>Cl\u00e9s dynamom\u00e9triques polyvalentes avec un r\u00e9glage r\u00e9glable pour une large gamme d'applications. Id\u00e9al pour l'assemblage g\u00e9n\u00e9ral et la maintenance o\u00f9 la flexibilit\u00e9 est n\u00e9cessaire.<\/p>\t\t\t\t\t\t\t\t<\/div>\n\t\t\t\t<\/div>\n\t\t\t\t<div class=\"elementor-element elementor-element-cb15b63 elementor-widget-divider--view-line elementor-widget elementor-widget-divider\" data-id=\"cb15b63\" data-element_type=\"widget\" data-widget_type=\"divider.default\">\n\t\t\t\t<div class=\"elementor-widget-container\">\n\t\t\t\t\t\t\t<div class=\"elementor-divider\">\n\t\t\t<span class=\"elementor-divider-separator\">\n\t\t\t\t\t\t<\/span>\n\t\t<\/div>\n\t\t\t\t\t\t<\/div>\n\t\t\t\t<\/div>\n\t\t\t\t<div class=\"elementor-element elementor-element-bab4a51 elementor-widget elementor-widget-heading\" data-id=\"bab4a51\" data-element_type=\"widget\" data-widget_type=\"heading.default\">\n\t\t\t\t<div class=\"elementor-widget-container\">\n\t\t\t\t\t<h4 class=\"elementor-heading-title elementor-size-default\"><a href=\"https:\/\/novatork.eu\/fr\/dial-torque-wrenches\/\">Type de cadran<\/a><\/h4>\t\t\t\t<\/div>\n\t\t\t\t<\/div>\n\t\t\t\t<div class=\"elementor-element elementor-element-304f6a8 elementor-widget elementor-widget-text-editor\" data-id=\"304f6a8\" data-element_type=\"widget\" data-widget_type=\"text-editor.default\">\n\t\t\t\t<div class=\"elementor-widget-container\">\n\t\t\t\t\t\t\t\t\t<p>Affichage clair du cadran fournissant une lecture de couple en temps r\u00e9el pendant le serrage. Convient pour l'inspection, les tests et les applications o\u00f9 le contr\u00f4le visuel est important.<\/p>\t\t\t\t\t\t\t\t<\/div>\n\t\t\t\t<\/div>\n\t\t\t\t<\/div>\n\t\t<div class=\"elementor-element elementor-element-a4afc37 e-con-full e-flex e-con e-child\" data-id=\"a4afc37\" data-element_type=\"container\">\n\t\t\t\t<div class=\"elementor-element elementor-element-0745ccc elementor-widget elementor-widget-image\" data-id=\"0745ccc\" data-element_type=\"widget\" data-widget_type=\"image.default\">\n\t\t\t\t<div class=\"elementor-widget-container\">\n\t\t\t\t\t\t\t\t\t\t\t\t\t\t\t\t<a href=\"\">\n\t\t\t\t\t\t\t<img decoding=\"async\" width=\"165\" height=\"194\" src=\"https:\/\/novatork.eu\/wp-content\/uploads\/2026\/02\/Skarmbild-2026-02-01-192247.png\" class=\"attachment-large size-large wp-image-1734\" alt=\"sk\u00e4rmbild 2026 02 01 192247\" srcset=\"https:\/\/novatork.eu\/wp-content\/uploads\/2026\/02\/Skarmbild-2026-02-01-192247.png 165w, https:\/\/novatork.eu\/wp-content\/uploads\/2026\/02\/Skarmbild-2026-02-01-192247-10x12.png 10w\" sizes=\"(max-width: 165px) 100vw, 165px\" title=\"Cl\u00e9s dynamom\u00e9triques\">\t\t\t\t\t\t\t\t<\/a>\n\t\t\t\t\t\t\t\t\t\t\t\t\t\t\t<\/div>\n\t\t\t\t<\/div>\n\t\t\t\t<div class=\"elementor-element elementor-element-5a6046f elementor-widget elementor-widget-image\" data-id=\"5a6046f\" data-element_type=\"widget\" data-widget_type=\"image.default\">\n\t\t\t\t<div class=\"elementor-widget-container\">\n\t\t\t\t\t\t\t\t\t\t\t\t\t\t\t\t<a href=\"https:\/\/novatork.eu\/fr\/electronic-torque-wrenches\/\">\n\t\t\t\t\t\t\t<img decoding=\"async\" width=\"121\" height=\"229\" src=\"https:\/\/novatork.eu\/wp-content\/uploads\/2026\/02\/Skarmbild-2026-02-01-192308.png\" class=\"attachment-large size-large wp-image-1736\" alt=\"sk\u00e4rmbild 2026 02 01 192308\" srcset=\"https:\/\/novatork.eu\/wp-content\/uploads\/2026\/02\/Skarmbild-2026-02-01-192308.png 121w, https:\/\/novatork.eu\/wp-content\/uploads\/2026\/02\/Skarmbild-2026-02-01-192308-6x12.png 6w\" sizes=\"(max-width: 121px) 100vw, 121px\" title=\"Cl\u00e9s dynamom\u00e9triques\">\t\t\t\t\t\t\t\t<\/a>\n\t\t\t\t\t\t\t\t\t\t\t\t\t\t\t<\/div>\n\t\t\t\t<\/div>\n\t\t\t\t<\/div>\n\t\t<div class=\"elementor-element elementor-element-49a5998 e-con-full e-flex e-con e-child\" data-id=\"49a5998\" data-element_type=\"container\">\n\t\t\t\t<div class=\"elementor-element elementor-element-44a7967 elementor-widget-divider--view-line elementor-widget elementor-widget-divider\" data-id=\"44a7967\" data-element_type=\"widget\" data-widget_type=\"divider.default\">\n\t\t\t\t<div class=\"elementor-widget-container\">\n\t\t\t\t\t\t\t<div class=\"elementor-divider\">\n\t\t\t<span class=\"elementor-divider-separator\">\n\t\t\t\t\t\t<\/span>\n\t\t<\/div>\n\t\t\t\t\t\t<\/div>\n\t\t\t\t<\/div>\n\t\t\t\t<div class=\"elementor-element elementor-element-24c06a5 elementor-widget elementor-widget-heading\" data-id=\"24c06a5\" data-element_type=\"widget\" data-widget_type=\"heading.default\">\n\t\t\t\t<div class=\"elementor-widget-container\">\n\t\t\t\t\t<h4 class=\"elementor-heading-title elementor-size-default\"><a href=\"https:\/\/novatork.eu\/fr\/preset-torque-wrenches\/\">Type de pr\u00e9r\u00e9glage<\/a><\/h4>\t\t\t\t<\/div>\n\t\t\t\t<\/div>\n\t\t\t\t<div class=\"elementor-element elementor-element-e60abf0 elementor-widget elementor-widget-text-editor\" data-id=\"e60abf0\" data-element_type=\"widget\" data-widget_type=\"text-editor.default\">\n\t\t\t\t<div class=\"elementor-widget-container\">\n\t\t\t\t\t\t\t\t\t<p>Valeur de couple d\u00e9finie en usine ou par l'utilisateur pour \u00e9viter le serrage excessif et garantir la r\u00e9p\u00e9tabilit\u00e9. Parfait pour les environnements de production avec une exigence de couple sp\u00e9cifique.<\/p>\t\t\t\t\t\t\t\t<\/div>\n\t\t\t\t<\/div>\n\t\t\t\t<div class=\"elementor-element elementor-element-535b732 elementor-widget-divider--view-line elementor-widget elementor-widget-divider\" data-id=\"535b732\" data-element_type=\"widget\" data-widget_type=\"divider.default\">\n\t\t\t\t<div class=\"elementor-widget-container\">\n\t\t\t\t\t\t\t<div class=\"elementor-divider\">\n\t\t\t<span class=\"elementor-divider-separator\">\n\t\t\t\t\t\t<\/span>\n\t\t<\/div>\n\t\t\t\t\t\t<\/div>\n\t\t\t\t<\/div>\n\t\t\t\t<div class=\"elementor-element elementor-element-add5a83 elementor-widget elementor-widget-heading\" data-id=\"add5a83\" data-element_type=\"widget\" data-widget_type=\"heading.default\">\n\t\t\t\t<div class=\"elementor-widget-container\">\n\t\t\t\t\t<h4 class=\"elementor-heading-title elementor-size-default\"><a href=\"https:\/\/novatork.eu\/fr\/electronic-torque-wrenches\/\">Type d'\u00e9lectronique<\/a><\/h4>\t\t\t\t<\/div>\n\t\t\t\t<\/div>\n\t\t\t\t<div class=\"elementor-element elementor-element-4228777 elementor-widget elementor-widget-text-editor\" data-id=\"4228777\" data-element_type=\"widget\" data-widget_type=\"text-editor.default\">\n\t\t\t\t<div class=\"elementor-widget-container\">\n\t\t\t\t\t\t\t\t\t<p>Cl\u00e9s dynamom\u00e9triques num\u00e9riques avec une haute pr\u00e9cision et des fonctionnalit\u00e9s avanc\u00e9es telles que l'enregistrement des donn\u00e9es et les alertes. Con\u00e7ues pour le travail de pr\u00e9cision, la tra\u00e7abilit\u00e9 et le contr\u00f4le qualit\u00e9.<\/p>\t\t\t\t\t\t\t\t<\/div>\n\t\t\t\t<\/div>\n\t\t\t\t<\/div>\n\t\t\t\t<\/div>\n\t\t\t\t<\/div>\n\t\t\t\t\t<\/div>\n\t\t\t\t<\/div>\n\t\t<div class=\"elementor-element elementor-element-be8288c e-flex e-con-boxed e-con e-parent\" data-id=\"be8288c\" data-element_type=\"container\">\n\t\t\t\t\t<div class=\"e-con-inner\">\n\t\t<div class=\"elementor-element elementor-element-0eb4a56 e-con-full e-flex e-con e-child\" data-id=\"0eb4a56\" data-element_type=\"container\">\n\t\t\t\t<div class=\"elementor-element elementor-element-4384ec5 elementor-align-center elementor-widget elementor-widget-button\" data-id=\"4384ec5\" data-element_type=\"widget\" data-widget_type=\"button.default\">\n\t\t\t\t<div class=\"elementor-widget-container\">\n\t\t\t\t\t\t\t\t\t<div class=\"elementor-button-wrapper\">\n\t\t\t\t\t<a class=\"elementor-button elementor-button-link elementor-size-sm\" href=\"https:\/\/novatork.eu\/fr\/mechanical-adjustable-torque-wrenches\/\">\n\t\t\t\t\t\t<span class=\"elementor-button-content-wrapper\">\n\t\t\t\t\t\t\t\t\t<span class=\"elementor-button-text\">M\u00e9canique R\u00e9glable<\/span>\n\t\t\t\t\t<\/span>\n\t\t\t\t\t<\/a>\n\t\t\t\t<\/div>\n\t\t\t\t\t\t\t\t<\/div>\n\t\t\t\t<\/div>\n\t\t\t\t<\/div>\n\t\t<div class=\"elementor-element elementor-element-6d53cff e-con-full e-flex e-con e-child\" data-id=\"6d53cff\" data-element_type=\"container\">\n\t\t\t\t<div class=\"elementor-element elementor-element-a453b06 elementor-align-center elementor-widget elementor-widget-button\" data-id=\"a453b06\" data-element_type=\"widget\" data-widget_type=\"button.default\">\n\t\t\t\t<div class=\"elementor-widget-container\">\n\t\t\t\t\t\t\t\t\t<div class=\"elementor-button-wrapper\">\n\t\t\t\t\t<a class=\"elementor-button elementor-button-link elementor-size-sm\" href=\"\">\n\t\t\t\t\t\t<span class=\"elementor-button-content-wrapper\">\n\t\t\t\t\t\t\t\t\t<span class=\"elementor-button-text\">Type de pr\u00e9s\u00e9lection<\/span>\n\t\t\t\t\t<\/span>\n\t\t\t\t\t<\/a>\n\t\t\t\t<\/div>\n\t\t\t\t\t\t\t\t<\/div>\n\t\t\t\t<\/div>\n\t\t\t\t<\/div>\n\t\t<div class=\"elementor-element elementor-element-a688619 e-con-full e-flex e-con e-child\" data-id=\"a688619\" data-element_type=\"container\">\n\t\t\t\t<div class=\"elementor-element elementor-element-a966421 elementor-align-center elementor-widget elementor-widget-button\" data-id=\"a966421\" data-element_type=\"widget\" data-widget_type=\"button.default\">\n\t\t\t\t<div class=\"elementor-widget-container\">\n\t\t\t\t\t\t\t\t\t<div class=\"elementor-button-wrapper\">\n\t\t\t\t\t<a class=\"elementor-button elementor-button-link elementor-size-sm\" href=\"https:\/\/novatork.eu\/fr\/dial-torque-wrenches\/\">\n\t\t\t\t\t\t<span class=\"elementor-button-content-wrapper\">\n\t\t\t\t\t\t\t\t\t<span class=\"elementor-button-text\">Type de cadran<\/span>\n\t\t\t\t\t<\/span>\n\t\t\t\t\t<\/a>\n\t\t\t\t<\/div>\n\t\t\t\t\t\t\t\t<\/div>\n\t\t\t\t<\/div>\n\t\t\t\t<\/div>\n\t\t<div class=\"elementor-element elementor-element-3263c62 e-con-full e-flex e-con e-child\" data-id=\"3263c62\" data-element_type=\"container\">\n\t\t\t\t<div class=\"elementor-element elementor-element-18168eb elementor-align-center elementor-widget elementor-widget-button\" data-id=\"18168eb\" data-element_type=\"widget\" data-widget_type=\"button.default\">\n\t\t\t\t<div class=\"elementor-widget-container\">\n\t\t\t\t\t\t\t\t\t<div class=\"elementor-button-wrapper\">\n\t\t\t\t\t<a class=\"elementor-button elementor-button-link elementor-size-sm\" href=\"https:\/\/novatork.eu\/fr\/electronic-torque-wrenches\/\">\n\t\t\t\t\t\t<span class=\"elementor-button-content-wrapper\">\n\t\t\t\t\t\t\t\t\t<span class=\"elementor-button-text\">Type \u00e9lectronique<\/span>\n\t\t\t\t\t<\/span>\n\t\t\t\t\t<\/a>\n\t\t\t\t<\/div>\n\t\t\t\t\t\t\t\t<\/div>\n\t\t\t\t<\/div>\n\t\t\t\t<\/div>\n\t\t\t\t\t<\/div>\n\t\t\t\t<\/div>\n\t\t\t\t<section class=\"elementor-section elementor-top-section elementor-element elementor-element-add4951 elementor-section-content-middle elementor-section-boxed elementor-section-height-default elementor-section-height-default\" data-id=\"add4951\" data-element_type=\"section\" data-settings=\"{&quot;background_background&quot;:&quot;classic&quot;}\">\n\t\t\t\t\t\t\t<div class=\"elementor-background-overlay\"><\/div>\n\t\t\t\t\t\t\t<div class=\"elementor-container elementor-column-gap-no\">\n\t\t\t\t\t<div class=\"elementor-column elementor-col-50 elementor-top-column elementor-element elementor-element-578ca5f\" data-id=\"578ca5f\" data-element_type=\"column\" data-settings=\"{&quot;background_background&quot;:&quot;classic&quot;}\">\n\t\t\t<div class=\"elementor-widget-wrap elementor-element-populated\">\n\t\t\t\t\t\t<div class=\"elementor-element elementor-element-e3f69e6 elementor-widget elementor-widget-heading\" data-id=\"e3f69e6\" data-element_type=\"widget\" data-widget_type=\"heading.default\">\n\t\t\t\t<div class=\"elementor-widget-container\">\n\t\t\t\t\t<h2 class=\"elementor-heading-title elementor-size-default\">Contactez-nous d\u00e8s aujourd'hui<\/h2>\t\t\t\t<\/div>\n\t\t\t\t<\/div>\n\t\t\t\t<div class=\"elementor-element elementor-element-6d91e9a elementor-widget elementor-widget-text-editor\" data-id=\"6d91e9a\" data-element_type=\"widget\" data-widget_type=\"text-editor.default\">\n\t\t\t\t<div class=\"elementor-widget-container\">\n\t\t\t\t\t\t\t\t\t<p data-start=\"18\" data-end=\"280\">Vous avez des questions sur nos produits, vous avez besoin de conseils techniques ou vous \u00eates pr\u00eat \u00e0 passer une commande ? Notre \u00e9quipe est l\u00e0 pour vous aider. Que vous recherchiez des informations sur les produits, un devis, une aide \u00e0 l'application ou une assistance \u00e0 l'achat, nous sommes pr\u00eats \u00e0 r\u00e9pondre \u00e0 vos besoins.<\/p><p data-start=\"282\" data-end=\"442\" data-is-last-node=\"\" data-is-only-node=\"\">Prenez contact avec nous via notre formulaire de contact, envoyez-nous un courriel ou appelez-nous - et nous veillerons \u00e0 ce que vous receviez la bonne solution rapidement et efficacement.<\/p>\t\t\t\t\t\t\t\t<\/div>\n\t\t\t\t<\/div>\n\t\t\t\t<div class=\"elementor-element elementor-element-b19de22 elementor-align-left elementor-widget elementor-widget-button\" data-id=\"b19de22\" data-element_type=\"widget\" data-widget_type=\"button.default\">\n\t\t\t\t<div class=\"elementor-widget-container\">\n\t\t\t\t\t\t\t\t\t<div class=\"elementor-button-wrapper\">\n\t\t\t\t\t<a class=\"elementor-button elementor-button-link elementor-size-sm\" href=\"https:\/\/novatork.eu\/fr\/contact\/\">\n\t\t\t\t\t\t<span class=\"elementor-button-content-wrapper\">\n\t\t\t\t\t\t\t\t\t<span class=\"elementor-button-text\">Formulaire de contact<\/span>\n\t\t\t\t\t<\/span>\n\t\t\t\t\t<\/a>\n\t\t\t\t<\/div>\n\t\t\t\t\t\t\t\t<\/div>\n\t\t\t\t<\/div>\n\t\t\t\t\t<\/div>\n\t\t<\/div>\n\t\t\t\t<div class=\"elementor-column elementor-col-50 elementor-top-column elementor-element elementor-element-4e5df61\" data-id=\"4e5df61\" data-element_type=\"column\">\n\t\t\t<div class=\"elementor-widget-wrap elementor-element-populated\">\n\t\t\t\t\t\t<div class=\"elementor-element elementor-element-0bb2b26 elementor-widget__width-initial elementor-icon-list--layout-traditional elementor-list-item-link-full_width elementor-widget elementor-widget-icon-list\" data-id=\"0bb2b26\" data-element_type=\"widget\" data-widget_type=\"icon-list.default\">\n\t\t\t\t<div class=\"elementor-widget-container\">\n\t\t\t\t\t\t\t<ul class=\"elementor-icon-list-items\">\n\t\t\t\t\t\t\t<li class=\"elementor-icon-list-item\">\n\t\t\t\t\t\t\t\t\t\t\t<span class=\"elementor-icon-list-icon\">\n\t\t\t\t\t\t\t<i aria-hidden=\"true\" class=\"fas fa-map-marker-alt\"><\/i>\t\t\t\t\t\t<\/span>\n\t\t\t\t\t\t\t\t\t\t<span class=\"elementor-icon-list-text\">Kristineholmsv\u00e4gen 10N, 441 39 Alings\u00e5s, Su\u00e8de<\/span>\n\t\t\t\t\t\t\t\t\t<\/li>\n\t\t\t\t\t\t\t\t<li class=\"elementor-icon-list-item\">\n\t\t\t\t\t\t\t\t\t\t\t<span class=\"elementor-icon-list-icon\">\n\t\t\t\t\t\t\t<i aria-hidden=\"true\" class=\"far fa-envelope\"><\/i>\t\t\t\t\t\t<\/span>\n\t\t\t\t\t\t\t\t\t\t<span class=\"elementor-icon-list-text\"> info@novatork.eu<\/span>\n\t\t\t\t\t\t\t\t\t<\/li>\n\t\t\t\t\t\t\t\t<li class=\"elementor-icon-list-item\">\n\t\t\t\t\t\t\t\t\t\t\t<span class=\"elementor-icon-list-icon\">\n\t\t\t\t\t\t\t<i aria-hidden=\"true\" class=\"fas fa-phone-alt\"><\/i>\t\t\t\t\t\t<\/span>\n\t\t\t\t\t\t\t\t\t\t<span class=\"elementor-icon-list-text\">+46 (0) 322 61 14 66<\/span>\n\t\t\t\t\t\t\t\t\t<\/li>\n\t\t\t\t\t\t<\/ul>\n\t\t\t\t\t\t<\/div>\n\t\t\t\t<\/div>\n\t\t\t\t<div class=\"elementor-element elementor-element-c30b621 elementor-widget elementor-widget-google_maps\" data-id=\"c30b621\" data-element_type=\"widget\" data-widget_type=\"google_maps.default\">\n\t\t\t\t<div class=\"elementor-widget-container\">\n\t\t\t\t\t\t\t<div class=\"elementor-custom-embed\">\n\t\t\t<iframe loading=\"lazy\"\n\t\t\t\t\tsrc=\"https:\/\/maps.google.com\/maps?q=Kristineholmsv%C3%A4gen%2010N%2C%20441%2039%20Alings%C3%A5s%E2%80%8B&#038;t=m&#038;z=15&#038;output=embed&#038;iwloc=near\"\n\t\t\t\t\ttitle=\"Kristineholmsv\u00e4gen 10N, 441 39 Alings\u00e5s\"\n\t\t\t\t\taria-label=\"Kristineholmsv\u00e4gen 10N, 441 39 Alings\u00e5s\"\n\t\t\t><\/iframe>\n\t\t<\/div>\n\t\t\t\t\t\t<\/div>\n\t\t\t\t<\/div>\n\t\t\t\t\t<\/div>\n\t\t<\/div>\n\t\t\t\t\t<\/div>\n\t\t<\/section>\n\t\t<div class=\"elementor-element elementor-element-d37821c e-flex e-con-boxed e-con e-parent\" data-id=\"d37821c\" data-element_type=\"container\">\n\t\t\t\t\t<div class=\"e-con-inner\">\n\t\t\t\t<div class=\"elementor-element elementor-element-374a3f9 elementor-fixed elementor-view-default elementor-widget elementor-widget-icon\" data-id=\"374a3f9\" data-element_type=\"widget\" data-settings=\"{&quot;_position&quot;:&quot;fixed&quot;}\" data-widget_type=\"icon.default\">\n\t\t\t\t<div class=\"elementor-widget-container\">\n\t\t\t\t\t\t\t<div class=\"elementor-icon-wrapper\">\n\t\t\t<a class=\"elementor-icon elementor-animation-shrink\" href=\"#top\">\n\t\t\t<i aria-hidden=\"true\" class=\"fas fa-arrow-alt-circle-up\"><\/i>\t\t\t<\/a>\n\t\t<\/div>\n\t\t\t\t\t\t<\/div>\n\t\t\t\t<\/div>\n\t\t\t\t\t<\/div>\n\t\t\t\t<\/div>\n\t\t\t\t<\/div>","protected":false},"excerpt":{"rendered":"<p>Torque Wrenches Explore our Torque Wrenches Mechanical Adjustable Type\u200b Versatile torque wrenches with an adjustable setting for a wide range of applications. Ideal for general assembly and maintenance where flexibility is needed. Dial Type\u200b Clear dial display provides real-time torque reading during tightening. Suitable for inspection, testing, and applications where visual control is important. Preset [&hellip;]<\/p>\n","protected":false},"author":1,"featured_media":0,"parent":0,"menu_order":0,"comment_status":"closed","ping_status":"closed","template":"","meta":{"_monsterinsights_skip_tracking":false,"_monsterinsights_sitenote_active":false,"_monsterinsights_sitenote_note":"","_monsterinsights_sitenote_category":0,"site-sidebar-layout":"no-sidebar","site-content-layout":"page-builder","ast-site-content-layout":"full-width-container","site-content-style":"default","site-sidebar-style":"default","ast-global-header-display":"","ast-banner-title-visibility":"","ast-main-header-display":"","ast-hfb-above-header-display":"","ast-hfb-below-header-display":"","ast-hfb-mobile-header-display":"","site-post-title":"","ast-breadcrumbs-content":"","ast-featured-img":"disabled","footer-sml-layout":"","ast-disable-related-posts":"","theme-transparent-header-meta":"","adv-header-id-meta":"","stick-header-meta":"","header-above-stick-meta":"","header-main-stick-meta":"","header-below-stick-meta":"","astra-migrate-meta-layouts":"default","ast-page-background-enabled":"default","ast-page-background-meta":{"desktop":{"background-color":"","background-image":"","background-repeat":"repeat","background-position":"center center","background-size":"auto","background-attachment":"scroll","background-type":"","background-media":"","overlay-type":"","overlay-color":"","overlay-opacity":"","overlay-gradient":""},"tablet":{"background-color":"","background-image":"","background-repeat":"repeat","background-position":"center center","background-size":"auto","background-attachment":"scroll","background-type":"","background-media":"","overlay-type":"","overlay-color":"","overlay-opacity":"","overlay-gradient":""},"mobile":{"background-color":"","background-image":"","background-repeat":"repeat","background-position":"center center","background-size":"auto","background-attachment":"scroll","background-type":"","background-media":"","overlay-type":"","overlay-color":"","overlay-opacity":"","overlay-gradient":""}},"ast-content-background-meta":{"desktop":{"background-color":"var(--ast-global-color-5)","background-image":"","background-repeat":"repeat","background-position":"center center","background-size":"auto","background-attachment":"scroll","background-type":"","background-media":"","overlay-type":"","overlay-color":"","overlay-opacity":"","overlay-gradient":""},"tablet":{"background-color":"var(--ast-global-color-5)","background-image":"","background-repeat":"repeat","background-position":"center center","background-size":"auto","background-attachment":"scroll","background-type":"","background-media":"","overlay-type":"","overlay-color":"","overlay-opacity":"","overlay-gradient":""},"mobile":{"background-color":"var(--ast-global-color-5)","background-image":"","background-repeat":"repeat","background-position":"center center","background-size":"auto","background-attachment":"scroll","background-type":"","background-media":"","overlay-type":"","overlay-color":"","overlay-opacity":"","overlay-gradient":""}},"footnotes":""},"class_list":["post-445","page","type-page","status-publish","hentry"],"aioseo_notices":[],"_links":{"self":[{"href":"https:\/\/novatork.eu\/fr\/wp-json\/wp\/v2\/pages\/445","targetHints":{"allow":["GET"]}}],"collection":[{"href":"https:\/\/novatork.eu\/fr\/wp-json\/wp\/v2\/pages"}],"about":[{"href":"https:\/\/novatork.eu\/fr\/wp-json\/wp\/v2\/types\/page"}],"author":[{"embeddable":true,"href":"https:\/\/novatork.eu\/fr\/wp-json\/wp\/v2\/users\/1"}],"replies":[{"embeddable":true,"href":"https:\/\/novatork.eu\/fr\/wp-json\/wp\/v2\/comments?post=445"}],"version-history":[{"count":25,"href":"https:\/\/novatork.eu\/fr\/wp-json\/wp\/v2\/pages\/445\/revisions"}],"predecessor-version":[{"id":2433,"href":"https:\/\/novatork.eu\/fr\/wp-json\/wp\/v2\/pages\/445\/revisions\/2433"}],"wp:attachment":[{"href":"https:\/\/novatork.eu\/fr\/wp-json\/wp\/v2\/media?parent=445"}],"curies":[{"name":"wp","href":"https:\/\/api.w.org\/{rel}","templated":true}]}}