{"id":1675,"date":"2026-01-23T09:12:54","date_gmt":"2026-01-23T09:12:54","guid":{"rendered":"https:\/\/novatork.eu\/?page_id=1675"},"modified":"2026-02-10T19:37:32","modified_gmt":"2026-02-10T19:37:32","slug":"legal-information-privacy","status":"publish","type":"page","link":"https:\/\/novatork.eu\/fr\/legal-information-privacy\/","title":{"rendered":"Informations juridiques et protection de la vie priv\u00e9e"},"content":{"rendered":"<div data-elementor-type=\"wp-page\" data-elementor-id=\"1675\" class=\"elementor elementor-1675\">\n\t\t\t\t<div class=\"elementor-element elementor-element-g7zi6yh e-flex e-con-boxed e-con e-parent\" data-id=\"g7zi6yh\" data-element_type=\"container\" data-settings=\"{&quot;background_background&quot;:&quot;classic&quot;}\">\n\t\t\t\t\t<div class=\"e-con-inner\">\n\t\t<div class=\"elementor-element elementor-element-6879a86 e-con-full e-flex e-con e-child\" data-id=\"6879a86\" data-element_type=\"container\">\n\t\t\t\t<div class=\"elementor-element elementor-element-05d7341 elementor-widget elementor-widget-heading\" data-id=\"05d7341\" data-element_type=\"widget\" data-widget_type=\"heading.default\">\n\t\t\t\t<div class=\"elementor-widget-container\">\n\t\t\t\t\t<h1 class=\"elementor-heading-title elementor-size-default\">Informations juridiques et protection de la vie priv\u00e9e<\/h1>\t\t\t\t<\/div>\n\t\t\t\t<\/div>\n\t\t\t\t<\/div>\n\t\t\t\t\t<\/div>\n\t\t\t\t<\/div>\n\t\t<div class=\"elementor-element elementor-element-0oqtpk2 e-flex e-con-boxed e-con e-parent\" data-id=\"0oqtpk2\" data-element_type=\"container\" data-settings=\"{&quot;background_background&quot;:&quot;classic&quot;}\">\n\t\t\t\t\t<div class=\"e-con-inner\">\n\t\t<div class=\"elementor-element elementor-element-70f9cbe e-con-full e-flex e-con e-child\" data-id=\"70f9cbe\" data-element_type=\"container\">\n\t\t\t\t<div class=\"elementor-element elementor-element-35f6959 elementor-widget elementor-widget-heading\" data-id=\"35f6959\" data-element_type=\"widget\" data-widget_type=\"heading.default\">\n\t\t\t\t<div class=\"elementor-widget-container\">\n\t\t\t\t\t<h2 class=\"elementor-heading-title elementor-size-default\">Informations sur l'entreprise<\/h2>\t\t\t\t<\/div>\n\t\t\t\t<\/div>\n\t\t\t\t<div class=\"elementor-element elementor-element-89bc64a elementor-widget elementor-widget-heading\" data-id=\"89bc64a\" data-element_type=\"widget\" data-widget_type=\"heading.default\">\n\t\t\t\t<div class=\"elementor-widget-container\">\n\t\t\t\t\t<h5 class=\"elementor-heading-title elementor-size-default\">Ce site web est exploit\u00e9 par :\n<\/h5>\t\t\t\t<\/div>\n\t\t\t\t<\/div>\n\t\t\t\t<\/div>\n\t\t<div class=\"elementor-element elementor-element-b486ea1 e-con-full e-flex e-con e-child\" data-id=\"b486ea1\" data-element_type=\"container\">\n\t\t\t\t<div class=\"elementor-element elementor-element-cc46830 elementor-widget elementor-widget-text-editor\" data-id=\"cc46830\" data-element_type=\"widget\" data-widget_type=\"text-editor.default\">\n\t\t\t\t<div class=\"elementor-widget-container\">\n\t\t\t\t\t\t\t\t\t<p data-start=\"477\" data-end=\"584\"><strong data-start=\"477\" data-end=\"490\">NovaTork Europe<\/strong><br data-start=\"490\" data-end=\"493\" \/>Num\u00e9ro d'organisation : 556448-8913<br data-start=\"525\" data-end=\"528\" \/>Num\u00e9ro de TVA : SE556448891301<br data-start=\"554\" data-end=\"557\" \/>Num\u00e9ro EORI : SE5564488913<\/p><p data-start=\"663\" data-end=\"735\"><strong data-start=\"663\" data-end=\"692\">Adresse de facturation et postale\u00a0:<\/strong><br data-start=\"692\" data-end=\"695\" \/>Buregatan 1<br data-start=\"706\" data-end=\"709\" \/>441 51 Alings\u00e5s<br data-start=\"724\" data-end=\"727\" \/>Su\u00e8de<\/p><p data-start=\"737\" data-end=\"799\"><strong data-start=\"737\" data-end=\"747\">Courriel :<\/strong> <a class=\"decorated-link cursor-pointer\" rel=\"noopener\" data-start=\"748\" data-end=\"764\">info@novatork.eu<\/a><br data-start=\"764\" data-end=\"767\" \/><strong data-start=\"767\" data-end=\"777\">T\u00e9l\u00e9phone :<\/strong> +46 (0)322 61 14 66<\/p>\t\t\t\t\t\t\t\t<\/div>\n\t\t\t\t<\/div>\n\t\t\t\t<\/div>\n\t\t\t\t\t<\/div>\n\t\t\t\t<\/div>\n\t\t<div class=\"elementor-element elementor-element-dab6057 e-flex e-con-boxed e-con e-parent\" data-id=\"dab6057\" data-element_type=\"container\">\n\t\t\t\t\t<div class=\"e-con-inner\">\n\t\t<div class=\"elementor-element elementor-element-1545274 e-con-full e-flex e-con e-child\" data-id=\"1545274\" data-element_type=\"container\">\n\t\t\t\t<div class=\"elementor-element elementor-element-f7b7fc7 elementor-widget-divider--view-line elementor-widget elementor-widget-divider\" data-id=\"f7b7fc7\" data-element_type=\"widget\" data-widget_type=\"divider.default\">\n\t\t\t\t<div class=\"elementor-widget-container\">\n\t\t\t\t\t\t\t<div class=\"elementor-divider\">\n\t\t\t<span class=\"elementor-divider-separator\">\n\t\t\t\t\t\t<\/span>\n\t\t<\/div>\n\t\t\t\t\t\t<\/div>\n\t\t\t\t<\/div>\n\t\t\t\t<div class=\"elementor-element elementor-element-abddd89 elementor-widget elementor-widget-heading\" data-id=\"abddd89\" data-element_type=\"widget\" data-widget_type=\"heading.default\">\n\t\t\t\t<div class=\"elementor-widget-container\">\n\t\t\t\t\t<h3 class=\"elementor-heading-title elementor-size-default\">Politique de confidentialit\u00e9<\/h3>\t\t\t\t<\/div>\n\t\t\t\t<\/div>\n\t\t\t\t<div class=\"elementor-element elementor-element-a465c5f elementor-widget elementor-widget-text-editor\" data-id=\"a465c5f\" data-element_type=\"widget\" data-widget_type=\"text-editor.default\">\n\t\t\t\t<div class=\"elementor-widget-container\">\n\t\t\t\t\t\t\t\t\t<p>NovaTork Europe respecte votre vie priv\u00e9e et s'engage \u00e0 prot\u00e9ger vos donn\u00e9es personnelles conform\u00e9ment au R\u00e8glement G\u00e9n\u00e9ral sur la Protection des Donn\u00e9es (RGPD).<\/p>\t\t\t\t\t\t\t\t<\/div>\n\t\t\t\t<\/div>\n\t\t\t\t<div class=\"elementor-element elementor-element-0709ba1 elementor-widget elementor-widget-heading\" data-id=\"0709ba1\" data-element_type=\"widget\" data-widget_type=\"heading.default\">\n\t\t\t\t<div class=\"elementor-widget-container\">\n\t\t\t\t\t<h4 class=\"elementor-heading-title elementor-size-default\">Quelles donn\u00e9es personnelles nous collectons<\/h4>\t\t\t\t<\/div>\n\t\t\t\t<\/div>\n\t\t\t\t<div class=\"elementor-element elementor-element-399ba33 elementor-widget elementor-widget-text-editor\" data-id=\"399ba33\" data-element_type=\"widget\" data-widget_type=\"text-editor.default\">\n\t\t\t\t<div class=\"elementor-widget-container\">\n\t\t\t\t\t\t\t\t\t<p data-start=\"1016\" data-end=\"1096\">Nous pouvons collecter et traiter les donn\u00e9es personnelles suivantes lorsque vous utilisez notre site web :<\/p><ul><li data-start=\"1099\" data-end=\"1103\">Nom<\/li><li data-start=\"1106\" data-end=\"1118\">Nom de l'entreprise<\/li><li data-start=\"1121\" data-end=\"1134\">Adresse e-mail<\/li><li data-start=\"1137\" data-end=\"1149\">Num\u00e9ro de t\u00e9l\u00e9phone<\/li><li data-start=\"1152\" data-end=\"1159\">Pays<\/li><li data-start=\"1162\" data-end=\"1229\">Toutes les informations que vous fournissez dans les formulaires de contact ou les inscriptions \u00e0 la newsletter<\/li><li data-start=\"1232\" data-end=\"1312\">Donn\u00e9es techniques telles que l'adresse IP et le type de navigateur (fonctionnalit\u00e9 de base du site Web)<\/li><\/ul>\t\t\t\t\t\t\t\t<\/div>\n\t\t\t\t<\/div>\n\t\t\t\t<div class=\"elementor-element elementor-element-b3b0071 elementor-widget elementor-widget-heading\" data-id=\"b3b0071\" data-element_type=\"widget\" data-widget_type=\"heading.default\">\n\t\t\t\t<div class=\"elementor-widget-container\">\n\t\t\t\t\t<h4 class=\"elementor-heading-title elementor-size-default\">Comment nous utilisons vos donn\u00e9es<\/h4>\t\t\t\t<\/div>\n\t\t\t\t<\/div>\n\t\t\t\t<div class=\"elementor-element elementor-element-ab53a84 elementor-widget elementor-widget-text-editor\" data-id=\"ab53a84\" data-element_type=\"widget\" data-widget_type=\"text-editor.default\">\n\t\t\t\t<div class=\"elementor-widget-container\">\n\t\t\t\t\t\t\t\t\t<p data-start=\"1343\" data-end=\"1400\">Nous traitons vos donn\u00e9es personnelles aux fins suivantes :<\/p><ul><li data-start=\"1403\" data-end=\"1449\">Pour r\u00e9pondre aux demandes et aux demandes de contact<\/li><li data-start=\"1452\" data-end=\"1522\">Pour fournir des devis ou des informations sur nos produits et services<\/li><li data-start=\"1525\" data-end=\"1581\">Pour envoyer des newsletters et mises \u00e0 jour si vous vous \u00eates abonn\u00e9<\/li><li data-start=\"1584\" data-end=\"1643\">Pour assurer le bon fonctionnement technique du site web<\/li><\/ul>\t\t\t\t\t\t\t\t<\/div>\n\t\t\t\t<\/div>\n\t\t\t\t<div class=\"elementor-element elementor-element-7dde5ec elementor-widget elementor-widget-heading\" data-id=\"7dde5ec\" data-element_type=\"widget\" data-widget_type=\"heading.default\">\n\t\t\t\t<div class=\"elementor-widget-container\">\n\t\t\t\t\t<h4 class=\"elementor-heading-title elementor-size-default\">Base juridique du traitement<\/h4>\t\t\t\t<\/div>\n\t\t\t\t<\/div>\n\t\t\t\t<div class=\"elementor-element elementor-element-ba3756d elementor-widget elementor-widget-text-editor\" data-id=\"ba3756d\" data-element_type=\"widget\" data-widget_type=\"text-editor.default\">\n\t\t\t\t<div class=\"elementor-widget-container\">\n\t\t\t\t\t\t\t\t\t<p data-start=\"1680\" data-end=\"1714\">Nous traitons les donn\u00e9es personnelles sur la base de :<\/p><ul><li data-start=\"1717\" data-end=\"1792\">Votre consentement (par exemple, lors de la soumission d'un formulaire ou de l'abonnement \u00e0 une newsletter)<\/li><li data-start=\"1795\" data-end=\"1854\">Int\u00e9r\u00eat l\u00e9gitime (par exemple, r\u00e9pondre aux demandes commerciales)<\/li><\/ul>\t\t\t\t\t\t\t\t<\/div>\n\t\t\t\t<\/div>\n\t\t\t\t<div class=\"elementor-element elementor-element-0a4b67c elementor-widget elementor-widget-heading\" data-id=\"0a4b67c\" data-element_type=\"widget\" data-widget_type=\"heading.default\">\n\t\t\t\t<div class=\"elementor-widget-container\">\n\t\t\t\t\t<h4 class=\"elementor-heading-title elementor-size-default\">Stockage et conservation des donn\u00e9es<\/h4>\t\t\t\t<\/div>\n\t\t\t\t<\/div>\n\t\t\t\t<div class=\"elementor-element elementor-element-b632d54 elementor-widget elementor-widget-text-editor\" data-id=\"b632d54\" data-element_type=\"widget\" data-widget_type=\"text-editor.default\">\n\t\t\t\t<div class=\"elementor-widget-container\">\n\t\t\t\t\t\t\t\t\t<p data-start=\"1680\" data-end=\"1714\">Vos donn\u00e9es personnelles sont conserv\u00e9es uniquement aussi longtemps que n\u00e9cessaire pour l'accomplissement de la finalit\u00e9 pour laquelle elles ont \u00e9t\u00e9 collect\u00e9es ou pour se conformer aux obligations l\u00e9gales.<\/p>\t\t\t\t\t\t\t\t<\/div>\n\t\t\t\t<\/div>\n\t\t\t\t<\/div>\n\t\t\t\t\t<\/div>\n\t\t\t\t<\/div>\n\t\t<div class=\"elementor-element elementor-element-2mq2xus e-flex e-con-boxed e-con e-parent\" data-id=\"2mq2xus\" data-element_type=\"container\">\n\t\t\t\t\t<div class=\"e-con-inner\">\n\t\t<div class=\"elementor-element elementor-element-da25a79 e-con-full e-flex e-con e-child\" data-id=\"da25a79\" data-element_type=\"container\">\n\t\t\t\t<div class=\"elementor-element elementor-element-ba12a34 elementor-widget-divider--view-line elementor-widget elementor-widget-divider\" data-id=\"ba12a34\" data-element_type=\"widget\" data-widget_type=\"divider.default\">\n\t\t\t\t<div class=\"elementor-widget-container\">\n\t\t\t\t\t\t\t<div class=\"elementor-divider\">\n\t\t\t<span class=\"elementor-divider-separator\">\n\t\t\t\t\t\t<\/span>\n\t\t<\/div>\n\t\t\t\t\t\t<\/div>\n\t\t\t\t<\/div>\n\t\t\t\t<div class=\"elementor-element elementor-element-93ae8cb elementor-widget elementor-widget-heading\" data-id=\"93ae8cb\" data-element_type=\"widget\" data-widget_type=\"heading.default\">\n\t\t\t\t<div class=\"elementor-widget-container\">\n\t\t\t\t\t<h3 class=\"elementor-heading-title elementor-size-default\">Politique en mati\u00e8re de cookies<\/h3>\t\t\t\t<\/div>\n\t\t\t\t<\/div>\n\t\t\t\t<div class=\"elementor-element elementor-element-aa86baf elementor-widget elementor-widget-text-editor\" data-id=\"aa86baf\" data-element_type=\"widget\" data-widget_type=\"text-editor.default\">\n\t\t\t\t<div class=\"elementor-widget-container\">\n\t\t\t\t\t\t\t\t\t<p data-start=\"2065\" data-end=\"2148\">Ce site web utilise des cookies pour assurer les fonctionnalit\u00e9s de base et une bonne exp\u00e9rience utilisateur.<\/p>\t\t\t\t\t\t\t\t<\/div>\n\t\t\t\t<\/div>\n\t\t\t\t<div class=\"elementor-element elementor-element-85e76d4 elementor-widget elementor-widget-heading\" data-id=\"85e76d4\" data-element_type=\"widget\" data-widget_type=\"heading.default\">\n\t\t\t\t<div class=\"elementor-widget-container\">\n\t\t\t\t\t<h4 class=\"elementor-heading-title elementor-size-default\">Types de cookies utilis\u00e9s<\/h4>\t\t\t\t<\/div>\n\t\t\t\t<\/div>\n\t\t\t\t<div class=\"elementor-element elementor-element-12be2de elementor-widget elementor-widget-text-editor\" data-id=\"12be2de\" data-element_type=\"widget\" data-widget_type=\"text-editor.default\">\n\t\t\t\t<div class=\"elementor-widget-container\">\n\t\t\t\t\t\t\t\t\t<ul><li data-start=\"2182\" data-end=\"2253\"><strong data-start=\"2182\" data-end=\"2204\">Cookies n\u00e9cessaires :<\/strong> Requis pour le bon fonctionnement du site web<\/li><li data-start=\"2256\" data-end=\"2328\"><strong data-start=\"2256\" data-end=\"2289\">Cookies fonctionnels de WordPress :<\/strong> Utilis\u00e9 pour g\u00e9rer les op\u00e9rations de base du site<\/li><\/ul><p data-start=\"2330\" data-end=\"2514\">Nous n'utilisons pas intentionnellement de cookies marketing ou de suivi.<br data-start=\"2388\" data-end=\"2391\" \/>Si des cookies analytiques sont utilis\u00e9s par la fonctionnalit\u00e9 par d\u00e9faut de WordPress ou par des plugins, leur utilisation est limit\u00e9e \u00e0 des usages basiques et non invasifs.<\/p><p data-start=\"2516\" data-end=\"2649\">Vous pouvez g\u00e9rer ou d\u00e9sactiver les cookies via les param\u00e8tres de votre navigateur. Veuillez noter que la d\u00e9sactivation des cookies peut affecter les fonctionnalit\u00e9s du site web.<\/p>\t\t\t\t\t\t\t\t<\/div>\n\t\t\t\t<\/div>\n\t\t\t\t<\/div>\n\t\t\t\t\t<\/div>\n\t\t\t\t<\/div>\n\t\t<div class=\"elementor-element elementor-element-8e13dc3 e-flex e-con-boxed e-con e-parent\" data-id=\"8e13dc3\" data-element_type=\"container\">\n\t\t\t\t\t<div class=\"e-con-inner\">\n\t\t<div class=\"elementor-element elementor-element-5279583 e-con-full e-flex e-con e-child\" data-id=\"5279583\" data-element_type=\"container\">\n\t\t\t\t<div class=\"elementor-element elementor-element-82ed4eb elementor-widget-divider--view-line elementor-widget elementor-widget-divider\" data-id=\"82ed4eb\" data-element_type=\"widget\" data-widget_type=\"divider.default\">\n\t\t\t\t<div class=\"elementor-widget-container\">\n\t\t\t\t\t\t\t<div class=\"elementor-divider\">\n\t\t\t<span class=\"elementor-divider-separator\">\n\t\t\t\t\t\t<\/span>\n\t\t<\/div>\n\t\t\t\t\t\t<\/div>\n\t\t\t\t<\/div>\n\t\t\t\t<div class=\"elementor-element elementor-element-23b717e elementor-widget elementor-widget-heading\" data-id=\"23b717e\" data-element_type=\"widget\" data-widget_type=\"heading.default\">\n\t\t\t\t<div class=\"elementor-widget-container\">\n\t\t\t\t\t<h3 class=\"elementor-heading-title elementor-size-default\">Protection des donn\u00e9es et vos droits<\/h3>\t\t\t\t<\/div>\n\t\t\t\t<\/div>\n\t\t\t\t<div class=\"elementor-element elementor-element-3c4ad93 elementor-widget elementor-widget-text-editor\" data-id=\"3c4ad93\" data-element_type=\"widget\" data-widget_type=\"text-editor.default\">\n\t\t\t\t<div class=\"elementor-widget-container\">\n\t\t\t\t\t\t\t\t\t<p data-start=\"2065\" data-end=\"2148\">Ce site web utilise des cookies pour assurer les fonctionnalit\u00e9s de base et une bonne exp\u00e9rience utilisateur.<\/p>\t\t\t\t\t\t\t\t<\/div>\n\t\t\t\t<\/div>\n\t\t\t\t<div class=\"elementor-element elementor-element-4f0928a elementor-widget elementor-widget-heading\" data-id=\"4f0928a\" data-element_type=\"widget\" data-widget_type=\"heading.default\">\n\t\t\t\t<div class=\"elementor-widget-container\">\n\t\t\t\t\t<h4 class=\"elementor-heading-title elementor-size-default\">Conform\u00e9ment au RGPD, vous avez le droit :<\/h4>\t\t\t\t<\/div>\n\t\t\t\t<\/div>\n\t\t\t\t<div class=\"elementor-element elementor-element-74111e0 elementor-widget elementor-widget-text-editor\" data-id=\"74111e0\" data-element_type=\"widget\" data-widget_type=\"text-editor.default\">\n\t\t\t\t<div class=\"elementor-widget-container\">\n\t\t\t\t\t\t\t\t\t<ul><li data-start=\"2731\" data-end=\"2769\">Demander l'acc\u00e8s \u00e0 vos donn\u00e9es personnelles<\/li><li data-start=\"2772\" data-end=\"2817\">Demande de correction ou de suppression de vos donn\u00e9es<\/li><li data-start=\"2820\" data-end=\"2850\">Retirer son consentement \u00e0 tout moment<\/li><li data-start=\"2853\" data-end=\"2887\">S'opposer au traitement ou en restreindre l'utilisation<\/li><li data-start=\"2890\" data-end=\"2937\">Porter plainte aupr\u00e8s d'une autorit\u00e9 de surveillance<\/li><\/ul>\t\t\t\t\t\t\t\t<\/div>\n\t\t\t\t<\/div>\n\t\t\t\t<\/div>\n\t\t\t\t\t<\/div>\n\t\t\t\t<\/div>\n\t\t<div class=\"elementor-element elementor-element-fecfa16 e-flex e-con-boxed e-con e-parent\" data-id=\"fecfa16\" data-element_type=\"container\">\n\t\t\t\t\t<div class=\"e-con-inner\">\n\t\t<div class=\"elementor-element elementor-element-46736fe e-con-full e-flex e-con e-child\" data-id=\"46736fe\" data-element_type=\"container\">\n\t\t\t\t<div class=\"elementor-element elementor-element-a6e33e3 elementor-widget-divider--view-line elementor-widget elementor-widget-divider\" data-id=\"a6e33e3\" data-element_type=\"widget\" data-widget_type=\"divider.default\">\n\t\t\t\t<div class=\"elementor-widget-container\">\n\t\t\t\t\t\t\t<div class=\"elementor-divider\">\n\t\t\t<span class=\"elementor-divider-separator\">\n\t\t\t\t\t\t<\/span>\n\t\t<\/div>\n\t\t\t\t\t\t<\/div>\n\t\t\t\t<\/div>\n\t\t\t\t<div class=\"elementor-element elementor-element-c1eb9e4 elementor-widget elementor-widget-heading\" data-id=\"c1eb9e4\" data-element_type=\"widget\" data-widget_type=\"heading.default\">\n\t\t\t\t<div class=\"elementor-widget-container\">\n\t\t\t\t\t<h3 class=\"elementor-heading-title elementor-size-default\">Newsletter Communication<\/h3>\t\t\t\t<\/div>\n\t\t\t\t<\/div>\n\t\t\t\t<div class=\"elementor-element elementor-element-ab23819 elementor-widget elementor-widget-text-editor\" data-id=\"ab23819\" data-element_type=\"widget\" data-widget_type=\"text-editor.default\">\n\t\t\t\t<div class=\"elementor-widget-container\">\n\t\t\t\t\t\t\t\t\t<p data-start=\"2065\" data-end=\"2148\">Si vous vous inscrivez \u00e0 notre newsletter, nous utiliserons uniquement votre adresse e-mail pour vous envoyer des mises \u00e0 jour pertinentes de l'entreprise, des informations sur les produits ou des nouvelles du secteur.<br data-start=\"3197\" data-end=\"3200\" \/>Vous pouvez vous d\u00e9sabonner \u00e0 tout moment en utilisant le lien fourni dans chaque e-mail.<\/p>\t\t\t\t\t\t\t\t<\/div>\n\t\t\t\t<\/div>\n\t\t\t\t<\/div>\n\t\t\t\t\t<\/div>\n\t\t\t\t<\/div>\n\t\t<div class=\"elementor-element elementor-element-87df85c e-flex e-con-boxed e-con e-parent\" data-id=\"87df85c\" data-element_type=\"container\">\n\t\t\t\t\t<div class=\"e-con-inner\">\n\t\t<div class=\"elementor-element elementor-element-6bafb9f e-con-full e-flex e-con e-child\" data-id=\"6bafb9f\" data-element_type=\"container\">\n\t\t\t\t<div class=\"elementor-element elementor-element-f942642 elementor-widget-divider--view-line elementor-widget elementor-widget-divider\" data-id=\"f942642\" data-element_type=\"widget\" data-widget_type=\"divider.default\">\n\t\t\t\t<div class=\"elementor-widget-container\">\n\t\t\t\t\t\t\t<div class=\"elementor-divider\">\n\t\t\t<span class=\"elementor-divider-separator\">\n\t\t\t\t\t\t<\/span>\n\t\t<\/div>\n\t\t\t\t\t\t<\/div>\n\t\t\t\t<\/div>\n\t\t\t\t<div class=\"elementor-element elementor-element-7a1169d elementor-widget elementor-widget-heading\" data-id=\"7a1169d\" data-element_type=\"widget\" data-widget_type=\"heading.default\">\n\t\t\t\t<div class=\"elementor-widget-container\">\n\t\t\t\t\t<h3 class=\"elementor-heading-title elementor-size-default\">Conditions d'utilisation du site web<\/h3>\t\t\t\t<\/div>\n\t\t\t\t<\/div>\n\t\t\t\t<div class=\"elementor-element elementor-element-1683a12 elementor-widget elementor-widget-text-editor\" data-id=\"1683a12\" data-element_type=\"widget\" data-widget_type=\"text-editor.default\">\n\t\t\t\t<div class=\"elementor-widget-container\">\n\t\t\t\t\t\t\t\t\t<p data-start=\"3306\" data-end=\"3476\">Le contenu de ce site Web est fourni \u00e0 titre d'information g\u00e9n\u00e9rale seulement.<br data-start=\"3386\" data-end=\"3389\" \/>NovaTork Europe se r\u00e9serve le droit de mettre \u00e0 jour, de modifier ou de supprimer du contenu sans pr\u00e9avis.<\/p><p data-start=\"3478\" data-end=\"3612\">Tous les textes, images et mat\u00e9riels de ce site web sont la propri\u00e9t\u00e9 de NovaTork Europe ou de ses partenaires et ne peuvent \u00eatre utilis\u00e9s sans autorisation.<\/p>\t\t\t\t\t\t\t\t<\/div>\n\t\t\t\t<\/div>\n\t\t\t\t<\/div>\n\t\t\t\t\t<\/div>\n\t\t\t\t<\/div>\n\t\t<div class=\"elementor-element elementor-element-xizxaoz e-flex e-con-boxed e-con e-parent\" data-id=\"xizxaoz\" data-element_type=\"container\">\n\t\t\t\t\t<div class=\"e-con-inner\">\n\t\t<div class=\"elementor-element elementor-element-6a074bd e-con-full e-flex e-con e-child\" data-id=\"6a074bd\" data-element_type=\"container\">\n\t\t\t\t<div class=\"elementor-element elementor-element-255363f elementor-widget elementor-widget-heading\" data-id=\"255363f\" data-element_type=\"widget\" data-widget_type=\"heading.default\">\n\t\t\t\t<div class=\"elementor-widget-container\">\n\t\t\t\t\t<h3 class=\"elementor-heading-title elementor-size-default\">Besoin d'aide pour des solutions industrielles plus simples ? Nous sommes des experts !<\/h3>\t\t\t\t<\/div>\n\t\t\t\t<\/div>\n\t\t\t\t<\/div>\n\t\t<div class=\"elementor-element elementor-element-79dd546 e-con-full e-flex e-con e-child\" data-id=\"79dd546\" data-element_type=\"container\">\n\t\t\t\t<div class=\"elementor-element elementor-element-058ba8b elementor-align-right elementor-widget elementor-widget-button\" data-id=\"058ba8b\" data-element_type=\"widget\" data-widget_type=\"button.default\">\n\t\t\t\t<div class=\"elementor-widget-container\">\n\t\t\t\t\t\t\t\t\t<div class=\"elementor-button-wrapper\">\n\t\t\t\t\t<a class=\"elementor-button elementor-button-link elementor-size-sm\" href=\"#\">\n\t\t\t\t\t\t<span class=\"elementor-button-content-wrapper\">\n\t\t\t\t\t\t\t\t\t<span class=\"elementor-button-text\">En savoir plus<\/span>\n\t\t\t\t\t<\/span>\n\t\t\t\t\t<\/a>\n\t\t\t\t<\/div>\n\t\t\t\t\t\t\t\t<\/div>\n\t\t\t\t<\/div>\n\t\t\t\t<\/div>\n\t\t\t\t\t<\/div>\n\t\t\t\t<\/div>\n\t\t\t\t<\/div>","protected":false},"excerpt":{"rendered":"<p>Legal Information &amp; Privacy Company Information This website is operated by: NovaTork EuropeOrganisation number: 556448-8913VAT number: SE556448891301EORI number: SE5564488913 Invoice &amp; postal address:Buregatan 1441 51 Alings\u00e5sSweden Email: info@novatork.euPhone: +46 (0)322 61 14 66 Privacy Policy NovaTork Europe respects your privacy and is committed to protecting your personal data in accordance with the General Data Protection [&hellip;]<\/p>\n","protected":false},"author":1,"featured_media":0,"parent":0,"menu_order":0,"comment_status":"closed","ping_status":"closed","template":"","meta":{"_monsterinsights_skip_tracking":false,"_monsterinsights_sitenote_active":false,"_monsterinsights_sitenote_note":"","_monsterinsights_sitenote_category":0,"site-sidebar-layout":"no-sidebar","site-content-layout":"page-builder","ast-site-content-layout":"full-width-container","site-content-style":"default","site-sidebar-style":"default","ast-global-header-display":"","ast-banner-title-visibility":"","ast-main-header-display":"","ast-hfb-above-header-display":"","ast-hfb-below-header-display":"","ast-hfb-mobile-header-display":"","site-post-title":"disabled","ast-breadcrumbs-content":"","ast-featured-img":"disabled","footer-sml-layout":"","ast-disable-related-posts":"","theme-transparent-header-meta":"","adv-header-id-meta":"","stick-header-meta":"","header-above-stick-meta":"","header-main-stick-meta":"","header-below-stick-meta":"","astra-migrate-meta-layouts":"set","ast-page-background-enabled":"default","ast-page-background-meta":{"desktop":{"background-color":"","background-image":"","background-repeat":"repeat","background-position":"center center","background-size":"auto","background-attachment":"scroll","background-type":"","background-media":"","overlay-type":"","overlay-color":"","overlay-opacity":"","overlay-gradient":""},"tablet":{"background-color":"","background-image":"","background-repeat":"repeat","background-position":"center center","background-size":"auto","background-attachment":"scroll","background-type":"","background-media":"","overlay-type":"","overlay-color":"","overlay-opacity":"","overlay-gradient":""},"mobile":{"background-color":"","background-image":"","background-repeat":"repeat","background-position":"center center","background-size":"auto","background-attachment":"scroll","background-type":"","background-media":"","overlay-type":"","overlay-color":"","overlay-opacity":"","overlay-gradient":""}},"ast-content-background-meta":{"desktop":{"background-color":"var(--ast-global-color-5)","background-image":"","background-repeat":"repeat","background-position":"center center","background-size":"auto","background-attachment":"scroll","background-type":"","background-media":"","overlay-type":"","overlay-color":"","overlay-opacity":"","overlay-gradient":""},"tablet":{"background-color":"var(--ast-global-color-5)","background-image":"","background-repeat":"repeat","background-position":"center center","background-size":"auto","background-attachment":"scroll","background-type":"","background-media":"","overlay-type":"","overlay-color":"","overlay-opacity":"","overlay-gradient":""},"mobile":{"background-color":"var(--ast-global-color-5)","background-image":"","background-repeat":"repeat","background-position":"center center","background-size":"auto","background-attachment":"scroll","background-type":"","background-media":"","overlay-type":"","overlay-color":"","overlay-opacity":"","overlay-gradient":""}},"footnotes":""},"class_list":["post-1675","page","type-page","status-publish","hentry"],"aioseo_notices":[],"_links":{"self":[{"href":"https:\/\/novatork.eu\/fr\/wp-json\/wp\/v2\/pages\/1675","targetHints":{"allow":["GET"]}}],"collection":[{"href":"https:\/\/novatork.eu\/fr\/wp-json\/wp\/v2\/pages"}],"about":[{"href":"https:\/\/novatork.eu\/fr\/wp-json\/wp\/v2\/types\/page"}],"author":[{"embeddable":true,"href":"https:\/\/novatork.eu\/fr\/wp-json\/wp\/v2\/users\/1"}],"replies":[{"embeddable":true,"href":"https:\/\/novatork.eu\/fr\/wp-json\/wp\/v2\/comments?post=1675"}],"version-history":[{"count":10,"href":"https:\/\/novatork.eu\/fr\/wp-json\/wp\/v2\/pages\/1675\/revisions"}],"predecessor-version":[{"id":1759,"href":"https:\/\/novatork.eu\/fr\/wp-json\/wp\/v2\/pages\/1675\/revisions\/1759"}],"wp:attachment":[{"href":"https:\/\/novatork.eu\/fr\/wp-json\/wp\/v2\/media?parent=1675"}],"curies":[{"name":"wp","href":"https:\/\/api.w.org\/{rel}","templated":true}]}}