{"id":620,"date":"2026-01-19T21:06:40","date_gmt":"2026-01-19T21:06:40","guid":{"rendered":"https:\/\/novatork.eu\/projects\/"},"modified":"2026-02-23T08:40:23","modified_gmt":"2026-02-23T08:40:23","slug":"services","status":"publish","type":"page","link":"https:\/\/novatork.eu\/es\/services\/","title":{"rendered":"Servicios"},"content":{"rendered":"<div data-elementor-type=\"wp-post\" data-elementor-id=\"620\" class=\"elementor elementor-620\">\n\t\t\t\t<div class=\"elementor-element elementor-element-d498350 e-flex e-con-boxed e-con e-parent\" data-id=\"d498350\" data-element_type=\"container\" data-settings=\"{&quot;background_background&quot;:&quot;classic&quot;}\">\n\t\t\t\t\t<div class=\"e-con-inner\">\n\t\t<div class=\"elementor-element elementor-element-9598dd3 e-con-full e-flex e-con e-child\" data-id=\"9598dd3\" data-element_type=\"container\">\n\t\t\t\t<div class=\"elementor-element elementor-element-13ed86a elementor-widget elementor-widget-heading\" data-id=\"13ed86a\" data-element_type=\"widget\" data-widget_type=\"heading.default\">\n\t\t\t\t<div class=\"elementor-widget-container\">\n\t\t\t\t\t<h1 class=\"elementor-heading-title elementor-size-default\">Servicios Especiales<\/h1>\t\t\t\t<\/div>\n\t\t\t\t<\/div>\n\t\t\t\t<\/div>\n\t\t\t\t\t<\/div>\n\t\t\t\t<\/div>\n\t\t<div class=\"elementor-element elementor-element-9970c2d e-flex e-con-boxed e-con e-parent\" data-id=\"9970c2d\" data-element_type=\"container\">\n\t\t\t\t\t<div class=\"e-con-inner\">\n\t\t\t\t<div class=\"elementor-element elementor-element-52b2189 elementor-widget elementor-widget-image\" data-id=\"52b2189\" data-element_type=\"widget\" data-widget_type=\"image.default\">\n\t\t\t\t<div class=\"elementor-widget-container\">\n\t\t\t\t\t\t\t\t\t\t\t\t\t\t\t<img decoding=\"async\" width=\"205\" height=\"44\" src=\"https:\/\/novatork.eu\/wp-content\/uploads\/2026\/01\/Skarmbild-2026-01-19-171820.png\" class=\"attachment-large size-large wp-image-550\" alt=\"sk\u00e4rmbild 2026 01 19 171820\" srcset=\"https:\/\/novatork.eu\/wp-content\/uploads\/2026\/01\/Skarmbild-2026-01-19-171820.png 205w, https:\/\/novatork.eu\/wp-content\/uploads\/2026\/01\/Skarmbild-2026-01-19-171820-18x4.png 18w\" sizes=\"(max-width: 205px) 100vw, 205px\" title=\"Servicios\">\t\t\t\t\t\t\t\t\t\t\t\t\t\t\t<\/div>\n\t\t\t\t<\/div>\n\t\t\t\t<div class=\"elementor-element elementor-element-9bfb614 elementor-widget elementor-widget-heading\" data-id=\"9bfb614\" data-element_type=\"widget\" data-widget_type=\"heading.default\">\n\t\t\t\t<div class=\"elementor-widget-container\">\n\t\t\t\t\t<h2 class=\"elementor-heading-title elementor-size-default\">Servicios Especiales<\/h2>\t\t\t\t<\/div>\n\t\t\t\t<\/div>\n\t\t\t\t\t<\/div>\n\t\t\t\t<\/div>\n\t\t\t\t<section class=\"elementor-section elementor-top-section elementor-element elementor-element-yeixb3s elementor-section-content-top elementor-section-boxed elementor-section-height-default elementor-section-height-default\" data-id=\"yeixb3s\" data-element_type=\"section\" data-settings=\"{&quot;background_background&quot;:&quot;classic&quot;}\">\n\t\t\t\t\t\t\t<div class=\"elementor-background-overlay\"><\/div>\n\t\t\t\t\t\t\t<div class=\"elementor-container elementor-column-gap-no\">\n\t\t\t\t\t<div class=\"elementor-column elementor-col-33 elementor-top-column elementor-element elementor-element-dae59b1\" data-id=\"dae59b1\" data-element_type=\"column\">\n\t\t\t<div class=\"elementor-widget-wrap elementor-element-populated\">\n\t\t\t\t\t\t<div class=\"elementor-element elementor-element-59109b5 elementor-widget elementor-widget-heading\" data-id=\"59109b5\" data-element_type=\"widget\" data-widget_type=\"heading.default\">\n\t\t\t\t<div class=\"elementor-widget-container\">\n\t\t\t\t\t<h3 class=\"elementor-heading-title elementor-size-default\">Preventa<\/h3>\t\t\t\t<\/div>\n\t\t\t\t<\/div>\n\t\t\t\t<div class=\"elementor-element elementor-element-c163e08 elementor-widget elementor-widget-text-editor\" data-id=\"c163e08\" data-element_type=\"widget\" data-widget_type=\"text-editor.default\">\n\t\t\t\t<div class=\"elementor-widget-container\">\n\t\t\t\t\t\t\t\t\t<p>\u25cf Comprender las necesidades del cliente y recomendar herramientas de torsi\u00f3n;<\/p><p>\u25cf Seminarios de entrenamiento de torque<\/p>\t\t\t\t\t\t\t\t<\/div>\n\t\t\t\t<\/div>\n\t\t\t\t\t<\/div>\n\t\t<\/div>\n\t\t\t\t<div class=\"elementor-column elementor-col-33 elementor-top-column elementor-element elementor-element-690ed9e\" data-id=\"690ed9e\" data-element_type=\"column\">\n\t\t\t<div class=\"elementor-widget-wrap elementor-element-populated\">\n\t\t\t\t\t\t<div class=\"elementor-element elementor-element-7ab8eba elementor-widget elementor-widget-heading\" data-id=\"7ab8eba\" data-element_type=\"widget\" data-widget_type=\"heading.default\">\n\t\t\t\t<div class=\"elementor-widget-container\">\n\t\t\t\t\t<h3 class=\"elementor-heading-title elementor-size-default\">Postventa<\/h3>\t\t\t\t<\/div>\n\t\t\t\t<\/div>\n\t\t\t\t<div class=\"elementor-element elementor-element-5e382e9 elementor-widget elementor-widget-text-editor\" data-id=\"5e382e9\" data-element_type=\"widget\" data-widget_type=\"text-editor.default\">\n\t\t\t\t<div class=\"elementor-widget-container\">\n\t\t\t\t\t\t\t\t\t<p>\u25cf Calibraci\u00f3n gratuita dentro de 1 a\u00f1o para usuarios dom\u00e9sticos;<br \/><br \/>\u25cf Suministro de repuestos<\/p>\t\t\t\t\t\t\t\t<\/div>\n\t\t\t\t<\/div>\n\t\t\t\t\t<\/div>\n\t\t<\/div>\n\t\t\t\t<div class=\"elementor-column elementor-col-33 elementor-top-column elementor-element elementor-element-a8709b1\" data-id=\"a8709b1\" data-element_type=\"column\">\n\t\t\t<div class=\"elementor-widget-wrap elementor-element-populated\">\n\t\t\t\t\t\t<div class=\"elementor-element elementor-element-25c9e7a elementor-widget elementor-widget-heading\" data-id=\"25c9e7a\" data-element_type=\"widget\" data-widget_type=\"heading.default\">\n\t\t\t\t<div class=\"elementor-widget-container\">\n\t\t\t\t\t<h3 class=\"elementor-heading-title elementor-size-default\">Personalizaci\u00f3n<\/h3>\t\t\t\t<\/div>\n\t\t\t\t<\/div>\n\t\t\t\t<div class=\"elementor-element elementor-element-0e64f90 elementor-widget elementor-widget-text-editor\" data-id=\"0e64f90\" data-element_type=\"widget\" data-widget_type=\"text-editor.default\">\n\t\t\t\t<div class=\"elementor-widget-container\">\n\t\t\t\t\t\t\t\t\t<p>\u25cf Personalizaci\u00f3n del producto seg\u00fan las condiciones de trabajo, proporcionando soluciones para estaciones de trabajo, funciones y espacios especiales.<\/p>\t\t\t\t\t\t\t\t<\/div>\n\t\t\t\t<\/div>\n\t\t\t\t\t<\/div>\n\t\t<\/div>\n\t\t\t\t\t<\/div>\n\t\t<\/section>\n\t\t<div class=\"elementor-element elementor-element-ecc8337 e-flex e-con-boxed e-con e-parent\" data-id=\"ecc8337\" data-element_type=\"container\">\n\t\t\t\t\t<div class=\"e-con-inner\">\n\t\t\t\t<div class=\"elementor-element elementor-element-e9a6cc3 elementor-widget elementor-widget-heading\" data-id=\"e9a6cc3\" data-element_type=\"widget\" data-widget_type=\"heading.default\">\n\t\t\t\t<div class=\"elementor-widget-container\">\n\t\t\t\t\t<h2 class=\"elementor-heading-title elementor-size-default\">Soluciones de Torque y Aplicaciones Inal\u00e1mbricas Inteligentes<\/h2>\t\t\t\t<\/div>\n\t\t\t\t<\/div>\n\t\t\t\t<div class=\"elementor-element elementor-element-fb4d5c1 elementor-widget elementor-widget-text-editor\" data-id=\"fb4d5c1\" data-element_type=\"widget\" data-widget_type=\"text-editor.default\">\n\t\t\t\t<div class=\"elementor-widget-container\">\n\t\t\t\t\t\t\t\t\t<p>Novatork empodera a las industrias para conquistar desaf\u00edos de torque a nivel mundial.<br \/>Hoy, las Soluciones Inal\u00e1mbricas Inteligentes de Novatork est\u00e1n implementadas<br \/>como tecnolog\u00eda de punta en aplicaciones empresariales.<\/p>\t\t\t\t\t\t\t\t<\/div>\n\t\t\t\t<\/div>\n\t\t\t\t\t<\/div>\n\t\t\t\t<\/div>\n\t\t<div class=\"elementor-element elementor-element-bcaf74e e-flex e-con-boxed e-con e-parent\" data-id=\"bcaf74e\" data-element_type=\"container\" data-settings=\"{&quot;background_background&quot;:&quot;classic&quot;}\">\n\t\t\t\t\t<div class=\"e-con-inner\">\n\t\t<div class=\"elementor-element elementor-element-cef23ca e-con-full e-flex e-con e-child\" data-id=\"cef23ca\" data-element_type=\"container\">\n\t\t\t\t<div class=\"elementor-element elementor-element-6efe4a3 elementor-widget elementor-widget-image\" data-id=\"6efe4a3\" data-element_type=\"widget\" data-widget_type=\"image.default\">\n\t\t\t\t<div class=\"elementor-widget-container\">\n\t\t\t\t\t\t\t\t\t\t\t\t\t\t\t<img fetchpriority=\"high\" decoding=\"async\" width=\"400\" height=\"300\" src=\"https:\/\/novatork.eu\/wp-content\/uploads\/2026\/02\/auto.png\" class=\"attachment-full size-full wp-image-1773\" alt=\"auto\" srcset=\"https:\/\/novatork.eu\/wp-content\/uploads\/2026\/02\/auto.png 400w, https:\/\/novatork.eu\/wp-content\/uploads\/2026\/02\/auto-300x225.png 300w, https:\/\/novatork.eu\/wp-content\/uploads\/2026\/02\/auto-16x12.png 16w\" sizes=\"(max-width: 400px) 100vw, 400px\" title=\"Servicios\">\t\t\t\t\t\t\t\t\t\t\t\t\t\t\t<\/div>\n\t\t\t\t<\/div>\n\t\t\t\t<div class=\"elementor-element elementor-element-5faea9f elementor-widget elementor-widget-heading\" data-id=\"5faea9f\" data-element_type=\"widget\" data-widget_type=\"heading.default\">\n\t\t\t\t<div class=\"elementor-widget-container\">\n\t\t\t\t\t<h4 class=\"elementor-heading-title elementor-size-default\">Automoci\u00f3n<\/h4>\t\t\t\t<\/div>\n\t\t\t\t<\/div>\n\t\t\t\t<div class=\"elementor-element elementor-element-2ac1043 elementor-widget elementor-widget-text-editor\" data-id=\"2ac1043\" data-element_type=\"widget\" data-widget_type=\"text-editor.default\">\n\t\t\t\t<div class=\"elementor-widget-container\">\n\t\t\t\t\t\t\t\t\t<p>La producci\u00f3n de autom\u00f3viles exige repetibilidad, velocidad y precisi\u00f3n en l\u00edneas de montaje de gran volumen. Ayudamos a los fabricantes con un control de par fiable que reduce los errores y mejora la eficiencia general.<\/p>\t\t\t\t\t\t\t\t<\/div>\n\t\t\t\t<\/div>\n\t\t\t\t<\/div>\n\t\t<div class=\"elementor-element elementor-element-a169617 e-con-full e-flex e-con e-child\" data-id=\"a169617\" data-element_type=\"container\">\n\t\t\t\t<div class=\"elementor-element elementor-element-f182e28 elementor-widget elementor-widget-image\" data-id=\"f182e28\" data-element_type=\"widget\" data-widget_type=\"image.default\">\n\t\t\t\t<div class=\"elementor-widget-container\">\n\t\t\t\t\t\t\t\t\t\t\t\t\t\t\t<img decoding=\"async\" width=\"400\" height=\"300\" src=\"https:\/\/novatork.eu\/wp-content\/uploads\/2026\/02\/aero.png\" class=\"attachment-full size-full wp-image-1776\" alt=\"aero\" srcset=\"https:\/\/novatork.eu\/wp-content\/uploads\/2026\/02\/aero.png 400w, https:\/\/novatork.eu\/wp-content\/uploads\/2026\/02\/aero-300x225.png 300w, https:\/\/novatork.eu\/wp-content\/uploads\/2026\/02\/aero-16x12.png 16w\" sizes=\"(max-width: 400px) 100vw, 400px\" title=\"Servicios\">\t\t\t\t\t\t\t\t\t\t\t\t\t\t\t<\/div>\n\t\t\t\t<\/div>\n\t\t\t\t<div class=\"elementor-element elementor-element-a6ac5d6 elementor-widget elementor-widget-heading\" data-id=\"a6ac5d6\" data-element_type=\"widget\" data-widget_type=\"heading.default\">\n\t\t\t\t<div class=\"elementor-widget-container\">\n\t\t\t\t\t<h4 class=\"elementor-heading-title elementor-size-default\">Aeroespacial<\/h4>\t\t\t\t<\/div>\n\t\t\t\t<\/div>\n\t\t\t\t<div class=\"elementor-element elementor-element-4f93f69 elementor-widget elementor-widget-text-editor\" data-id=\"4f93f69\" data-element_type=\"widget\" data-widget_type=\"text-editor.default\">\n\t\t\t\t<div class=\"elementor-widget-container\">\n\t\t\t\t\t\t\t\t\t<p>La precisi\u00f3n, la seguridad y la trazabilidad son esenciales en el montaje y el mantenimiento aeroespacial. Nuestras soluciones de par de apriete ayudan a garantizar que cada operaci\u00f3n de fijaci\u00f3n cumpla las estrictas normas de calidad y los requisitos normativos.<\/p>\t\t\t\t\t\t\t\t<\/div>\n\t\t\t\t<\/div>\n\t\t\t\t<\/div>\n\t\t\t\t\t<\/div>\n\t\t\t\t<\/div>\n\t\t<div class=\"elementor-element elementor-element-4ba8344 e-flex e-con-boxed e-con e-parent\" data-id=\"4ba8344\" data-element_type=\"container\" data-settings=\"{&quot;background_background&quot;:&quot;classic&quot;}\">\n\t\t\t\t\t<div class=\"e-con-inner\">\n\t\t<div class=\"elementor-element elementor-element-0346b85 e-con-full e-flex e-con e-child\" data-id=\"0346b85\" data-element_type=\"container\">\n\t\t\t\t<div class=\"elementor-element elementor-element-0457f49 elementor-widget elementor-widget-image\" data-id=\"0457f49\" data-element_type=\"widget\" data-widget_type=\"image.default\">\n\t\t\t\t<div class=\"elementor-widget-container\">\n\t\t\t\t\t\t\t\t\t\t\t\t\t\t\t<img loading=\"lazy\" decoding=\"async\" width=\"400\" height=\"300\" src=\"https:\/\/novatork.eu\/wp-content\/uploads\/2026\/02\/energy.png\" class=\"attachment-full size-full wp-image-1774\" alt=\"energy\" srcset=\"https:\/\/novatork.eu\/wp-content\/uploads\/2026\/02\/energy.png 400w, https:\/\/novatork.eu\/wp-content\/uploads\/2026\/02\/energy-300x225.png 300w, https:\/\/novatork.eu\/wp-content\/uploads\/2026\/02\/energy-16x12.png 16w\" sizes=\"(max-width: 400px) 100vw, 400px\" title=\"Servicios\">\t\t\t\t\t\t\t\t\t\t\t\t\t\t\t<\/div>\n\t\t\t\t<\/div>\n\t\t\t\t<div class=\"elementor-element elementor-element-47dec90 elementor-widget elementor-widget-heading\" data-id=\"47dec90\" data-element_type=\"widget\" data-widget_type=\"heading.default\">\n\t\t\t\t<div class=\"elementor-widget-container\">\n\t\t\t\t\t<h4 class=\"elementor-heading-title elementor-size-default\">Energ\u00eda<\/h4>\t\t\t\t<\/div>\n\t\t\t\t<\/div>\n\t\t\t\t<div class=\"elementor-element elementor-element-5135834 elementor-widget elementor-widget-text-editor\" data-id=\"5135834\" data-element_type=\"widget\" data-widget_type=\"text-editor.default\">\n\t\t\t\t<div class=\"elementor-widget-container\">\n\t\t\t\t\t\t\t\t\t<p>Las aplicaciones energ\u00e9ticas suelen funcionar en entornos dif\u00edciles y de alta carga en los que la fiabilidad es fundamental. Nuestras soluciones de par proporcionan un rendimiento fiable para instalaciones de energ\u00eda e\u00f3lica, generaci\u00f3n de energ\u00eda y petr\u00f3leo y gas.<\/p>\t\t\t\t\t\t\t\t<\/div>\n\t\t\t\t<\/div>\n\t\t\t\t<\/div>\n\t\t<div class=\"elementor-element elementor-element-aa9418e e-con-full e-flex e-con e-child\" data-id=\"aa9418e\" data-element_type=\"container\">\n\t\t\t\t<div class=\"elementor-element elementor-element-0716cc4 elementor-widget elementor-widget-image\" data-id=\"0716cc4\" data-element_type=\"widget\" data-widget_type=\"image.default\">\n\t\t\t\t<div class=\"elementor-widget-container\">\n\t\t\t\t\t\t\t\t\t\t\t\t\t\t\t<img loading=\"lazy\" decoding=\"async\" width=\"400\" height=\"300\" src=\"https:\/\/novatork.eu\/wp-content\/uploads\/2026\/02\/rail.png\" class=\"attachment-full size-full wp-image-1775\" alt=\"rail\" srcset=\"https:\/\/novatork.eu\/wp-content\/uploads\/2026\/02\/rail.png 400w, https:\/\/novatork.eu\/wp-content\/uploads\/2026\/02\/rail-300x225.png 300w, https:\/\/novatork.eu\/wp-content\/uploads\/2026\/02\/rail-16x12.png 16w\" sizes=\"(max-width: 400px) 100vw, 400px\" title=\"Servicios\">\t\t\t\t\t\t\t\t\t\t\t\t\t\t\t<\/div>\n\t\t\t\t<\/div>\n\t\t\t\t<div class=\"elementor-element elementor-element-a9ba320 elementor-widget elementor-widget-heading\" data-id=\"a9ba320\" data-element_type=\"widget\" data-widget_type=\"heading.default\">\n\t\t\t\t<div class=\"elementor-widget-container\">\n\t\t\t\t\t<h4 class=\"elementor-heading-title elementor-size-default\">Ferrocarril<\/h4>\t\t\t\t<\/div>\n\t\t\t\t<\/div>\n\t\t\t\t<div class=\"elementor-element elementor-element-b292663 elementor-widget elementor-widget-text-editor\" data-id=\"b292663\" data-element_type=\"widget\" data-widget_type=\"text-editor.default\">\n\t\t\t\t<div class=\"elementor-widget-container\">\n\t\t\t\t\t\t\t\t\t<p>Los sistemas de ra\u00edles requieren conjuntos duraderos que funcionen con seguridad durante largos periodos de servicio. Ayudamos a los fabricantes y a los equipos de mantenimiento a asegurar los componentes cr\u00edticos con un control de par constante y preciso.<\/p>\t\t\t\t\t\t\t\t<\/div>\n\t\t\t\t<\/div>\n\t\t\t\t<\/div>\n\t\t\t\t\t<\/div>\n\t\t\t\t<\/div>\n\t\t\t\t<section class=\"elementor-section elementor-top-section elementor-element elementor-element-df735e2 elementor-section-content-middle elementor-section-boxed elementor-section-height-default elementor-section-height-default\" data-id=\"df735e2\" data-element_type=\"section\" data-settings=\"{&quot;background_background&quot;:&quot;classic&quot;}\">\n\t\t\t\t\t\t\t<div class=\"elementor-background-overlay\"><\/div>\n\t\t\t\t\t\t\t<div class=\"elementor-container elementor-column-gap-no\">\n\t\t\t\t\t<div class=\"elementor-column elementor-col-50 elementor-top-column elementor-element elementor-element-cbc0d6b\" data-id=\"cbc0d6b\" data-element_type=\"column\" data-settings=\"{&quot;background_background&quot;:&quot;classic&quot;}\">\n\t\t\t<div class=\"elementor-widget-wrap elementor-element-populated\">\n\t\t\t\t\t\t<div class=\"elementor-element elementor-element-adeb317 elementor-widget elementor-widget-heading\" data-id=\"adeb317\" data-element_type=\"widget\" data-widget_type=\"heading.default\">\n\t\t\t\t<div class=\"elementor-widget-container\">\n\t\t\t\t\t<h2 class=\"elementor-heading-title elementor-size-default\">P\u00f3ngase en contacto con nosotros<\/h2>\t\t\t\t<\/div>\n\t\t\t\t<\/div>\n\t\t\t\t<div class=\"elementor-element elementor-element-72d8991 elementor-widget elementor-widget-text-editor\" data-id=\"72d8991\" data-element_type=\"widget\" data-widget_type=\"text-editor.default\">\n\t\t\t\t<div class=\"elementor-widget-container\">\n\t\t\t\t\t\t\t\t\t<p data-start=\"18\" data-end=\"280\">\u00bfTiene preguntas sobre nuestros productos, necesita asesoramiento t\u00e9cnico o quiere hacer un pedido? Nuestro equipo est\u00e1 aqu\u00ed para ayudarle. Tanto si busca informaci\u00f3n sobre un producto, un presupuesto, asistencia para una aplicaci\u00f3n o ayuda para la compra, estamos preparados para satisfacer sus necesidades.<\/p><p data-start=\"282\" data-end=\"442\" data-is-last-node=\"\" data-is-only-node=\"\">P\u00f3ngase en contacto con nosotros a trav\u00e9s de nuestro formulario de contacto, env\u00edenos un correo electr\u00f3nico o ll\u00e1menos, y nos aseguraremos de que reciba la soluci\u00f3n adecuada de forma r\u00e1pida y eficaz.<\/p>\t\t\t\t\t\t\t\t<\/div>\n\t\t\t\t<\/div>\n\t\t\t\t<div class=\"elementor-element elementor-element-bc0a440 elementor-align-left elementor-widget elementor-widget-button\" data-id=\"bc0a440\" data-element_type=\"widget\" data-widget_type=\"button.default\">\n\t\t\t\t<div class=\"elementor-widget-container\">\n\t\t\t\t\t\t\t\t\t<div class=\"elementor-button-wrapper\">\n\t\t\t\t\t<a class=\"elementor-button elementor-button-link elementor-size-sm\" href=\"https:\/\/novatork.eu\/es\/contact\/\">\n\t\t\t\t\t\t<span class=\"elementor-button-content-wrapper\">\n\t\t\t\t\t\t\t\t\t<span class=\"elementor-button-text\">Formulario de contacto<\/span>\n\t\t\t\t\t<\/span>\n\t\t\t\t\t<\/a>\n\t\t\t\t<\/div>\n\t\t\t\t\t\t\t\t<\/div>\n\t\t\t\t<\/div>\n\t\t\t\t\t<\/div>\n\t\t<\/div>\n\t\t\t\t<div class=\"elementor-column elementor-col-50 elementor-top-column elementor-element elementor-element-200ff17\" data-id=\"200ff17\" data-element_type=\"column\">\n\t\t\t<div class=\"elementor-widget-wrap elementor-element-populated\">\n\t\t\t\t\t\t<div class=\"elementor-element elementor-element-356a495 elementor-widget__width-initial elementor-icon-list--layout-traditional elementor-list-item-link-full_width elementor-widget elementor-widget-icon-list\" data-id=\"356a495\" data-element_type=\"widget\" data-widget_type=\"icon-list.default\">\n\t\t\t\t<div class=\"elementor-widget-container\">\n\t\t\t\t\t\t\t<ul class=\"elementor-icon-list-items\">\n\t\t\t\t\t\t\t<li class=\"elementor-icon-list-item\">\n\t\t\t\t\t\t\t\t\t\t\t<span class=\"elementor-icon-list-icon\">\n\t\t\t\t\t\t\t<i aria-hidden=\"true\" class=\"fas fa-map-marker-alt\"><\/i>\t\t\t\t\t\t<\/span>\n\t\t\t\t\t\t\t\t\t\t<span class=\"elementor-icon-list-text\">Kristineholmsv\u00e4gen 10N, 441 39 Alings\u00e5s, Suecia<\/span>\n\t\t\t\t\t\t\t\t\t<\/li>\n\t\t\t\t\t\t\t\t<li class=\"elementor-icon-list-item\">\n\t\t\t\t\t\t\t\t\t\t\t<span class=\"elementor-icon-list-icon\">\n\t\t\t\t\t\t\t<i aria-hidden=\"true\" class=\"far fa-envelope\"><\/i>\t\t\t\t\t\t<\/span>\n\t\t\t\t\t\t\t\t\t\t<span class=\"elementor-icon-list-text\"> info@novatork.eu<\/span>\n\t\t\t\t\t\t\t\t\t<\/li>\n\t\t\t\t\t\t\t\t<li class=\"elementor-icon-list-item\">\n\t\t\t\t\t\t\t\t\t\t\t<span class=\"elementor-icon-list-icon\">\n\t\t\t\t\t\t\t<i aria-hidden=\"true\" class=\"fas fa-phone-alt\"><\/i>\t\t\t\t\t\t<\/span>\n\t\t\t\t\t\t\t\t\t\t<span class=\"elementor-icon-list-text\">+46 (0) 322 61 14 66<\/span>\n\t\t\t\t\t\t\t\t\t<\/li>\n\t\t\t\t\t\t<\/ul>\n\t\t\t\t\t\t<\/div>\n\t\t\t\t<\/div>\n\t\t\t\t<div class=\"elementor-element elementor-element-4021aa5 elementor-widget elementor-widget-google_maps\" data-id=\"4021aa5\" data-element_type=\"widget\" data-widget_type=\"google_maps.default\">\n\t\t\t\t<div class=\"elementor-widget-container\">\n\t\t\t\t\t\t\t<div class=\"elementor-custom-embed\">\n\t\t\t<iframe loading=\"lazy\"\n\t\t\t\t\tsrc=\"https:\/\/maps.google.com\/maps?q=Kristineholmsv%C3%A4gen%2010N%2C%20441%2039%20Alings%C3%A5s%E2%80%8B&#038;t=m&#038;z=15&#038;output=embed&#038;iwloc=near\"\n\t\t\t\t\ttitle=\"Kristineholmsv\u00e4gen 10N, 441 39 Alings\u00e5s\"\n\t\t\t\t\taria-label=\"Kristineholmsv\u00e4gen 10N, 441 39 Alings\u00e5s\"\n\t\t\t><\/iframe>\n\t\t<\/div>\n\t\t\t\t\t\t<\/div>\n\t\t\t\t<\/div>\n\t\t\t\t\t<\/div>\n\t\t<\/div>\n\t\t\t\t\t<\/div>\n\t\t<\/section>\n\t\t\t\t<\/div>","protected":false},"excerpt":{"rendered":"<p>Special Services Special Services Pre-sales \u25cf Understand customer needs &amp; recommend torque tools; \u25cf Torque training seminars After-sales \u25cf Free calibration within 1 year for domestic users; \u25cf Spare parts supply Customization \u25cf Product customization according to working conditions, providing solutions for special workstations, functions and spaces. Torque Solutions &amp; Smart Wireless Applications Novatork empowers [&hellip;]<\/p>\n","protected":false},"author":1,"featured_media":0,"parent":0,"menu_order":0,"comment_status":"closed","ping_status":"closed","template":"","meta":{"_monsterinsights_skip_tracking":false,"_monsterinsights_sitenote_active":false,"_monsterinsights_sitenote_note":"","_monsterinsights_sitenote_category":0,"site-sidebar-layout":"no-sidebar","site-content-layout":"page-builder","ast-site-content-layout":"default","site-content-style":"default","site-sidebar-style":"default","ast-global-header-display":"","ast-banner-title-visibility":"","ast-main-header-display":"","ast-hfb-above-header-display":"","ast-hfb-below-header-display":"","ast-hfb-mobile-header-display":"","site-post-title":"disabled","ast-breadcrumbs-content":"","ast-featured-img":"disabled","footer-sml-layout":"","ast-disable-related-posts":"","theme-transparent-header-meta":"enabled","adv-header-id-meta":"","stick-header-meta":"","header-above-stick-meta":"","header-main-stick-meta":"","header-below-stick-meta":"","astra-migrate-meta-layouts":"default","ast-page-background-enabled":"default","ast-page-background-meta":{"desktop":{"background-color":"","background-image":"","background-repeat":"repeat","background-position":"center center","background-size":"auto","background-attachment":"scroll","background-type":"","background-media":"","overlay-type":"","overlay-color":"","overlay-opacity":"","overlay-gradient":""},"tablet":{"background-color":"","background-image":"","background-repeat":"repeat","background-position":"center center","background-size":"auto","background-attachment":"scroll","background-type":"","background-media":"","overlay-type":"","overlay-color":"","overlay-opacity":"","overlay-gradient":""},"mobile":{"background-color":"","background-image":"","background-repeat":"repeat","background-position":"center center","background-size":"auto","background-attachment":"scroll","background-type":"","background-media":"","overlay-type":"","overlay-color":"","overlay-opacity":"","overlay-gradient":""}},"ast-content-background-meta":{"desktop":{"background-color":"var(--ast-global-color-5)","background-image":"","background-repeat":"repeat","background-position":"center center","background-size":"auto","background-attachment":"scroll","background-type":"","background-media":"","overlay-type":"","overlay-color":"","overlay-opacity":"","overlay-gradient":""},"tablet":{"background-color":"var(--ast-global-color-5)","background-image":"","background-repeat":"repeat","background-position":"center center","background-size":"auto","background-attachment":"scroll","background-type":"","background-media":"","overlay-type":"","overlay-color":"","overlay-opacity":"","overlay-gradient":""},"mobile":{"background-color":"var(--ast-global-color-5)","background-image":"","background-repeat":"repeat","background-position":"center center","background-size":"auto","background-attachment":"scroll","background-type":"","background-media":"","overlay-type":"","overlay-color":"","overlay-opacity":"","overlay-gradient":""}},"footnotes":""},"class_list":["post-620","page","type-page","status-publish","hentry"],"aioseo_notices":[],"_links":{"self":[{"href":"https:\/\/novatork.eu\/es\/wp-json\/wp\/v2\/pages\/620","targetHints":{"allow":["GET"]}}],"collection":[{"href":"https:\/\/novatork.eu\/es\/wp-json\/wp\/v2\/pages"}],"about":[{"href":"https:\/\/novatork.eu\/es\/wp-json\/wp\/v2\/types\/page"}],"author":[{"embeddable":true,"href":"https:\/\/novatork.eu\/es\/wp-json\/wp\/v2\/users\/1"}],"replies":[{"embeddable":true,"href":"https:\/\/novatork.eu\/es\/wp-json\/wp\/v2\/comments?post=620"}],"version-history":[{"count":13,"href":"https:\/\/novatork.eu\/es\/wp-json\/wp\/v2\/pages\/620\/revisions"}],"predecessor-version":[{"id":2366,"href":"https:\/\/novatork.eu\/es\/wp-json\/wp\/v2\/pages\/620\/revisions\/2366"}],"wp:attachment":[{"href":"https:\/\/novatork.eu\/es\/wp-json\/wp\/v2\/media?parent=620"}],"curies":[{"name":"wp","href":"https:\/\/api.w.org\/{rel}","templated":true}]}}