{"id":1675,"date":"2026-01-23T09:12:54","date_gmt":"2026-01-23T09:12:54","guid":{"rendered":"https:\/\/novatork.eu\/?page_id=1675"},"modified":"2026-02-10T19:37:32","modified_gmt":"2026-02-10T19:37:32","slug":"legal-information-privacy","status":"publish","type":"page","link":"https:\/\/novatork.eu\/es\/legal-information-privacy\/","title":{"rendered":"Informaci\u00f3n jur\u00eddica y privacidad"},"content":{"rendered":"<div data-elementor-type=\"wp-page\" data-elementor-id=\"1675\" class=\"elementor elementor-1675\">\n\t\t\t\t<div class=\"elementor-element elementor-element-g7zi6yh e-flex e-con-boxed e-con e-parent\" data-id=\"g7zi6yh\" data-element_type=\"container\" data-settings=\"{&quot;background_background&quot;:&quot;classic&quot;}\">\n\t\t\t\t\t<div class=\"e-con-inner\">\n\t\t<div class=\"elementor-element elementor-element-6879a86 e-con-full e-flex e-con e-child\" data-id=\"6879a86\" data-element_type=\"container\">\n\t\t\t\t<div class=\"elementor-element elementor-element-05d7341 elementor-widget elementor-widget-heading\" data-id=\"05d7341\" data-element_type=\"widget\" data-widget_type=\"heading.default\">\n\t\t\t\t<div class=\"elementor-widget-container\">\n\t\t\t\t\t<h1 class=\"elementor-heading-title elementor-size-default\">Informaci\u00f3n jur\u00eddica y privacidad<\/h1>\t\t\t\t<\/div>\n\t\t\t\t<\/div>\n\t\t\t\t<\/div>\n\t\t\t\t\t<\/div>\n\t\t\t\t<\/div>\n\t\t<div class=\"elementor-element elementor-element-0oqtpk2 e-flex e-con-boxed e-con e-parent\" data-id=\"0oqtpk2\" data-element_type=\"container\" data-settings=\"{&quot;background_background&quot;:&quot;classic&quot;}\">\n\t\t\t\t\t<div class=\"e-con-inner\">\n\t\t<div class=\"elementor-element elementor-element-70f9cbe e-con-full e-flex e-con e-child\" data-id=\"70f9cbe\" data-element_type=\"container\">\n\t\t\t\t<div class=\"elementor-element elementor-element-35f6959 elementor-widget elementor-widget-heading\" data-id=\"35f6959\" data-element_type=\"widget\" data-widget_type=\"heading.default\">\n\t\t\t\t<div class=\"elementor-widget-container\">\n\t\t\t\t\t<h2 class=\"elementor-heading-title elementor-size-default\">Informaci\u00f3n de la empresa<\/h2>\t\t\t\t<\/div>\n\t\t\t\t<\/div>\n\t\t\t\t<div class=\"elementor-element elementor-element-89bc64a elementor-widget elementor-widget-heading\" data-id=\"89bc64a\" data-element_type=\"widget\" data-widget_type=\"heading.default\">\n\t\t\t\t<div class=\"elementor-widget-container\">\n\t\t\t\t\t<h5 class=\"elementor-heading-title elementor-size-default\">Este sitio web es operado por:\n<\/h5>\t\t\t\t<\/div>\n\t\t\t\t<\/div>\n\t\t\t\t<\/div>\n\t\t<div class=\"elementor-element elementor-element-b486ea1 e-con-full e-flex e-con e-child\" data-id=\"b486ea1\" data-element_type=\"container\">\n\t\t\t\t<div class=\"elementor-element elementor-element-cc46830 elementor-widget elementor-widget-text-editor\" data-id=\"cc46830\" data-element_type=\"widget\" data-widget_type=\"text-editor.default\">\n\t\t\t\t<div class=\"elementor-widget-container\">\n\t\t\t\t\t\t\t\t\t<p data-start=\"477\" data-end=\"584\"><strong data-start=\"477\" data-end=\"490\">NovaTork Europa<\/strong><br data-start=\"490\" data-end=\"493\" \/>N\u00famero de organizaci\u00f3n: 556448-8913<br data-start=\"525\" data-end=\"528\" \/>N\u00famero de IVA: SE556448891301<br data-start=\"554\" data-end=\"557\" \/>N\u00famero EORI: SE5564488913<\/p><p data-start=\"663\" data-end=\"735\"><strong data-start=\"663\" data-end=\"692\">Direcci\u00f3n de facturaci\u00f3n y postal:<\/strong><br data-start=\"692\" data-end=\"695\" \/>Buregatan 1<br data-start=\"706\" data-end=\"709\" \/>441 51 Alings\u00e5s<br data-start=\"724\" data-end=\"727\" \/>Suecia<\/p><p data-start=\"737\" data-end=\"799\"><strong data-start=\"737\" data-end=\"747\">Correo electr\u00f3nico:<\/strong> <a class=\"decorated-link cursor-pointer\" rel=\"noopener\" data-start=\"748\" data-end=\"764\">info@novatork.eu<\/a><br data-start=\"764\" data-end=\"767\" \/><strong data-start=\"767\" data-end=\"777\">Tel\u00e9fono:<\/strong> +46 (0)322 61 14 66<\/p>\t\t\t\t\t\t\t\t<\/div>\n\t\t\t\t<\/div>\n\t\t\t\t<\/div>\n\t\t\t\t\t<\/div>\n\t\t\t\t<\/div>\n\t\t<div class=\"elementor-element elementor-element-dab6057 e-flex e-con-boxed e-con e-parent\" data-id=\"dab6057\" data-element_type=\"container\">\n\t\t\t\t\t<div class=\"e-con-inner\">\n\t\t<div class=\"elementor-element elementor-element-1545274 e-con-full e-flex e-con e-child\" data-id=\"1545274\" data-element_type=\"container\">\n\t\t\t\t<div class=\"elementor-element elementor-element-f7b7fc7 elementor-widget-divider--view-line elementor-widget elementor-widget-divider\" data-id=\"f7b7fc7\" data-element_type=\"widget\" data-widget_type=\"divider.default\">\n\t\t\t\t<div class=\"elementor-widget-container\">\n\t\t\t\t\t\t\t<div class=\"elementor-divider\">\n\t\t\t<span class=\"elementor-divider-separator\">\n\t\t\t\t\t\t<\/span>\n\t\t<\/div>\n\t\t\t\t\t\t<\/div>\n\t\t\t\t<\/div>\n\t\t\t\t<div class=\"elementor-element elementor-element-abddd89 elementor-widget elementor-widget-heading\" data-id=\"abddd89\" data-element_type=\"widget\" data-widget_type=\"heading.default\">\n\t\t\t\t<div class=\"elementor-widget-container\">\n\t\t\t\t\t<h3 class=\"elementor-heading-title elementor-size-default\">Pol\u00edtica de Privacidad<\/h3>\t\t\t\t<\/div>\n\t\t\t\t<\/div>\n\t\t\t\t<div class=\"elementor-element elementor-element-a465c5f elementor-widget elementor-widget-text-editor\" data-id=\"a465c5f\" data-element_type=\"widget\" data-widget_type=\"text-editor.default\">\n\t\t\t\t<div class=\"elementor-widget-container\">\n\t\t\t\t\t\t\t\t\t<p>NovaTork Europe respeta su privacidad y se compromete a proteger sus datos personales de acuerdo con el Reglamento General de Protecci\u00f3n de Datos (RGPD).<\/p>\t\t\t\t\t\t\t\t<\/div>\n\t\t\t\t<\/div>\n\t\t\t\t<div class=\"elementor-element elementor-element-0709ba1 elementor-widget elementor-widget-heading\" data-id=\"0709ba1\" data-element_type=\"widget\" data-widget_type=\"heading.default\">\n\t\t\t\t<div class=\"elementor-widget-container\">\n\t\t\t\t\t<h4 class=\"elementor-heading-title elementor-size-default\">Qu\u00e9 datos personales recopilamos<\/h4>\t\t\t\t<\/div>\n\t\t\t\t<\/div>\n\t\t\t\t<div class=\"elementor-element elementor-element-399ba33 elementor-widget elementor-widget-text-editor\" data-id=\"399ba33\" data-element_type=\"widget\" data-widget_type=\"text-editor.default\">\n\t\t\t\t<div class=\"elementor-widget-container\">\n\t\t\t\t\t\t\t\t\t<p data-start=\"1016\" data-end=\"1096\">Podemos recopilar y procesar<\/p><ul><li data-start=\"1099\" data-end=\"1103\">Nombre<\/li><li data-start=\"1106\" data-end=\"1118\">Nombre de la empresa<\/li><li data-start=\"1121\" data-end=\"1134\">Direcci\u00f3n de correo electr\u00f3nico<\/li><li data-start=\"1137\" data-end=\"1149\">N\u00famero de tel\u00e9fono<\/li><li data-start=\"1152\" data-end=\"1159\">Pa\u00eds<\/li><li data-start=\"1162\" data-end=\"1229\">Cualquier informaci\u00f3n que proporcione en formularios de contacto o suscripciones a boletines informativos<\/li><li data-start=\"1232\" data-end=\"1312\">Datos t\u00e9cnicos como la direcci\u00f3n IP y el tipo de navegador (funcionalidad b\u00e1sica del sitio web)<\/li><\/ul>\t\t\t\t\t\t\t\t<\/div>\n\t\t\t\t<\/div>\n\t\t\t\t<div class=\"elementor-element elementor-element-b3b0071 elementor-widget elementor-widget-heading\" data-id=\"b3b0071\" data-element_type=\"widget\" data-widget_type=\"heading.default\">\n\t\t\t\t<div class=\"elementor-widget-container\">\n\t\t\t\t\t<h4 class=\"elementor-heading-title elementor-size-default\">C\u00f3mo usamos tus datos<\/h4>\t\t\t\t<\/div>\n\t\t\t\t<\/div>\n\t\t\t\t<div class=\"elementor-element elementor-element-ab53a84 elementor-widget elementor-widget-text-editor\" data-id=\"ab53a84\" data-element_type=\"widget\" data-widget_type=\"text-editor.default\">\n\t\t\t\t<div class=\"elementor-widget-container\">\n\t\t\t\t\t\t\t\t\t<p data-start=\"1343\" data-end=\"1400\">Procesamos sus datos personales para los siguientes fines:<\/p><ul><li data-start=\"1403\" data-end=\"1449\">Para responder a consultas y solicitudes de contacto<\/li><li data-start=\"1452\" data-end=\"1522\">Para proporcionar cotizaciones o informaci\u00f3n sobre nuestros productos y servicios<\/li><li data-start=\"1525\" data-end=\"1581\">Para enviar boletines informativos y actualizaciones si te has suscrito<\/li><li data-start=\"1584\" data-end=\"1643\">Para garantizar el correcto funcionamiento t\u00e9cnico del sitio web<\/li><\/ul>\t\t\t\t\t\t\t\t<\/div>\n\t\t\t\t<\/div>\n\t\t\t\t<div class=\"elementor-element elementor-element-7dde5ec elementor-widget elementor-widget-heading\" data-id=\"7dde5ec\" data-element_type=\"widget\" data-widget_type=\"heading.default\">\n\t\t\t\t<div class=\"elementor-widget-container\">\n\t\t\t\t\t<h4 class=\"elementor-heading-title elementor-size-default\">Base legal para el tratamiento<\/h4>\t\t\t\t<\/div>\n\t\t\t\t<\/div>\n\t\t\t\t<div class=\"elementor-element elementor-element-ba3756d elementor-widget elementor-widget-text-editor\" data-id=\"ba3756d\" data-element_type=\"widget\" data-widget_type=\"text-editor.default\">\n\t\t\t\t<div class=\"elementor-widget-container\">\n\t\t\t\t\t\t\t\t\t<p data-start=\"1680\" data-end=\"1714\">Procesamos datos personales bas\u00e1ndonos en:<\/p><ul><li data-start=\"1717\" data-end=\"1792\">Tu consentimiento (por ejemplo, al enviar un formulario o suscribirte a un bolet\u00edn informativo)<\/li><li data-start=\"1795\" data-end=\"1854\">Inter\u00e9s leg\u00edtimo (por ejemplo, responder a consultas comerciales)<\/li><\/ul>\t\t\t\t\t\t\t\t<\/div>\n\t\t\t\t<\/div>\n\t\t\t\t<div class=\"elementor-element elementor-element-0a4b67c elementor-widget elementor-widget-heading\" data-id=\"0a4b67c\" data-element_type=\"widget\" data-widget_type=\"heading.default\">\n\t\t\t\t<div class=\"elementor-widget-container\">\n\t\t\t\t\t<h4 class=\"elementor-heading-title elementor-size-default\">Almacenamiento y retenci\u00f3n de datos<\/h4>\t\t\t\t<\/div>\n\t\t\t\t<\/div>\n\t\t\t\t<div class=\"elementor-element elementor-element-b632d54 elementor-widget elementor-widget-text-editor\" data-id=\"b632d54\" data-element_type=\"widget\" data-widget_type=\"text-editor.default\">\n\t\t\t\t<div class=\"elementor-widget-container\">\n\t\t\t\t\t\t\t\t\t<p data-start=\"1680\" data-end=\"1714\">Sus datos personales se conservan \u00fanicamente durante el tiempo necesario para cumplir la finalidad para la que fueron recogidos o para cumplir con obligaciones legales.<\/p>\t\t\t\t\t\t\t\t<\/div>\n\t\t\t\t<\/div>\n\t\t\t\t<\/div>\n\t\t\t\t\t<\/div>\n\t\t\t\t<\/div>\n\t\t<div class=\"elementor-element elementor-element-2mq2xus e-flex e-con-boxed e-con e-parent\" data-id=\"2mq2xus\" data-element_type=\"container\">\n\t\t\t\t\t<div class=\"e-con-inner\">\n\t\t<div class=\"elementor-element elementor-element-da25a79 e-con-full e-flex e-con e-child\" data-id=\"da25a79\" data-element_type=\"container\">\n\t\t\t\t<div class=\"elementor-element elementor-element-ba12a34 elementor-widget-divider--view-line elementor-widget elementor-widget-divider\" data-id=\"ba12a34\" data-element_type=\"widget\" data-widget_type=\"divider.default\">\n\t\t\t\t<div class=\"elementor-widget-container\">\n\t\t\t\t\t\t\t<div class=\"elementor-divider\">\n\t\t\t<span class=\"elementor-divider-separator\">\n\t\t\t\t\t\t<\/span>\n\t\t<\/div>\n\t\t\t\t\t\t<\/div>\n\t\t\t\t<\/div>\n\t\t\t\t<div class=\"elementor-element elementor-element-93ae8cb elementor-widget elementor-widget-heading\" data-id=\"93ae8cb\" data-element_type=\"widget\" data-widget_type=\"heading.default\">\n\t\t\t\t<div class=\"elementor-widget-container\">\n\t\t\t\t\t<h3 class=\"elementor-heading-title elementor-size-default\">Pol\u00edtica de Cookies<\/h3>\t\t\t\t<\/div>\n\t\t\t\t<\/div>\n\t\t\t\t<div class=\"elementor-element elementor-element-aa86baf elementor-widget elementor-widget-text-editor\" data-id=\"aa86baf\" data-element_type=\"widget\" data-widget_type=\"text-editor.default\">\n\t\t\t\t<div class=\"elementor-widget-container\">\n\t\t\t\t\t\t\t\t\t<p data-start=\"2065\" data-end=\"2148\">Este sitio web utiliza cookies para garantizar su funcionalidad b\u00e1sica y una buena experiencia de usuario.<\/p>\t\t\t\t\t\t\t\t<\/div>\n\t\t\t\t<\/div>\n\t\t\t\t<div class=\"elementor-element elementor-element-85e76d4 elementor-widget elementor-widget-heading\" data-id=\"85e76d4\" data-element_type=\"widget\" data-widget_type=\"heading.default\">\n\t\t\t\t<div class=\"elementor-widget-container\">\n\t\t\t\t\t<h4 class=\"elementor-heading-title elementor-size-default\">Tipos de cookies utilizados<\/h4>\t\t\t\t<\/div>\n\t\t\t\t<\/div>\n\t\t\t\t<div class=\"elementor-element elementor-element-12be2de elementor-widget elementor-widget-text-editor\" data-id=\"12be2de\" data-element_type=\"widget\" data-widget_type=\"text-editor.default\">\n\t\t\t\t<div class=\"elementor-widget-container\">\n\t\t\t\t\t\t\t\t\t<ul><li data-start=\"2182\" data-end=\"2253\"><strong data-start=\"2182\" data-end=\"2204\">Cookies necesarias:<\/strong> Requerido para el correcto funcionamiento del sitio web<\/li><li data-start=\"2256\" data-end=\"2328\"><strong data-start=\"2256\" data-end=\"2289\">Cookies funcionales de WordPress:<\/strong> Sol\u00eda gestionar las operaciones b\u00e1sicas del sitio.<\/li><\/ul><p data-start=\"2330\" data-end=\"2514\">No utilizamos cookies de marketing o de seguimiento intencionadamente.<br data-start=\"2388\" data-end=\"2391\" \/>Si las cookies anal\u00edticas son utilizadas por la funcionalidad predeterminada de WordPress o por plugins, se limitan a un uso b\u00e1sico y no invasivo.<\/p><p data-start=\"2516\" data-end=\"2649\">Puede gestionar o desactivar las cookies a trav\u00e9s de la configuraci\u00f3n de su navegador. Tenga en cuenta que desactivar las cookies puede afectar a la funcionalidad del sitio web.<\/p>\t\t\t\t\t\t\t\t<\/div>\n\t\t\t\t<\/div>\n\t\t\t\t<\/div>\n\t\t\t\t\t<\/div>\n\t\t\t\t<\/div>\n\t\t<div class=\"elementor-element elementor-element-8e13dc3 e-flex e-con-boxed e-con e-parent\" data-id=\"8e13dc3\" data-element_type=\"container\">\n\t\t\t\t\t<div class=\"e-con-inner\">\n\t\t<div class=\"elementor-element elementor-element-5279583 e-con-full e-flex e-con e-child\" data-id=\"5279583\" data-element_type=\"container\">\n\t\t\t\t<div class=\"elementor-element elementor-element-82ed4eb elementor-widget-divider--view-line elementor-widget elementor-widget-divider\" data-id=\"82ed4eb\" data-element_type=\"widget\" data-widget_type=\"divider.default\">\n\t\t\t\t<div class=\"elementor-widget-container\">\n\t\t\t\t\t\t\t<div class=\"elementor-divider\">\n\t\t\t<span class=\"elementor-divider-separator\">\n\t\t\t\t\t\t<\/span>\n\t\t<\/div>\n\t\t\t\t\t\t<\/div>\n\t\t\t\t<\/div>\n\t\t\t\t<div class=\"elementor-element elementor-element-23b717e elementor-widget elementor-widget-heading\" data-id=\"23b717e\" data-element_type=\"widget\" data-widget_type=\"heading.default\">\n\t\t\t\t<div class=\"elementor-widget-container\">\n\t\t\t\t\t<h3 class=\"elementor-heading-title elementor-size-default\">Protecci\u00f3n de Datos y Tus Derechos<\/h3>\t\t\t\t<\/div>\n\t\t\t\t<\/div>\n\t\t\t\t<div class=\"elementor-element elementor-element-3c4ad93 elementor-widget elementor-widget-text-editor\" data-id=\"3c4ad93\" data-element_type=\"widget\" data-widget_type=\"text-editor.default\">\n\t\t\t\t<div class=\"elementor-widget-container\">\n\t\t\t\t\t\t\t\t\t<p data-start=\"2065\" data-end=\"2148\">Este sitio web utiliza cookies para garantizar su funcionalidad b\u00e1sica y una buena experiencia de usuario.<\/p>\t\t\t\t\t\t\t\t<\/div>\n\t\t\t\t<\/div>\n\t\t\t\t<div class=\"elementor-element elementor-element-4f0928a elementor-widget elementor-widget-heading\" data-id=\"4f0928a\" data-element_type=\"widget\" data-widget_type=\"heading.default\">\n\t\t\t\t<div class=\"elementor-widget-container\">\n\t\t\t\t\t<h4 class=\"elementor-heading-title elementor-size-default\">Bajo el RGPD, usted tiene derecho a:<\/h4>\t\t\t\t<\/div>\n\t\t\t\t<\/div>\n\t\t\t\t<div class=\"elementor-element elementor-element-74111e0 elementor-widget elementor-widget-text-editor\" data-id=\"74111e0\" data-element_type=\"widget\" data-widget_type=\"text-editor.default\">\n\t\t\t\t<div class=\"elementor-widget-container\">\n\t\t\t\t\t\t\t\t\t<ul><li data-start=\"2731\" data-end=\"2769\">Solicitar acceso a tus datos personales<\/li><li data-start=\"2772\" data-end=\"2817\">Solicitar la correcci\u00f3n o eliminaci\u00f3n de sus datos<\/li><li data-start=\"2820\" data-end=\"2850\">Retirar el consentimiento en cualquier momento<\/li><li data-start=\"2853\" data-end=\"2887\">Objetar o restringir el procesamiento<\/li><li data-start=\"2890\" data-end=\"2937\">Presentar una queja ante una autoridad supervisora<\/li><\/ul>\t\t\t\t\t\t\t\t<\/div>\n\t\t\t\t<\/div>\n\t\t\t\t<\/div>\n\t\t\t\t\t<\/div>\n\t\t\t\t<\/div>\n\t\t<div class=\"elementor-element elementor-element-fecfa16 e-flex e-con-boxed e-con e-parent\" data-id=\"fecfa16\" data-element_type=\"container\">\n\t\t\t\t\t<div class=\"e-con-inner\">\n\t\t<div class=\"elementor-element elementor-element-46736fe e-con-full e-flex e-con e-child\" data-id=\"46736fe\" data-element_type=\"container\">\n\t\t\t\t<div class=\"elementor-element elementor-element-a6e33e3 elementor-widget-divider--view-line elementor-widget elementor-widget-divider\" data-id=\"a6e33e3\" data-element_type=\"widget\" data-widget_type=\"divider.default\">\n\t\t\t\t<div class=\"elementor-widget-container\">\n\t\t\t\t\t\t\t<div class=\"elementor-divider\">\n\t\t\t<span class=\"elementor-divider-separator\">\n\t\t\t\t\t\t<\/span>\n\t\t<\/div>\n\t\t\t\t\t\t<\/div>\n\t\t\t\t<\/div>\n\t\t\t\t<div class=\"elementor-element elementor-element-c1eb9e4 elementor-widget elementor-widget-heading\" data-id=\"c1eb9e4\" data-element_type=\"widget\" data-widget_type=\"heading.default\">\n\t\t\t\t<div class=\"elementor-widget-container\">\n\t\t\t\t\t<h3 class=\"elementor-heading-title elementor-size-default\">Comunicaci\u00f3n por bolet\u00edn informativo<\/h3>\t\t\t\t<\/div>\n\t\t\t\t<\/div>\n\t\t\t\t<div class=\"elementor-element elementor-element-ab23819 elementor-widget elementor-widget-text-editor\" data-id=\"ab23819\" data-element_type=\"widget\" data-widget_type=\"text-editor.default\">\n\t\t\t\t<div class=\"elementor-widget-container\">\n\t\t\t\t\t\t\t\t\t<p data-start=\"2065\" data-end=\"2148\">Si te suscribes a nuestro bolet\u00edn, solo utilizaremos tu direcci\u00f3n de correo electr\u00f3nico para enviarte actualizaciones relevantes de la empresa, informaci\u00f3n de productos o noticias relacionadas con la industria.<br data-start=\"3197\" data-end=\"3200\" \/>Puedes darte de baja en cualquier momento utilizando el enlace proporcionado en cada correo electr\u00f3nico.<\/p>\t\t\t\t\t\t\t\t<\/div>\n\t\t\t\t<\/div>\n\t\t\t\t<\/div>\n\t\t\t\t\t<\/div>\n\t\t\t\t<\/div>\n\t\t<div class=\"elementor-element elementor-element-87df85c e-flex e-con-boxed e-con e-parent\" data-id=\"87df85c\" data-element_type=\"container\">\n\t\t\t\t\t<div class=\"e-con-inner\">\n\t\t<div class=\"elementor-element elementor-element-6bafb9f e-con-full e-flex e-con e-child\" data-id=\"6bafb9f\" data-element_type=\"container\">\n\t\t\t\t<div class=\"elementor-element elementor-element-f942642 elementor-widget-divider--view-line elementor-widget elementor-widget-divider\" data-id=\"f942642\" data-element_type=\"widget\" data-widget_type=\"divider.default\">\n\t\t\t\t<div class=\"elementor-widget-container\">\n\t\t\t\t\t\t\t<div class=\"elementor-divider\">\n\t\t\t<span class=\"elementor-divider-separator\">\n\t\t\t\t\t\t<\/span>\n\t\t<\/div>\n\t\t\t\t\t\t<\/div>\n\t\t\t\t<\/div>\n\t\t\t\t<div class=\"elementor-element elementor-element-7a1169d elementor-widget elementor-widget-heading\" data-id=\"7a1169d\" data-element_type=\"widget\" data-widget_type=\"heading.default\">\n\t\t\t\t<div class=\"elementor-widget-container\">\n\t\t\t\t\t<h3 class=\"elementor-heading-title elementor-size-default\">T\u00e9rminos de Uso del Sitio Web<\/h3>\t\t\t\t<\/div>\n\t\t\t\t<\/div>\n\t\t\t\t<div class=\"elementor-element elementor-element-1683a12 elementor-widget elementor-widget-text-editor\" data-id=\"1683a12\" data-element_type=\"widget\" data-widget_type=\"text-editor.default\">\n\t\t\t\t<div class=\"elementor-widget-container\">\n\t\t\t\t\t\t\t\t\t<p data-start=\"3306\" data-end=\"3476\">El contenido de este sitio web se proporciona \u00fanicamente con fines informativos generales.<br data-start=\"3386\" data-end=\"3389\" \/>NovaTork Europa se reserva el derecho de actualizar, modificar o eliminar contenido sin previo aviso.<\/p><p data-start=\"3478\" data-end=\"3612\">Todos los textos, im\u00e1genes y materiales de este sitio web son propiedad de NovaTork Europe o sus socios y no pueden ser utilizados sin permiso.<\/p>\t\t\t\t\t\t\t\t<\/div>\n\t\t\t\t<\/div>\n\t\t\t\t<\/div>\n\t\t\t\t\t<\/div>\n\t\t\t\t<\/div>\n\t\t<div class=\"elementor-element elementor-element-xizxaoz e-flex e-con-boxed e-con e-parent\" data-id=\"xizxaoz\" data-element_type=\"container\">\n\t\t\t\t\t<div class=\"e-con-inner\">\n\t\t<div class=\"elementor-element elementor-element-6a074bd e-con-full e-flex e-con e-child\" data-id=\"6a074bd\" data-element_type=\"container\">\n\t\t\t\t<div class=\"elementor-element elementor-element-255363f elementor-widget elementor-widget-heading\" data-id=\"255363f\" data-element_type=\"widget\" data-widget_type=\"heading.default\">\n\t\t\t\t<div class=\"elementor-widget-container\">\n\t\t\t\t\t<h3 class=\"elementor-heading-title elementor-size-default\">\u00bfNecesita ayuda con soluciones industriales m\u00e1s sencillas? \u00a1Somos expertos!<\/h3>\t\t\t\t<\/div>\n\t\t\t\t<\/div>\n\t\t\t\t<\/div>\n\t\t<div class=\"elementor-element elementor-element-79dd546 e-con-full e-flex e-con e-child\" data-id=\"79dd546\" data-element_type=\"container\">\n\t\t\t\t<div class=\"elementor-element elementor-element-058ba8b elementor-align-right elementor-widget elementor-widget-button\" data-id=\"058ba8b\" data-element_type=\"widget\" data-widget_type=\"button.default\">\n\t\t\t\t<div class=\"elementor-widget-container\">\n\t\t\t\t\t\t\t\t\t<div class=\"elementor-button-wrapper\">\n\t\t\t\t\t<a class=\"elementor-button elementor-button-link elementor-size-sm\" href=\"#\">\n\t\t\t\t\t\t<span class=\"elementor-button-content-wrapper\">\n\t\t\t\t\t\t\t\t\t<span class=\"elementor-button-text\">M\u00e1s informaci\u00f3n<\/span>\n\t\t\t\t\t<\/span>\n\t\t\t\t\t<\/a>\n\t\t\t\t<\/div>\n\t\t\t\t\t\t\t\t<\/div>\n\t\t\t\t<\/div>\n\t\t\t\t<\/div>\n\t\t\t\t\t<\/div>\n\t\t\t\t<\/div>\n\t\t\t\t<\/div>","protected":false},"excerpt":{"rendered":"<p>Legal Information &amp; Privacy Company Information This website is operated by: NovaTork EuropeOrganisation number: 556448-8913VAT number: SE556448891301EORI number: SE5564488913 Invoice &amp; postal address:Buregatan 1441 51 Alings\u00e5sSweden Email: info@novatork.euPhone: +46 (0)322 61 14 66 Privacy Policy NovaTork Europe respects your privacy and is committed to protecting your personal data in accordance with the General Data Protection [&hellip;]<\/p>\n","protected":false},"author":1,"featured_media":0,"parent":0,"menu_order":0,"comment_status":"closed","ping_status":"closed","template":"","meta":{"_monsterinsights_skip_tracking":false,"_monsterinsights_sitenote_active":false,"_monsterinsights_sitenote_note":"","_monsterinsights_sitenote_category":0,"site-sidebar-layout":"no-sidebar","site-content-layout":"page-builder","ast-site-content-layout":"full-width-container","site-content-style":"default","site-sidebar-style":"default","ast-global-header-display":"","ast-banner-title-visibility":"","ast-main-header-display":"","ast-hfb-above-header-display":"","ast-hfb-below-header-display":"","ast-hfb-mobile-header-display":"","site-post-title":"disabled","ast-breadcrumbs-content":"","ast-featured-img":"disabled","footer-sml-layout":"","ast-disable-related-posts":"","theme-transparent-header-meta":"","adv-header-id-meta":"","stick-header-meta":"","header-above-stick-meta":"","header-main-stick-meta":"","header-below-stick-meta":"","astra-migrate-meta-layouts":"set","ast-page-background-enabled":"default","ast-page-background-meta":{"desktop":{"background-color":"","background-image":"","background-repeat":"repeat","background-position":"center center","background-size":"auto","background-attachment":"scroll","background-type":"","background-media":"","overlay-type":"","overlay-color":"","overlay-opacity":"","overlay-gradient":""},"tablet":{"background-color":"","background-image":"","background-repeat":"repeat","background-position":"center center","background-size":"auto","background-attachment":"scroll","background-type":"","background-media":"","overlay-type":"","overlay-color":"","overlay-opacity":"","overlay-gradient":""},"mobile":{"background-color":"","background-image":"","background-repeat":"repeat","background-position":"center center","background-size":"auto","background-attachment":"scroll","background-type":"","background-media":"","overlay-type":"","overlay-color":"","overlay-opacity":"","overlay-gradient":""}},"ast-content-background-meta":{"desktop":{"background-color":"var(--ast-global-color-5)","background-image":"","background-repeat":"repeat","background-position":"center center","background-size":"auto","background-attachment":"scroll","background-type":"","background-media":"","overlay-type":"","overlay-color":"","overlay-opacity":"","overlay-gradient":""},"tablet":{"background-color":"var(--ast-global-color-5)","background-image":"","background-repeat":"repeat","background-position":"center center","background-size":"auto","background-attachment":"scroll","background-type":"","background-media":"","overlay-type":"","overlay-color":"","overlay-opacity":"","overlay-gradient":""},"mobile":{"background-color":"var(--ast-global-color-5)","background-image":"","background-repeat":"repeat","background-position":"center center","background-size":"auto","background-attachment":"scroll","background-type":"","background-media":"","overlay-type":"","overlay-color":"","overlay-opacity":"","overlay-gradient":""}},"footnotes":""},"class_list":["post-1675","page","type-page","status-publish","hentry"],"aioseo_notices":[],"_links":{"self":[{"href":"https:\/\/novatork.eu\/es\/wp-json\/wp\/v2\/pages\/1675","targetHints":{"allow":["GET"]}}],"collection":[{"href":"https:\/\/novatork.eu\/es\/wp-json\/wp\/v2\/pages"}],"about":[{"href":"https:\/\/novatork.eu\/es\/wp-json\/wp\/v2\/types\/page"}],"author":[{"embeddable":true,"href":"https:\/\/novatork.eu\/es\/wp-json\/wp\/v2\/users\/1"}],"replies":[{"embeddable":true,"href":"https:\/\/novatork.eu\/es\/wp-json\/wp\/v2\/comments?post=1675"}],"version-history":[{"count":10,"href":"https:\/\/novatork.eu\/es\/wp-json\/wp\/v2\/pages\/1675\/revisions"}],"predecessor-version":[{"id":1759,"href":"https:\/\/novatork.eu\/es\/wp-json\/wp\/v2\/pages\/1675\/revisions\/1759"}],"wp:attachment":[{"href":"https:\/\/novatork.eu\/es\/wp-json\/wp\/v2\/media?parent=1675"}],"curies":[{"name":"wp","href":"https:\/\/api.w.org\/{rel}","templated":true}]}}