{"id":620,"date":"2026-01-19T21:06:40","date_gmt":"2026-01-19T21:06:40","guid":{"rendered":"https:\/\/novatork.eu\/projects\/"},"modified":"2026-02-23T08:40:23","modified_gmt":"2026-02-23T08:40:23","slug":"services","status":"publish","type":"page","link":"https:\/\/novatork.eu\/de\/services\/","title":{"rendered":"Service"},"content":{"rendered":"<div data-elementor-type=\"wp-post\" data-elementor-id=\"620\" class=\"elementor elementor-620\">\n\t\t\t\t<div class=\"elementor-element elementor-element-d498350 e-flex e-con-boxed e-con e-parent\" data-id=\"d498350\" data-element_type=\"container\" data-settings=\"{&quot;background_background&quot;:&quot;classic&quot;}\">\n\t\t\t\t\t<div class=\"e-con-inner\">\n\t\t<div class=\"elementor-element elementor-element-9598dd3 e-con-full e-flex e-con e-child\" data-id=\"9598dd3\" data-element_type=\"container\">\n\t\t\t\t<div class=\"elementor-element elementor-element-13ed86a elementor-widget elementor-widget-heading\" data-id=\"13ed86a\" data-element_type=\"widget\" data-widget_type=\"heading.default\">\n\t\t\t\t<div class=\"elementor-widget-container\">\n\t\t\t\t\t<h1 class=\"elementor-heading-title elementor-size-default\">Sonderleistungen<\/h1>\t\t\t\t<\/div>\n\t\t\t\t<\/div>\n\t\t\t\t<\/div>\n\t\t\t\t\t<\/div>\n\t\t\t\t<\/div>\n\t\t<div class=\"elementor-element elementor-element-9970c2d e-flex e-con-boxed e-con e-parent\" data-id=\"9970c2d\" data-element_type=\"container\">\n\t\t\t\t\t<div class=\"e-con-inner\">\n\t\t\t\t<div class=\"elementor-element elementor-element-52b2189 elementor-widget elementor-widget-image\" data-id=\"52b2189\" data-element_type=\"widget\" data-widget_type=\"image.default\">\n\t\t\t\t<div class=\"elementor-widget-container\">\n\t\t\t\t\t\t\t\t\t\t\t\t\t\t\t<img decoding=\"async\" width=\"205\" height=\"44\" src=\"https:\/\/novatork.eu\/wp-content\/uploads\/2026\/01\/Skarmbild-2026-01-19-171820.png\" class=\"attachment-large size-large wp-image-550\" alt=\"sk\u00e4rmbild 2026 01 19 171820\" srcset=\"https:\/\/novatork.eu\/wp-content\/uploads\/2026\/01\/Skarmbild-2026-01-19-171820.png 205w, https:\/\/novatork.eu\/wp-content\/uploads\/2026\/01\/Skarmbild-2026-01-19-171820-18x4.png 18w\" sizes=\"(max-width: 205px) 100vw, 205px\" title=\"Service\">\t\t\t\t\t\t\t\t\t\t\t\t\t\t\t<\/div>\n\t\t\t\t<\/div>\n\t\t\t\t<div class=\"elementor-element elementor-element-9bfb614 elementor-widget elementor-widget-heading\" data-id=\"9bfb614\" data-element_type=\"widget\" data-widget_type=\"heading.default\">\n\t\t\t\t<div class=\"elementor-widget-container\">\n\t\t\t\t\t<h2 class=\"elementor-heading-title elementor-size-default\">Sonderleistungen<\/h2>\t\t\t\t<\/div>\n\t\t\t\t<\/div>\n\t\t\t\t\t<\/div>\n\t\t\t\t<\/div>\n\t\t\t\t<section class=\"elementor-section elementor-top-section elementor-element elementor-element-yeixb3s elementor-section-content-top elementor-section-boxed elementor-section-height-default elementor-section-height-default\" data-id=\"yeixb3s\" data-element_type=\"section\" data-settings=\"{&quot;background_background&quot;:&quot;classic&quot;}\">\n\t\t\t\t\t\t\t<div class=\"elementor-background-overlay\"><\/div>\n\t\t\t\t\t\t\t<div class=\"elementor-container elementor-column-gap-no\">\n\t\t\t\t\t<div class=\"elementor-column elementor-col-33 elementor-top-column elementor-element elementor-element-dae59b1\" data-id=\"dae59b1\" data-element_type=\"column\">\n\t\t\t<div class=\"elementor-widget-wrap elementor-element-populated\">\n\t\t\t\t\t\t<div class=\"elementor-element elementor-element-59109b5 elementor-widget elementor-widget-heading\" data-id=\"59109b5\" data-element_type=\"widget\" data-widget_type=\"heading.default\">\n\t\t\t\t<div class=\"elementor-widget-container\">\n\t\t\t\t\t<h3 class=\"elementor-heading-title elementor-size-default\">Vorverkauf<\/h3>\t\t\t\t<\/div>\n\t\t\t\t<\/div>\n\t\t\t\t<div class=\"elementor-element elementor-element-c163e08 elementor-widget elementor-widget-text-editor\" data-id=\"c163e08\" data-element_type=\"widget\" data-widget_type=\"text-editor.default\">\n\t\t\t\t<div class=\"elementor-widget-container\">\n\t\t\t\t\t\t\t\t\t<p>\u25cf Kundenbed\u00fcrfnisse verstehen &amp; passende Drehmomentwerkzeuge empfeh<\/p><p>\u25cf Drehmoment-Schulungen \/ Seminare<\/p>\t\t\t\t\t\t\t\t<\/div>\n\t\t\t\t<\/div>\n\t\t\t\t\t<\/div>\n\t\t<\/div>\n\t\t\t\t<div class=\"elementor-column elementor-col-33 elementor-top-column elementor-element elementor-element-690ed9e\" data-id=\"690ed9e\" data-element_type=\"column\">\n\t\t\t<div class=\"elementor-widget-wrap elementor-element-populated\">\n\t\t\t\t\t\t<div class=\"elementor-element elementor-element-7ab8eba elementor-widget elementor-widget-heading\" data-id=\"7ab8eba\" data-element_type=\"widget\" data-widget_type=\"heading.default\">\n\t\t\t\t<div class=\"elementor-widget-container\">\n\t\t\t\t\t<h3 class=\"elementor-heading-title elementor-size-default\">Kundendienst<\/h3>\t\t\t\t<\/div>\n\t\t\t\t<\/div>\n\t\t\t\t<div class=\"elementor-element elementor-element-5e382e9 elementor-widget elementor-widget-text-editor\" data-id=\"5e382e9\" data-element_type=\"widget\" data-widget_type=\"text-editor.default\">\n\t\t\t\t<div class=\"elementor-widget-container\">\n\t\t\t\t\t\t\t\t\t<p>\u25cf Kostenlose Kalibrierung innerhalb eines Jahres f\u00fcr Inlandsnutzer<br \/><br \/>\u25cf Lieferung von Ersatzteilen<\/p>\t\t\t\t\t\t\t\t<\/div>\n\t\t\t\t<\/div>\n\t\t\t\t\t<\/div>\n\t\t<\/div>\n\t\t\t\t<div class=\"elementor-column elementor-col-33 elementor-top-column elementor-element elementor-element-a8709b1\" data-id=\"a8709b1\" data-element_type=\"column\">\n\t\t\t<div class=\"elementor-widget-wrap elementor-element-populated\">\n\t\t\t\t\t\t<div class=\"elementor-element elementor-element-25c9e7a elementor-widget elementor-widget-heading\" data-id=\"25c9e7a\" data-element_type=\"widget\" data-widget_type=\"heading.default\">\n\t\t\t\t<div class=\"elementor-widget-container\">\n\t\t\t\t\t<h3 class=\"elementor-heading-title elementor-size-default\">Anpassung<\/h3>\t\t\t\t<\/div>\n\t\t\t\t<\/div>\n\t\t\t\t<div class=\"elementor-element elementor-element-0e64f90 elementor-widget elementor-widget-text-editor\" data-id=\"0e64f90\" data-element_type=\"widget\" data-widget_type=\"text-editor.default\">\n\t\t\t\t<div class=\"elementor-widget-container\">\n\t\t\t\t\t\t\t\t\t<p>\u25cf Produktanpassung an die Arbeitsbedingungen, mit L\u00f6sungen f\u00fcr spezielle Arbeitspl\u00e4tze, Funktionen und R\u00e4ume.<\/p>\t\t\t\t\t\t\t\t<\/div>\n\t\t\t\t<\/div>\n\t\t\t\t\t<\/div>\n\t\t<\/div>\n\t\t\t\t\t<\/div>\n\t\t<\/section>\n\t\t<div class=\"elementor-element elementor-element-ecc8337 e-flex e-con-boxed e-con e-parent\" data-id=\"ecc8337\" data-element_type=\"container\">\n\t\t\t\t\t<div class=\"e-con-inner\">\n\t\t\t\t<div class=\"elementor-element elementor-element-e9a6cc3 elementor-widget elementor-widget-heading\" data-id=\"e9a6cc3\" data-element_type=\"widget\" data-widget_type=\"heading.default\">\n\t\t\t\t<div class=\"elementor-widget-container\">\n\t\t\t\t\t<h2 class=\"elementor-heading-title elementor-size-default\">Drehmomentl\u00f6sungen &amp; kabellose Smart-Anwendungen<\/h2>\t\t\t\t<\/div>\n\t\t\t\t<\/div>\n\t\t\t\t<div class=\"elementor-element elementor-element-fb4d5c1 elementor-widget elementor-widget-text-editor\" data-id=\"fb4d5c1\" data-element_type=\"widget\" data-widget_type=\"text-editor.default\">\n\t\t\t\t<div class=\"elementor-widget-container\">\n\t\t\t\t\t\t\t\t\t<p>Novatork bef\u00e4higt Industrien weltweit, Drehmoment-Herausforderungen zu meistern.<br \/>Heute werden Novatorks Smart-Wireless-L\u00f6sungen als Spitzentechnologie in Unternehmensanwendungen eingesetzt.<br \/>als Spitzentechnologie in Unternehmensanwendungen.<\/p>\t\t\t\t\t\t\t\t<\/div>\n\t\t\t\t<\/div>\n\t\t\t\t\t<\/div>\n\t\t\t\t<\/div>\n\t\t<div class=\"elementor-element elementor-element-bcaf74e e-flex e-con-boxed e-con e-parent\" data-id=\"bcaf74e\" data-element_type=\"container\" data-settings=\"{&quot;background_background&quot;:&quot;classic&quot;}\">\n\t\t\t\t\t<div class=\"e-con-inner\">\n\t\t<div class=\"elementor-element elementor-element-cef23ca e-con-full e-flex e-con e-child\" data-id=\"cef23ca\" data-element_type=\"container\">\n\t\t\t\t<div class=\"elementor-element elementor-element-6efe4a3 elementor-widget elementor-widget-image\" data-id=\"6efe4a3\" data-element_type=\"widget\" data-widget_type=\"image.default\">\n\t\t\t\t<div class=\"elementor-widget-container\">\n\t\t\t\t\t\t\t\t\t\t\t\t\t\t\t<img fetchpriority=\"high\" decoding=\"async\" width=\"400\" height=\"300\" src=\"https:\/\/novatork.eu\/wp-content\/uploads\/2026\/02\/auto.png\" class=\"attachment-full size-full wp-image-1773\" alt=\"auto\" srcset=\"https:\/\/novatork.eu\/wp-content\/uploads\/2026\/02\/auto.png 400w, https:\/\/novatork.eu\/wp-content\/uploads\/2026\/02\/auto-300x225.png 300w, https:\/\/novatork.eu\/wp-content\/uploads\/2026\/02\/auto-16x12.png 16w\" sizes=\"(max-width: 400px) 100vw, 400px\" title=\"Service\">\t\t\t\t\t\t\t\t\t\t\t\t\t\t\t<\/div>\n\t\t\t\t<\/div>\n\t\t\t\t<div class=\"elementor-element elementor-element-5faea9f elementor-widget elementor-widget-heading\" data-id=\"5faea9f\" data-element_type=\"widget\" data-widget_type=\"heading.default\">\n\t\t\t\t<div class=\"elementor-widget-container\">\n\t\t\t\t\t<h4 class=\"elementor-heading-title elementor-size-default\">Automobil<\/h4>\t\t\t\t<\/div>\n\t\t\t\t<\/div>\n\t\t\t\t<div class=\"elementor-element elementor-element-2ac1043 elementor-widget elementor-widget-text-editor\" data-id=\"2ac1043\" data-element_type=\"widget\" data-widget_type=\"text-editor.default\">\n\t\t\t\t<div class=\"elementor-widget-container\">\n\t\t\t\t\t\t\t\t\t<p>Die Automobilproduktion erfordert Wiederholgenauigkeit, Geschwindigkeit und Pr\u00e4zision auf hochvolumigen Montagelinien. Wir unterst\u00fctzen Hersteller mit zuverl\u00e4ssiger Drehmomentkontrolle, die Fehler reduziert und die Gesamteffizienz verbessert.<\/p>\t\t\t\t\t\t\t\t<\/div>\n\t\t\t\t<\/div>\n\t\t\t\t<\/div>\n\t\t<div class=\"elementor-element elementor-element-a169617 e-con-full e-flex e-con e-child\" data-id=\"a169617\" data-element_type=\"container\">\n\t\t\t\t<div class=\"elementor-element elementor-element-f182e28 elementor-widget elementor-widget-image\" data-id=\"f182e28\" data-element_type=\"widget\" data-widget_type=\"image.default\">\n\t\t\t\t<div class=\"elementor-widget-container\">\n\t\t\t\t\t\t\t\t\t\t\t\t\t\t\t<img decoding=\"async\" width=\"400\" height=\"300\" src=\"https:\/\/novatork.eu\/wp-content\/uploads\/2026\/02\/aero.png\" class=\"attachment-full size-full wp-image-1776\" alt=\"aero\" srcset=\"https:\/\/novatork.eu\/wp-content\/uploads\/2026\/02\/aero.png 400w, https:\/\/novatork.eu\/wp-content\/uploads\/2026\/02\/aero-300x225.png 300w, https:\/\/novatork.eu\/wp-content\/uploads\/2026\/02\/aero-16x12.png 16w\" sizes=\"(max-width: 400px) 100vw, 400px\" title=\"Service\">\t\t\t\t\t\t\t\t\t\t\t\t\t\t\t<\/div>\n\t\t\t\t<\/div>\n\t\t\t\t<div class=\"elementor-element elementor-element-a6ac5d6 elementor-widget elementor-widget-heading\" data-id=\"a6ac5d6\" data-element_type=\"widget\" data-widget_type=\"heading.default\">\n\t\t\t\t<div class=\"elementor-widget-container\">\n\t\t\t\t\t<h4 class=\"elementor-heading-title elementor-size-default\">Luft- und Raumfahrt<\/h4>\t\t\t\t<\/div>\n\t\t\t\t<\/div>\n\t\t\t\t<div class=\"elementor-element elementor-element-4f93f69 elementor-widget elementor-widget-text-editor\" data-id=\"4f93f69\" data-element_type=\"widget\" data-widget_type=\"text-editor.default\">\n\t\t\t\t<div class=\"elementor-widget-container\">\n\t\t\t\t\t\t\t\t\t<p>Pr\u00e4zision, Sicherheit und R\u00fcckverfolgbarkeit sind in der Montage und Wartung der Luft- und Raumfahrt unerl\u00e4sslich. Unsere Drehmomentl\u00f6sungen sorgen daf\u00fcr, dass jede Verschraubung die strengen Qualit\u00e4tsstandards und regulatorischen Anforderungen erf\u00fcllt.<\/p>\t\t\t\t\t\t\t\t<\/div>\n\t\t\t\t<\/div>\n\t\t\t\t<\/div>\n\t\t\t\t\t<\/div>\n\t\t\t\t<\/div>\n\t\t<div class=\"elementor-element elementor-element-4ba8344 e-flex e-con-boxed e-con e-parent\" data-id=\"4ba8344\" data-element_type=\"container\" data-settings=\"{&quot;background_background&quot;:&quot;classic&quot;}\">\n\t\t\t\t\t<div class=\"e-con-inner\">\n\t\t<div class=\"elementor-element elementor-element-0346b85 e-con-full e-flex e-con e-child\" data-id=\"0346b85\" data-element_type=\"container\">\n\t\t\t\t<div class=\"elementor-element elementor-element-0457f49 elementor-widget elementor-widget-image\" data-id=\"0457f49\" data-element_type=\"widget\" data-widget_type=\"image.default\">\n\t\t\t\t<div class=\"elementor-widget-container\">\n\t\t\t\t\t\t\t\t\t\t\t\t\t\t\t<img loading=\"lazy\" decoding=\"async\" width=\"400\" height=\"300\" src=\"https:\/\/novatork.eu\/wp-content\/uploads\/2026\/02\/energy.png\" class=\"attachment-full size-full wp-image-1774\" alt=\"energy\" srcset=\"https:\/\/novatork.eu\/wp-content\/uploads\/2026\/02\/energy.png 400w, https:\/\/novatork.eu\/wp-content\/uploads\/2026\/02\/energy-300x225.png 300w, https:\/\/novatork.eu\/wp-content\/uploads\/2026\/02\/energy-16x12.png 16w\" sizes=\"(max-width: 400px) 100vw, 400px\" title=\"Service\">\t\t\t\t\t\t\t\t\t\t\t\t\t\t\t<\/div>\n\t\t\t\t<\/div>\n\t\t\t\t<div class=\"elementor-element elementor-element-47dec90 elementor-widget elementor-widget-heading\" data-id=\"47dec90\" data-element_type=\"widget\" data-widget_type=\"heading.default\">\n\t\t\t\t<div class=\"elementor-widget-container\">\n\t\t\t\t\t<h4 class=\"elementor-heading-title elementor-size-default\">Energie<\/h4>\t\t\t\t<\/div>\n\t\t\t\t<\/div>\n\t\t\t\t<div class=\"elementor-element elementor-element-5135834 elementor-widget elementor-widget-text-editor\" data-id=\"5135834\" data-element_type=\"widget\" data-widget_type=\"text-editor.default\">\n\t\t\t\t<div class=\"elementor-widget-container\">\n\t\t\t\t\t\t\t\t\t<p>Energieanwendungen arbeiten h\u00e4ufig unter rauen, hochbelasteten Bedingungen, in denen Zuverl\u00e4ssigkeit entscheidend ist. Unsere Drehmomentl\u00f6sungen sorgen f\u00fcr zuverl\u00e4ssige Leistung bei Installationen in Windkraft, Kraftwerken sowie in der \u00d6l- und Gasindustrie.<\/p>\t\t\t\t\t\t\t\t<\/div>\n\t\t\t\t<\/div>\n\t\t\t\t<\/div>\n\t\t<div class=\"elementor-element elementor-element-aa9418e e-con-full e-flex e-con e-child\" data-id=\"aa9418e\" data-element_type=\"container\">\n\t\t\t\t<div class=\"elementor-element elementor-element-0716cc4 elementor-widget elementor-widget-image\" data-id=\"0716cc4\" data-element_type=\"widget\" data-widget_type=\"image.default\">\n\t\t\t\t<div class=\"elementor-widget-container\">\n\t\t\t\t\t\t\t\t\t\t\t\t\t\t\t<img loading=\"lazy\" decoding=\"async\" width=\"400\" height=\"300\" src=\"https:\/\/novatork.eu\/wp-content\/uploads\/2026\/02\/rail.png\" class=\"attachment-full size-full wp-image-1775\" alt=\"rail\" srcset=\"https:\/\/novatork.eu\/wp-content\/uploads\/2026\/02\/rail.png 400w, https:\/\/novatork.eu\/wp-content\/uploads\/2026\/02\/rail-300x225.png 300w, https:\/\/novatork.eu\/wp-content\/uploads\/2026\/02\/rail-16x12.png 16w\" sizes=\"(max-width: 400px) 100vw, 400px\" title=\"Service\">\t\t\t\t\t\t\t\t\t\t\t\t\t\t\t<\/div>\n\t\t\t\t<\/div>\n\t\t\t\t<div class=\"elementor-element elementor-element-a9ba320 elementor-widget elementor-widget-heading\" data-id=\"a9ba320\" data-element_type=\"widget\" data-widget_type=\"heading.default\">\n\t\t\t\t<div class=\"elementor-widget-container\">\n\t\t\t\t\t<h4 class=\"elementor-heading-title elementor-size-default\">Schienenverkehr<\/h4>\t\t\t\t<\/div>\n\t\t\t\t<\/div>\n\t\t\t\t<div class=\"elementor-element elementor-element-b292663 elementor-widget elementor-widget-text-editor\" data-id=\"b292663\" data-element_type=\"widget\" data-widget_type=\"text-editor.default\">\n\t\t\t\t<div class=\"elementor-widget-container\">\n\t\t\t\t\t\t\t\t\t<p>Schienensysteme erfordern langlebige Baugruppen, die \u00fcber lange Lebensdauern sicher funktionieren. Wir unterst\u00fctzen Hersteller und Wartungsteams dabei, kritische Komponenten mit gleichbleibender, pr\u00e4ziser Drehmomentkontrolle zu sichern.<\/p>\t\t\t\t\t\t\t\t<\/div>\n\t\t\t\t<\/div>\n\t\t\t\t<\/div>\n\t\t\t\t\t<\/div>\n\t\t\t\t<\/div>\n\t\t\t\t<section class=\"elementor-section elementor-top-section elementor-element elementor-element-df735e2 elementor-section-content-middle elementor-section-boxed elementor-section-height-default elementor-section-height-default\" data-id=\"df735e2\" data-element_type=\"section\" data-settings=\"{&quot;background_background&quot;:&quot;classic&quot;}\">\n\t\t\t\t\t\t\t<div class=\"elementor-background-overlay\"><\/div>\n\t\t\t\t\t\t\t<div class=\"elementor-container elementor-column-gap-no\">\n\t\t\t\t\t<div class=\"elementor-column elementor-col-50 elementor-top-column elementor-element elementor-element-cbc0d6b\" data-id=\"cbc0d6b\" data-element_type=\"column\" data-settings=\"{&quot;background_background&quot;:&quot;classic&quot;}\">\n\t\t\t<div class=\"elementor-widget-wrap elementor-element-populated\">\n\t\t\t\t\t\t<div class=\"elementor-element elementor-element-adeb317 elementor-widget elementor-widget-heading\" data-id=\"adeb317\" data-element_type=\"widget\" data-widget_type=\"heading.default\">\n\t\t\t\t<div class=\"elementor-widget-container\">\n\t\t\t\t\t<h2 class=\"elementor-heading-title elementor-size-default\">Kontaktieren Sie uns noch heute<\/h2>\t\t\t\t<\/div>\n\t\t\t\t<\/div>\n\t\t\t\t<div class=\"elementor-element elementor-element-72d8991 elementor-widget elementor-widget-text-editor\" data-id=\"72d8991\" data-element_type=\"widget\" data-widget_type=\"text-editor.default\">\n\t\t\t\t<div class=\"elementor-widget-container\">\n\t\t\t\t\t\t\t\t\t<p data-start=\"18\" data-end=\"280\">Haben Sie Fragen zu unseren Produkten, ben\u00f6tigen technische Unterst\u00fctzung oder m\u00f6chten eine Bestellung aufgeben? Unser Team ist f\u00fcr Sie da. Egal, ob Sie Produktinformationen, ein Angebot, Unterst\u00fctzung bei der Anwendung oder Hilfe beim Einkauf ben\u00f6tigen \u2013 wir unterst\u00fctzen Sie gerne bei Ihren Anforderungen.<\/p><p data-start=\"282\" data-end=\"442\" data-is-last-node=\"\" data-is-only-node=\"\">Nehmen Sie \u00fcber unser Kontaktformular Kontakt mit uns auf, senden Sie uns eine E-Mail oder rufen Sie uns an \u2013 wir stellen sicher, dass Sie schnell und effizient die passende L\u00f6sung erhalten.<\/p>\t\t\t\t\t\t\t\t<\/div>\n\t\t\t\t<\/div>\n\t\t\t\t<div class=\"elementor-element elementor-element-bc0a440 elementor-align-left elementor-widget elementor-widget-button\" data-id=\"bc0a440\" data-element_type=\"widget\" data-widget_type=\"button.default\">\n\t\t\t\t<div class=\"elementor-widget-container\">\n\t\t\t\t\t\t\t\t\t<div class=\"elementor-button-wrapper\">\n\t\t\t\t\t<a class=\"elementor-button elementor-button-link elementor-size-sm\" href=\"https:\/\/novatork.eu\/de\/contact\/\">\n\t\t\t\t\t\t<span class=\"elementor-button-content-wrapper\">\n\t\t\t\t\t\t\t\t\t<span class=\"elementor-button-text\">Kontaktformular<\/span>\n\t\t\t\t\t<\/span>\n\t\t\t\t\t<\/a>\n\t\t\t\t<\/div>\n\t\t\t\t\t\t\t\t<\/div>\n\t\t\t\t<\/div>\n\t\t\t\t\t<\/div>\n\t\t<\/div>\n\t\t\t\t<div class=\"elementor-column elementor-col-50 elementor-top-column elementor-element elementor-element-200ff17\" data-id=\"200ff17\" data-element_type=\"column\">\n\t\t\t<div class=\"elementor-widget-wrap elementor-element-populated\">\n\t\t\t\t\t\t<div class=\"elementor-element elementor-element-356a495 elementor-widget__width-initial elementor-icon-list--layout-traditional elementor-list-item-link-full_width elementor-widget elementor-widget-icon-list\" data-id=\"356a495\" data-element_type=\"widget\" data-widget_type=\"icon-list.default\">\n\t\t\t\t<div class=\"elementor-widget-container\">\n\t\t\t\t\t\t\t<ul class=\"elementor-icon-list-items\">\n\t\t\t\t\t\t\t<li class=\"elementor-icon-list-item\">\n\t\t\t\t\t\t\t\t\t\t\t<span class=\"elementor-icon-list-icon\">\n\t\t\t\t\t\t\t<i aria-hidden=\"true\" class=\"fas fa-map-marker-alt\"><\/i>\t\t\t\t\t\t<\/span>\n\t\t\t\t\t\t\t\t\t\t<span class=\"elementor-icon-list-text\">Kristineholmsv\u00e4gen 10N, 441 39 Alings\u00e5s, Schweden<\/span>\n\t\t\t\t\t\t\t\t\t<\/li>\n\t\t\t\t\t\t\t\t<li class=\"elementor-icon-list-item\">\n\t\t\t\t\t\t\t\t\t\t\t<span class=\"elementor-icon-list-icon\">\n\t\t\t\t\t\t\t<i aria-hidden=\"true\" class=\"far fa-envelope\"><\/i>\t\t\t\t\t\t<\/span>\n\t\t\t\t\t\t\t\t\t\t<span class=\"elementor-icon-list-text\"> info@novatork.eu<\/span>\n\t\t\t\t\t\t\t\t\t<\/li>\n\t\t\t\t\t\t\t\t<li class=\"elementor-icon-list-item\">\n\t\t\t\t\t\t\t\t\t\t\t<span class=\"elementor-icon-list-icon\">\n\t\t\t\t\t\t\t<i aria-hidden=\"true\" class=\"fas fa-phone-alt\"><\/i>\t\t\t\t\t\t<\/span>\n\t\t\t\t\t\t\t\t\t\t<span class=\"elementor-icon-list-text\">+46 (0) 322 61 14 66<\/span>\n\t\t\t\t\t\t\t\t\t<\/li>\n\t\t\t\t\t\t<\/ul>\n\t\t\t\t\t\t<\/div>\n\t\t\t\t<\/div>\n\t\t\t\t<div class=\"elementor-element elementor-element-4021aa5 elementor-widget elementor-widget-google_maps\" data-id=\"4021aa5\" data-element_type=\"widget\" data-widget_type=\"google_maps.default\">\n\t\t\t\t<div class=\"elementor-widget-container\">\n\t\t\t\t\t\t\t<div class=\"elementor-custom-embed\">\n\t\t\t<iframe loading=\"lazy\"\n\t\t\t\t\tsrc=\"https:\/\/maps.google.com\/maps?q=Kristineholmsv%C3%A4gen%2010N%2C%20441%2039%20Alings%C3%A5s%E2%80%8B&#038;t=m&#038;z=15&#038;output=embed&#038;iwloc=near\"\n\t\t\t\t\ttitle=\"Kristineholmsv\u00e4gen 10N, 441 39 Alings\u00e5s\"\n\t\t\t\t\taria-label=\"Kristineholmsv\u00e4gen 10N, 441 39 Alings\u00e5s\"\n\t\t\t><\/iframe>\n\t\t<\/div>\n\t\t\t\t\t\t<\/div>\n\t\t\t\t<\/div>\n\t\t\t\t\t<\/div>\n\t\t<\/div>\n\t\t\t\t\t<\/div>\n\t\t<\/section>\n\t\t\t\t<\/div>","protected":false},"excerpt":{"rendered":"<p>Special Services Special Services Pre-sales \u25cf Understand customer needs &amp; recommend torque tools; \u25cf Torque training seminars After-sales \u25cf Free calibration within 1 year for domestic users; \u25cf Spare parts supply Customization \u25cf Product customization according to working conditions, providing solutions for special workstations, functions and spaces. Torque Solutions &amp; Smart Wireless Applications Novatork empowers [&hellip;]<\/p>\n","protected":false},"author":1,"featured_media":0,"parent":0,"menu_order":0,"comment_status":"closed","ping_status":"closed","template":"","meta":{"_monsterinsights_skip_tracking":false,"_monsterinsights_sitenote_active":false,"_monsterinsights_sitenote_note":"","_monsterinsights_sitenote_category":0,"site-sidebar-layout":"no-sidebar","site-content-layout":"page-builder","ast-site-content-layout":"default","site-content-style":"default","site-sidebar-style":"default","ast-global-header-display":"","ast-banner-title-visibility":"","ast-main-header-display":"","ast-hfb-above-header-display":"","ast-hfb-below-header-display":"","ast-hfb-mobile-header-display":"","site-post-title":"disabled","ast-breadcrumbs-content":"","ast-featured-img":"disabled","footer-sml-layout":"","ast-disable-related-posts":"","theme-transparent-header-meta":"enabled","adv-header-id-meta":"","stick-header-meta":"","header-above-stick-meta":"","header-main-stick-meta":"","header-below-stick-meta":"","astra-migrate-meta-layouts":"default","ast-page-background-enabled":"default","ast-page-background-meta":{"desktop":{"background-color":"","background-image":"","background-repeat":"repeat","background-position":"center center","background-size":"auto","background-attachment":"scroll","background-type":"","background-media":"","overlay-type":"","overlay-color":"","overlay-opacity":"","overlay-gradient":""},"tablet":{"background-color":"","background-image":"","background-repeat":"repeat","background-position":"center center","background-size":"auto","background-attachment":"scroll","background-type":"","background-media":"","overlay-type":"","overlay-color":"","overlay-opacity":"","overlay-gradient":""},"mobile":{"background-color":"","background-image":"","background-repeat":"repeat","background-position":"center center","background-size":"auto","background-attachment":"scroll","background-type":"","background-media":"","overlay-type":"","overlay-color":"","overlay-opacity":"","overlay-gradient":""}},"ast-content-background-meta":{"desktop":{"background-color":"var(--ast-global-color-5)","background-image":"","background-repeat":"repeat","background-position":"center center","background-size":"auto","background-attachment":"scroll","background-type":"","background-media":"","overlay-type":"","overlay-color":"","overlay-opacity":"","overlay-gradient":""},"tablet":{"background-color":"var(--ast-global-color-5)","background-image":"","background-repeat":"repeat","background-position":"center center","background-size":"auto","background-attachment":"scroll","background-type":"","background-media":"","overlay-type":"","overlay-color":"","overlay-opacity":"","overlay-gradient":""},"mobile":{"background-color":"var(--ast-global-color-5)","background-image":"","background-repeat":"repeat","background-position":"center center","background-size":"auto","background-attachment":"scroll","background-type":"","background-media":"","overlay-type":"","overlay-color":"","overlay-opacity":"","overlay-gradient":""}},"footnotes":""},"class_list":["post-620","page","type-page","status-publish","hentry"],"aioseo_notices":[],"_links":{"self":[{"href":"https:\/\/novatork.eu\/de\/wp-json\/wp\/v2\/pages\/620","targetHints":{"allow":["GET"]}}],"collection":[{"href":"https:\/\/novatork.eu\/de\/wp-json\/wp\/v2\/pages"}],"about":[{"href":"https:\/\/novatork.eu\/de\/wp-json\/wp\/v2\/types\/page"}],"author":[{"embeddable":true,"href":"https:\/\/novatork.eu\/de\/wp-json\/wp\/v2\/users\/1"}],"replies":[{"embeddable":true,"href":"https:\/\/novatork.eu\/de\/wp-json\/wp\/v2\/comments?post=620"}],"version-history":[{"count":13,"href":"https:\/\/novatork.eu\/de\/wp-json\/wp\/v2\/pages\/620\/revisions"}],"predecessor-version":[{"id":2366,"href":"https:\/\/novatork.eu\/de\/wp-json\/wp\/v2\/pages\/620\/revisions\/2366"}],"wp:attachment":[{"href":"https:\/\/novatork.eu\/de\/wp-json\/wp\/v2\/media?parent=620"}],"curies":[{"name":"wp","href":"https:\/\/api.w.org\/{rel}","templated":true}]}}