{"id":445,"date":"2026-01-15T11:54:20","date_gmt":"2026-01-15T11:54:20","guid":{"rendered":"https:\/\/novatork.eu\/?page_id=445"},"modified":"2026-02-24T10:51:16","modified_gmt":"2026-02-24T10:51:16","slug":"torque-wrenches","status":"publish","type":"page","link":"https:\/\/novatork.eu\/de\/torque-wrenches\/","title":{"rendered":"Drehmomentschl\u00fcssel"},"content":{"rendered":"<div data-elementor-type=\"wp-page\" data-elementor-id=\"445\" class=\"elementor elementor-445\">\n\t\t\t\t<div class=\"elementor-element elementor-element-0b7tq5r e-flex e-con-boxed e-con e-parent\" data-id=\"0b7tq5r\" data-element_type=\"container\" data-settings=\"{&quot;background_background&quot;:&quot;classic&quot;}\">\n\t\t\t\t\t<div class=\"e-con-inner\">\n\t\t<div class=\"elementor-element elementor-element-1f49b04 e-con-full e-flex e-con e-child\" data-id=\"1f49b04\" data-element_type=\"container\">\n\t\t\t\t<div class=\"elementor-element elementor-element-b3e06b3 elementor-widget elementor-widget-heading\" data-id=\"b3e06b3\" data-element_type=\"widget\" data-widget_type=\"heading.default\">\n\t\t\t\t<div class=\"elementor-widget-container\">\n\t\t\t\t\t<h1 class=\"elementor-heading-title elementor-size-default\">Drehmomentschl\u00fcssel<\/h1>\t\t\t\t<\/div>\n\t\t\t\t<\/div>\n\t\t\t\t<\/div>\n\t\t\t\t\t<\/div>\n\t\t\t\t<\/div>\n\t\t<div class=\"elementor-element elementor-element-30e5pmw e-flex e-con-boxed e-con e-parent\" data-id=\"30e5pmw\" data-element_type=\"container\" id=\"top\" data-settings=\"{&quot;background_background&quot;:&quot;classic&quot;}\">\n\t\t\t\t\t<div class=\"e-con-inner\">\n\t\t<div class=\"elementor-element elementor-element-26ae0b9 e-con-full e-flex e-con e-child\" data-id=\"26ae0b9\" data-element_type=\"container\">\n\t\t\t\t<div class=\"elementor-element elementor-element-6368e7f elementor-widget elementor-widget-heading\" data-id=\"6368e7f\" data-element_type=\"widget\" data-widget_type=\"heading.default\">\n\t\t\t\t<div class=\"elementor-widget-container\">\n\t\t\t\t\t<h2 class=\"elementor-heading-title elementor-size-default\">Entdecken Sie unsere Drehmomentschl\u00fcssel<\/h2>\t\t\t\t<\/div>\n\t\t\t\t<\/div>\n\t\t\t\t<\/div>\n\t\t\t\t\t<\/div>\n\t\t\t\t<\/div>\n\t\t<div class=\"elementor-element elementor-element-r9nv1mi e-flex e-con-boxed e-con e-parent\" data-id=\"r9nv1mi\" data-element_type=\"container\" data-settings=\"{&quot;background_background&quot;:&quot;classic&quot;}\">\n\t\t\t\t\t<div class=\"e-con-inner\">\n\t\t<div class=\"elementor-element elementor-element-b5c921a e-con-full e-flex e-con e-child\" data-id=\"b5c921a\" data-element_type=\"container\">\n\t\t<div class=\"elementor-element elementor-element-02e3174 e-con-full e-flex e-con e-child\" data-id=\"02e3174\" data-element_type=\"container\">\n\t\t<div class=\"elementor-element elementor-element-b2e5e10 e-con-full e-flex e-con e-child\" data-id=\"b2e5e10\" data-element_type=\"container\">\n\t\t\t\t<div class=\"elementor-element elementor-element-01d4341 elementor-widget elementor-widget-image\" data-id=\"01d4341\" data-element_type=\"widget\" data-widget_type=\"image.default\">\n\t\t\t\t<div class=\"elementor-widget-container\">\n\t\t\t\t\t\t\t\t\t\t\t\t\t\t\t\t<a href=\"https:\/\/novatork.eu\/de\/mechanical-adjustable-torque-wrenches\/\">\n\t\t\t\t\t\t\t<img decoding=\"async\" src=\"https:\/\/novatork.eu\/wp-content\/uploads\/elementor\/thumbs\/produktgrupper-2-scaled-rjki0ma5u7144m4nl1olpoi69eq80ozjp97wl6iigw.png\" title=\"produktgrupper (2)\" alt=\"produktgrupper (2)\" loading=\"lazy\" \/>\t\t\t\t\t\t\t\t<\/a>\n\t\t\t\t\t\t\t\t\t\t\t\t\t\t\t<\/div>\n\t\t\t\t<\/div>\n\t\t\t\t<div class=\"elementor-element elementor-element-f527f15 elementor-widget elementor-widget-image\" data-id=\"f527f15\" data-element_type=\"widget\" data-widget_type=\"image.default\">\n\t\t\t\t<div class=\"elementor-widget-container\">\n\t\t\t\t\t\t\t\t\t\t\t\t\t\t\t\t<a href=\"https:\/\/novatork.eu\/de\/dial-torque-wrenches\/\">\n\t\t\t\t\t\t\t<img decoding=\"async\" width=\"71\" height=\"239\" src=\"https:\/\/novatork.eu\/wp-content\/uploads\/2026\/02\/Skarmbild-2026-02-01-192257.png\" class=\"attachment-large size-large wp-image-1735\" alt=\"sk\u00e4rmbild 2026 02 01 192257\" srcset=\"https:\/\/novatork.eu\/wp-content\/uploads\/2026\/02\/Skarmbild-2026-02-01-192257.png 71w, https:\/\/novatork.eu\/wp-content\/uploads\/2026\/02\/Skarmbild-2026-02-01-192257-4x12.png 4w\" sizes=\"(max-width: 71px) 100vw, 71px\" title=\"Drehmomentschl\u00fcssel\">\t\t\t\t\t\t\t\t<\/a>\n\t\t\t\t\t\t\t\t\t\t\t\t\t\t\t<\/div>\n\t\t\t\t<\/div>\n\t\t\t\t<\/div>\n\t\t<div class=\"elementor-element elementor-element-160b3d4 e-con-full e-flex e-con e-child\" data-id=\"160b3d4\" data-element_type=\"container\">\n\t\t\t\t<div class=\"elementor-element elementor-element-00c662a elementor-widget-divider--view-line elementor-widget elementor-widget-divider\" data-id=\"00c662a\" data-element_type=\"widget\" data-widget_type=\"divider.default\">\n\t\t\t\t<div class=\"elementor-widget-container\">\n\t\t\t\t\t\t\t<div class=\"elementor-divider\">\n\t\t\t<span class=\"elementor-divider-separator\">\n\t\t\t\t\t\t<\/span>\n\t\t<\/div>\n\t\t\t\t\t\t<\/div>\n\t\t\t\t<\/div>\n\t\t\t\t<div class=\"elementor-element elementor-element-28fdb7b elementor-widget elementor-widget-heading\" data-id=\"28fdb7b\" data-element_type=\"widget\" data-widget_type=\"heading.default\">\n\t\t\t\t<div class=\"elementor-widget-container\">\n\t\t\t\t\t<h4 class=\"elementor-heading-title elementor-size-default\"><a href=\"https:\/\/novatork.eu\/de\/mechanical-adjustable-torque-wrenches\/\">Mechanisch Einstellbarer Typ<\/a><\/h4>\t\t\t\t<\/div>\n\t\t\t\t<\/div>\n\t\t\t\t<div class=\"elementor-element elementor-element-fe968da elementor-widget elementor-widget-text-editor\" data-id=\"fe968da\" data-element_type=\"widget\" data-widget_type=\"text-editor.default\">\n\t\t\t\t<div class=\"elementor-widget-container\">\n\t\t\t\t\t\t\t\t\t<p>Vielseitige Drehmomentschl\u00fcssel mit einstellbarem Drehmomentbereich f\u00fcr ein breites Anwendungsspektrum. Ideal f\u00fcr allgemeine Montage und Wartung, bei denen Flexibilit\u00e4t erforderlich ist.<\/p>\t\t\t\t\t\t\t\t<\/div>\n\t\t\t\t<\/div>\n\t\t\t\t<div class=\"elementor-element elementor-element-cb15b63 elementor-widget-divider--view-line elementor-widget elementor-widget-divider\" data-id=\"cb15b63\" data-element_type=\"widget\" data-widget_type=\"divider.default\">\n\t\t\t\t<div class=\"elementor-widget-container\">\n\t\t\t\t\t\t\t<div class=\"elementor-divider\">\n\t\t\t<span class=\"elementor-divider-separator\">\n\t\t\t\t\t\t<\/span>\n\t\t<\/div>\n\t\t\t\t\t\t<\/div>\n\t\t\t\t<\/div>\n\t\t\t\t<div class=\"elementor-element elementor-element-bab4a51 elementor-widget elementor-widget-heading\" data-id=\"bab4a51\" data-element_type=\"widget\" data-widget_type=\"heading.default\">\n\t\t\t\t<div class=\"elementor-widget-container\">\n\t\t\t\t\t<h4 class=\"elementor-heading-title elementor-size-default\"><a href=\"https:\/\/novatork.eu\/de\/dial-torque-wrenches\/\">Zifferblatt-Typ<\/a><\/h4>\t\t\t\t<\/div>\n\t\t\t\t<\/div>\n\t\t\t\t<div class=\"elementor-element elementor-element-304f6a8 elementor-widget elementor-widget-text-editor\" data-id=\"304f6a8\" data-element_type=\"widget\" data-widget_type=\"text-editor.default\">\n\t\t\t\t<div class=\"elementor-widget-container\">\n\t\t\t\t\t\t\t\t\t<p>Klares Zifferblatt-Display zeigt das Drehmoment in Echtzeit w\u00e4hrend des Anziehens an. Geeignet f\u00fcr Inspektionen, Tests und Anwendungen, bei denen die visuelle Kontrolle wichtig ist.<\/p>\t\t\t\t\t\t\t\t<\/div>\n\t\t\t\t<\/div>\n\t\t\t\t<\/div>\n\t\t<div class=\"elementor-element elementor-element-a4afc37 e-con-full e-flex e-con e-child\" data-id=\"a4afc37\" data-element_type=\"container\">\n\t\t\t\t<div class=\"elementor-element elementor-element-0745ccc elementor-widget elementor-widget-image\" data-id=\"0745ccc\" data-element_type=\"widget\" data-widget_type=\"image.default\">\n\t\t\t\t<div class=\"elementor-widget-container\">\n\t\t\t\t\t\t\t\t\t\t\t\t\t\t\t\t<a href=\"\">\n\t\t\t\t\t\t\t<img decoding=\"async\" width=\"165\" height=\"194\" src=\"https:\/\/novatork.eu\/wp-content\/uploads\/2026\/02\/Skarmbild-2026-02-01-192247.png\" class=\"attachment-large size-large wp-image-1734\" alt=\"sk\u00e4rmbild 2026 02 01 192247\" srcset=\"https:\/\/novatork.eu\/wp-content\/uploads\/2026\/02\/Skarmbild-2026-02-01-192247.png 165w, https:\/\/novatork.eu\/wp-content\/uploads\/2026\/02\/Skarmbild-2026-02-01-192247-10x12.png 10w\" sizes=\"(max-width: 165px) 100vw, 165px\" title=\"Drehmomentschl\u00fcssel\">\t\t\t\t\t\t\t\t<\/a>\n\t\t\t\t\t\t\t\t\t\t\t\t\t\t\t<\/div>\n\t\t\t\t<\/div>\n\t\t\t\t<div class=\"elementor-element elementor-element-5a6046f elementor-widget elementor-widget-image\" data-id=\"5a6046f\" data-element_type=\"widget\" data-widget_type=\"image.default\">\n\t\t\t\t<div class=\"elementor-widget-container\">\n\t\t\t\t\t\t\t\t\t\t\t\t\t\t\t\t<a href=\"https:\/\/novatork.eu\/de\/electronic-torque-wrenches\/\">\n\t\t\t\t\t\t\t<img decoding=\"async\" width=\"121\" height=\"229\" src=\"https:\/\/novatork.eu\/wp-content\/uploads\/2026\/02\/Skarmbild-2026-02-01-192308.png\" class=\"attachment-large size-large wp-image-1736\" alt=\"sk\u00e4rmbild 2026 02 01 192308\" srcset=\"https:\/\/novatork.eu\/wp-content\/uploads\/2026\/02\/Skarmbild-2026-02-01-192308.png 121w, https:\/\/novatork.eu\/wp-content\/uploads\/2026\/02\/Skarmbild-2026-02-01-192308-6x12.png 6w\" sizes=\"(max-width: 121px) 100vw, 121px\" title=\"Drehmomentschl\u00fcssel\">\t\t\t\t\t\t\t\t<\/a>\n\t\t\t\t\t\t\t\t\t\t\t\t\t\t\t<\/div>\n\t\t\t\t<\/div>\n\t\t\t\t<\/div>\n\t\t<div class=\"elementor-element elementor-element-49a5998 e-con-full e-flex e-con e-child\" data-id=\"49a5998\" data-element_type=\"container\">\n\t\t\t\t<div class=\"elementor-element elementor-element-44a7967 elementor-widget-divider--view-line elementor-widget elementor-widget-divider\" data-id=\"44a7967\" data-element_type=\"widget\" data-widget_type=\"divider.default\">\n\t\t\t\t<div class=\"elementor-widget-container\">\n\t\t\t\t\t\t\t<div class=\"elementor-divider\">\n\t\t\t<span class=\"elementor-divider-separator\">\n\t\t\t\t\t\t<\/span>\n\t\t<\/div>\n\t\t\t\t\t\t<\/div>\n\t\t\t\t<\/div>\n\t\t\t\t<div class=\"elementor-element elementor-element-24c06a5 elementor-widget elementor-widget-heading\" data-id=\"24c06a5\" data-element_type=\"widget\" data-widget_type=\"heading.default\">\n\t\t\t\t<div class=\"elementor-widget-container\">\n\t\t\t\t\t<h4 class=\"elementor-heading-title elementor-size-default\"><a href=\"https:\/\/novatork.eu\/de\/preset-torque-wrenches\/\">Preset-Typ<\/a><\/h4>\t\t\t\t<\/div>\n\t\t\t\t<\/div>\n\t\t\t\t<div class=\"elementor-element elementor-element-e60abf0 elementor-widget elementor-widget-text-editor\" data-id=\"e60abf0\" data-element_type=\"widget\" data-widget_type=\"text-editor.default\">\n\t\t\t\t<div class=\"elementor-widget-container\">\n\t\t\t\t\t\t\t\t\t<p>Werkseitig oder benutzerseitig voreingestellter Drehmomentwert, um \u00dcberdrehen zu verhindern und Wiederholgenauigkeit zu gew\u00e4hrleisten. Perfekt f\u00fcr Produktionsumgebungen mit einem festen Drehmomentbedarf.<\/p>\t\t\t\t\t\t\t\t<\/div>\n\t\t\t\t<\/div>\n\t\t\t\t<div class=\"elementor-element elementor-element-535b732 elementor-widget-divider--view-line elementor-widget elementor-widget-divider\" data-id=\"535b732\" data-element_type=\"widget\" data-widget_type=\"divider.default\">\n\t\t\t\t<div class=\"elementor-widget-container\">\n\t\t\t\t\t\t\t<div class=\"elementor-divider\">\n\t\t\t<span class=\"elementor-divider-separator\">\n\t\t\t\t\t\t<\/span>\n\t\t<\/div>\n\t\t\t\t\t\t<\/div>\n\t\t\t\t<\/div>\n\t\t\t\t<div class=\"elementor-element elementor-element-add5a83 elementor-widget elementor-widget-heading\" data-id=\"add5a83\" data-element_type=\"widget\" data-widget_type=\"heading.default\">\n\t\t\t\t<div class=\"elementor-widget-container\">\n\t\t\t\t\t<h4 class=\"elementor-heading-title elementor-size-default\"><a href=\"https:\/\/novatork.eu\/de\/electronic-torque-wrenches\/\">Elektronischer Typ<\/a><\/h4>\t\t\t\t<\/div>\n\t\t\t\t<\/div>\n\t\t\t\t<div class=\"elementor-element elementor-element-4228777 elementor-widget elementor-widget-text-editor\" data-id=\"4228777\" data-element_type=\"widget\" data-widget_type=\"text-editor.default\">\n\t\t\t\t<div class=\"elementor-widget-container\">\n\t\t\t\t\t\t\t\t\t<p>Digitale Drehmomentschl\u00fcssel mit hoher Genauigkeit und erweiterten Funktionen wie Datenerfassung und Alarme. Entwickelt f\u00fcr pr\u00e4zises Arbeiten, R\u00fcckverfolgbarkeit und Qualit\u00e4tskontrolle.<\/p>\t\t\t\t\t\t\t\t<\/div>\n\t\t\t\t<\/div>\n\t\t\t\t<\/div>\n\t\t\t\t<\/div>\n\t\t\t\t<\/div>\n\t\t\t\t\t<\/div>\n\t\t\t\t<\/div>\n\t\t<div class=\"elementor-element elementor-element-be8288c e-flex e-con-boxed e-con e-parent\" data-id=\"be8288c\" data-element_type=\"container\">\n\t\t\t\t\t<div class=\"e-con-inner\">\n\t\t<div class=\"elementor-element elementor-element-0eb4a56 e-con-full e-flex e-con e-child\" data-id=\"0eb4a56\" data-element_type=\"container\">\n\t\t\t\t<div class=\"elementor-element elementor-element-4384ec5 elementor-align-center elementor-widget elementor-widget-button\" data-id=\"4384ec5\" data-element_type=\"widget\" data-widget_type=\"button.default\">\n\t\t\t\t<div class=\"elementor-widget-container\">\n\t\t\t\t\t\t\t\t\t<div class=\"elementor-button-wrapper\">\n\t\t\t\t\t<a class=\"elementor-button elementor-button-link elementor-size-sm\" href=\"https:\/\/novatork.eu\/de\/mechanical-adjustable-torque-wrenches\/\">\n\t\t\t\t\t\t<span class=\"elementor-button-content-wrapper\">\n\t\t\t\t\t\t\t\t\t<span class=\"elementor-button-text\">Mechanisch Einstellbarer Typ<\/span>\n\t\t\t\t\t<\/span>\n\t\t\t\t\t<\/a>\n\t\t\t\t<\/div>\n\t\t\t\t\t\t\t\t<\/div>\n\t\t\t\t<\/div>\n\t\t\t\t<\/div>\n\t\t<div class=\"elementor-element elementor-element-6d53cff e-con-full e-flex e-con e-child\" data-id=\"6d53cff\" data-element_type=\"container\">\n\t\t\t\t<div class=\"elementor-element elementor-element-a453b06 elementor-align-center elementor-widget elementor-widget-button\" data-id=\"a453b06\" data-element_type=\"widget\" data-widget_type=\"button.default\">\n\t\t\t\t<div class=\"elementor-widget-container\">\n\t\t\t\t\t\t\t\t\t<div class=\"elementor-button-wrapper\">\n\t\t\t\t\t<a class=\"elementor-button elementor-button-link elementor-size-sm\" href=\"\">\n\t\t\t\t\t\t<span class=\"elementor-button-content-wrapper\">\n\t\t\t\t\t\t\t\t\t<span class=\"elementor-button-text\">Preset-Typ<\/span>\n\t\t\t\t\t<\/span>\n\t\t\t\t\t<\/a>\n\t\t\t\t<\/div>\n\t\t\t\t\t\t\t\t<\/div>\n\t\t\t\t<\/div>\n\t\t\t\t<\/div>\n\t\t<div class=\"elementor-element elementor-element-a688619 e-con-full e-flex e-con e-child\" data-id=\"a688619\" data-element_type=\"container\">\n\t\t\t\t<div class=\"elementor-element elementor-element-a966421 elementor-align-center elementor-widget elementor-widget-button\" data-id=\"a966421\" data-element_type=\"widget\" data-widget_type=\"button.default\">\n\t\t\t\t<div class=\"elementor-widget-container\">\n\t\t\t\t\t\t\t\t\t<div class=\"elementor-button-wrapper\">\n\t\t\t\t\t<a class=\"elementor-button elementor-button-link elementor-size-sm\" href=\"https:\/\/novatork.eu\/de\/dial-torque-wrenches\/\">\n\t\t\t\t\t\t<span class=\"elementor-button-content-wrapper\">\n\t\t\t\t\t\t\t\t\t<span class=\"elementor-button-text\">Zifferblatt-Typ<\/span>\n\t\t\t\t\t<\/span>\n\t\t\t\t\t<\/a>\n\t\t\t\t<\/div>\n\t\t\t\t\t\t\t\t<\/div>\n\t\t\t\t<\/div>\n\t\t\t\t<\/div>\n\t\t<div class=\"elementor-element elementor-element-3263c62 e-con-full e-flex e-con e-child\" data-id=\"3263c62\" data-element_type=\"container\">\n\t\t\t\t<div class=\"elementor-element elementor-element-18168eb elementor-align-center elementor-widget elementor-widget-button\" data-id=\"18168eb\" data-element_type=\"widget\" data-widget_type=\"button.default\">\n\t\t\t\t<div class=\"elementor-widget-container\">\n\t\t\t\t\t\t\t\t\t<div class=\"elementor-button-wrapper\">\n\t\t\t\t\t<a class=\"elementor-button elementor-button-link elementor-size-sm\" href=\"https:\/\/novatork.eu\/de\/electronic-torque-wrenches\/\">\n\t\t\t\t\t\t<span class=\"elementor-button-content-wrapper\">\n\t\t\t\t\t\t\t\t\t<span class=\"elementor-button-text\">Elektronischer Typ<\/span>\n\t\t\t\t\t<\/span>\n\t\t\t\t\t<\/a>\n\t\t\t\t<\/div>\n\t\t\t\t\t\t\t\t<\/div>\n\t\t\t\t<\/div>\n\t\t\t\t<\/div>\n\t\t\t\t\t<\/div>\n\t\t\t\t<\/div>\n\t\t\t\t<section class=\"elementor-section elementor-top-section elementor-element elementor-element-add4951 elementor-section-content-middle elementor-section-boxed elementor-section-height-default elementor-section-height-default\" data-id=\"add4951\" data-element_type=\"section\" data-settings=\"{&quot;background_background&quot;:&quot;classic&quot;}\">\n\t\t\t\t\t\t\t<div class=\"elementor-background-overlay\"><\/div>\n\t\t\t\t\t\t\t<div class=\"elementor-container elementor-column-gap-no\">\n\t\t\t\t\t<div class=\"elementor-column elementor-col-50 elementor-top-column elementor-element elementor-element-578ca5f\" data-id=\"578ca5f\" data-element_type=\"column\" data-settings=\"{&quot;background_background&quot;:&quot;classic&quot;}\">\n\t\t\t<div class=\"elementor-widget-wrap elementor-element-populated\">\n\t\t\t\t\t\t<div class=\"elementor-element elementor-element-e3f69e6 elementor-widget elementor-widget-heading\" data-id=\"e3f69e6\" data-element_type=\"widget\" data-widget_type=\"heading.default\">\n\t\t\t\t<div class=\"elementor-widget-container\">\n\t\t\t\t\t<h2 class=\"elementor-heading-title elementor-size-default\">Kontaktieren Sie uns noch heute<\/h2>\t\t\t\t<\/div>\n\t\t\t\t<\/div>\n\t\t\t\t<div class=\"elementor-element elementor-element-6d91e9a elementor-widget elementor-widget-text-editor\" data-id=\"6d91e9a\" data-element_type=\"widget\" data-widget_type=\"text-editor.default\">\n\t\t\t\t<div class=\"elementor-widget-container\">\n\t\t\t\t\t\t\t\t\t<p data-start=\"18\" data-end=\"280\">Haben Sie Fragen zu unseren Produkten, ben\u00f6tigen technische Unterst\u00fctzung oder m\u00f6chten eine Bestellung aufgeben? Unser Team ist f\u00fcr Sie da. Egal, ob Sie Produktinformationen, ein Angebot, Unterst\u00fctzung bei der Anwendung oder Hilfe beim Einkauf ben\u00f6tigen \u2013 wir unterst\u00fctzen Sie gerne bei Ihren Anforderungen.<\/p><p data-start=\"282\" data-end=\"442\" data-is-last-node=\"\" data-is-only-node=\"\">Nehmen Sie \u00fcber unser Kontaktformular Kontakt mit uns auf, senden Sie uns eine E-Mail oder rufen Sie uns an \u2013 wir stellen sicher, dass Sie schnell und effizient die passende L\u00f6sung erhalten.<\/p>\t\t\t\t\t\t\t\t<\/div>\n\t\t\t\t<\/div>\n\t\t\t\t<div class=\"elementor-element elementor-element-b19de22 elementor-align-left elementor-widget elementor-widget-button\" data-id=\"b19de22\" data-element_type=\"widget\" data-widget_type=\"button.default\">\n\t\t\t\t<div class=\"elementor-widget-container\">\n\t\t\t\t\t\t\t\t\t<div class=\"elementor-button-wrapper\">\n\t\t\t\t\t<a class=\"elementor-button elementor-button-link elementor-size-sm\" href=\"https:\/\/novatork.eu\/de\/contact\/\">\n\t\t\t\t\t\t<span class=\"elementor-button-content-wrapper\">\n\t\t\t\t\t\t\t\t\t<span class=\"elementor-button-text\">Kontaktformular<\/span>\n\t\t\t\t\t<\/span>\n\t\t\t\t\t<\/a>\n\t\t\t\t<\/div>\n\t\t\t\t\t\t\t\t<\/div>\n\t\t\t\t<\/div>\n\t\t\t\t\t<\/div>\n\t\t<\/div>\n\t\t\t\t<div class=\"elementor-column elementor-col-50 elementor-top-column elementor-element elementor-element-4e5df61\" data-id=\"4e5df61\" data-element_type=\"column\">\n\t\t\t<div class=\"elementor-widget-wrap elementor-element-populated\">\n\t\t\t\t\t\t<div class=\"elementor-element elementor-element-0bb2b26 elementor-widget__width-initial elementor-icon-list--layout-traditional elementor-list-item-link-full_width elementor-widget elementor-widget-icon-list\" data-id=\"0bb2b26\" data-element_type=\"widget\" data-widget_type=\"icon-list.default\">\n\t\t\t\t<div class=\"elementor-widget-container\">\n\t\t\t\t\t\t\t<ul class=\"elementor-icon-list-items\">\n\t\t\t\t\t\t\t<li class=\"elementor-icon-list-item\">\n\t\t\t\t\t\t\t\t\t\t\t<span class=\"elementor-icon-list-icon\">\n\t\t\t\t\t\t\t<i aria-hidden=\"true\" class=\"fas fa-map-marker-alt\"><\/i>\t\t\t\t\t\t<\/span>\n\t\t\t\t\t\t\t\t\t\t<span class=\"elementor-icon-list-text\">Kristineholmsv\u00e4gen 10N, 441 39 Alings\u00e5s, Schweden<\/span>\n\t\t\t\t\t\t\t\t\t<\/li>\n\t\t\t\t\t\t\t\t<li class=\"elementor-icon-list-item\">\n\t\t\t\t\t\t\t\t\t\t\t<span class=\"elementor-icon-list-icon\">\n\t\t\t\t\t\t\t<i aria-hidden=\"true\" class=\"far fa-envelope\"><\/i>\t\t\t\t\t\t<\/span>\n\t\t\t\t\t\t\t\t\t\t<span class=\"elementor-icon-list-text\"> info@novatork.eu<\/span>\n\t\t\t\t\t\t\t\t\t<\/li>\n\t\t\t\t\t\t\t\t<li class=\"elementor-icon-list-item\">\n\t\t\t\t\t\t\t\t\t\t\t<span class=\"elementor-icon-list-icon\">\n\t\t\t\t\t\t\t<i aria-hidden=\"true\" class=\"fas fa-phone-alt\"><\/i>\t\t\t\t\t\t<\/span>\n\t\t\t\t\t\t\t\t\t\t<span class=\"elementor-icon-list-text\">+46 (0) 322 61 14 66<\/span>\n\t\t\t\t\t\t\t\t\t<\/li>\n\t\t\t\t\t\t<\/ul>\n\t\t\t\t\t\t<\/div>\n\t\t\t\t<\/div>\n\t\t\t\t<div class=\"elementor-element elementor-element-c30b621 elementor-widget elementor-widget-google_maps\" data-id=\"c30b621\" data-element_type=\"widget\" data-widget_type=\"google_maps.default\">\n\t\t\t\t<div class=\"elementor-widget-container\">\n\t\t\t\t\t\t\t<div class=\"elementor-custom-embed\">\n\t\t\t<iframe loading=\"lazy\"\n\t\t\t\t\tsrc=\"https:\/\/maps.google.com\/maps?q=Kristineholmsv%C3%A4gen%2010N%2C%20441%2039%20Alings%C3%A5s%E2%80%8B&#038;t=m&#038;z=15&#038;output=embed&#038;iwloc=near\"\n\t\t\t\t\ttitle=\"Kristineholmsv\u00e4gen 10N, 441 39 Alings\u00e5s\"\n\t\t\t\t\taria-label=\"Kristineholmsv\u00e4gen 10N, 441 39 Alings\u00e5s\"\n\t\t\t><\/iframe>\n\t\t<\/div>\n\t\t\t\t\t\t<\/div>\n\t\t\t\t<\/div>\n\t\t\t\t\t<\/div>\n\t\t<\/div>\n\t\t\t\t\t<\/div>\n\t\t<\/section>\n\t\t<div class=\"elementor-element elementor-element-d37821c e-flex e-con-boxed e-con e-parent\" data-id=\"d37821c\" data-element_type=\"container\">\n\t\t\t\t\t<div class=\"e-con-inner\">\n\t\t\t\t<div class=\"elementor-element elementor-element-374a3f9 elementor-fixed elementor-view-default elementor-widget elementor-widget-icon\" data-id=\"374a3f9\" data-element_type=\"widget\" data-settings=\"{&quot;_position&quot;:&quot;fixed&quot;}\" data-widget_type=\"icon.default\">\n\t\t\t\t<div class=\"elementor-widget-container\">\n\t\t\t\t\t\t\t<div class=\"elementor-icon-wrapper\">\n\t\t\t<a class=\"elementor-icon elementor-animation-shrink\" href=\"#top\">\n\t\t\t<i aria-hidden=\"true\" class=\"fas fa-arrow-alt-circle-up\"><\/i>\t\t\t<\/a>\n\t\t<\/div>\n\t\t\t\t\t\t<\/div>\n\t\t\t\t<\/div>\n\t\t\t\t\t<\/div>\n\t\t\t\t<\/div>\n\t\t\t\t<\/div>","protected":false},"excerpt":{"rendered":"<p>Torque Wrenches Explore our Torque Wrenches Mechanical Adjustable Type\u200b Versatile torque wrenches with an adjustable setting for a wide range of applications. Ideal for general assembly and maintenance where flexibility is needed. Dial Type\u200b Clear dial display provides real-time torque reading during tightening. Suitable for inspection, testing, and applications where visual control is important. Preset [&hellip;]<\/p>\n","protected":false},"author":1,"featured_media":0,"parent":0,"menu_order":0,"comment_status":"closed","ping_status":"closed","template":"","meta":{"_monsterinsights_skip_tracking":false,"_monsterinsights_sitenote_active":false,"_monsterinsights_sitenote_note":"","_monsterinsights_sitenote_category":0,"site-sidebar-layout":"no-sidebar","site-content-layout":"page-builder","ast-site-content-layout":"full-width-container","site-content-style":"default","site-sidebar-style":"default","ast-global-header-display":"","ast-banner-title-visibility":"","ast-main-header-display":"","ast-hfb-above-header-display":"","ast-hfb-below-header-display":"","ast-hfb-mobile-header-display":"","site-post-title":"","ast-breadcrumbs-content":"","ast-featured-img":"disabled","footer-sml-layout":"","ast-disable-related-posts":"","theme-transparent-header-meta":"","adv-header-id-meta":"","stick-header-meta":"","header-above-stick-meta":"","header-main-stick-meta":"","header-below-stick-meta":"","astra-migrate-meta-layouts":"default","ast-page-background-enabled":"default","ast-page-background-meta":{"desktop":{"background-color":"","background-image":"","background-repeat":"repeat","background-position":"center center","background-size":"auto","background-attachment":"scroll","background-type":"","background-media":"","overlay-type":"","overlay-color":"","overlay-opacity":"","overlay-gradient":""},"tablet":{"background-color":"","background-image":"","background-repeat":"repeat","background-position":"center center","background-size":"auto","background-attachment":"scroll","background-type":"","background-media":"","overlay-type":"","overlay-color":"","overlay-opacity":"","overlay-gradient":""},"mobile":{"background-color":"","background-image":"","background-repeat":"repeat","background-position":"center center","background-size":"auto","background-attachment":"scroll","background-type":"","background-media":"","overlay-type":"","overlay-color":"","overlay-opacity":"","overlay-gradient":""}},"ast-content-background-meta":{"desktop":{"background-color":"var(--ast-global-color-5)","background-image":"","background-repeat":"repeat","background-position":"center center","background-size":"auto","background-attachment":"scroll","background-type":"","background-media":"","overlay-type":"","overlay-color":"","overlay-opacity":"","overlay-gradient":""},"tablet":{"background-color":"var(--ast-global-color-5)","background-image":"","background-repeat":"repeat","background-position":"center center","background-size":"auto","background-attachment":"scroll","background-type":"","background-media":"","overlay-type":"","overlay-color":"","overlay-opacity":"","overlay-gradient":""},"mobile":{"background-color":"var(--ast-global-color-5)","background-image":"","background-repeat":"repeat","background-position":"center center","background-size":"auto","background-attachment":"scroll","background-type":"","background-media":"","overlay-type":"","overlay-color":"","overlay-opacity":"","overlay-gradient":""}},"footnotes":""},"class_list":["post-445","page","type-page","status-publish","hentry"],"aioseo_notices":[],"_links":{"self":[{"href":"https:\/\/novatork.eu\/de\/wp-json\/wp\/v2\/pages\/445","targetHints":{"allow":["GET"]}}],"collection":[{"href":"https:\/\/novatork.eu\/de\/wp-json\/wp\/v2\/pages"}],"about":[{"href":"https:\/\/novatork.eu\/de\/wp-json\/wp\/v2\/types\/page"}],"author":[{"embeddable":true,"href":"https:\/\/novatork.eu\/de\/wp-json\/wp\/v2\/users\/1"}],"replies":[{"embeddable":true,"href":"https:\/\/novatork.eu\/de\/wp-json\/wp\/v2\/comments?post=445"}],"version-history":[{"count":25,"href":"https:\/\/novatork.eu\/de\/wp-json\/wp\/v2\/pages\/445\/revisions"}],"predecessor-version":[{"id":2433,"href":"https:\/\/novatork.eu\/de\/wp-json\/wp\/v2\/pages\/445\/revisions\/2433"}],"wp:attachment":[{"href":"https:\/\/novatork.eu\/de\/wp-json\/wp\/v2\/media?parent=445"}],"curies":[{"name":"wp","href":"https:\/\/api.w.org\/{rel}","templated":true}]}}