{"id":1675,"date":"2026-01-23T09:12:54","date_gmt":"2026-01-23T09:12:54","guid":{"rendered":"https:\/\/novatork.eu\/?page_id=1675"},"modified":"2026-02-10T19:37:32","modified_gmt":"2026-02-10T19:37:32","slug":"legal-information-privacy","status":"publish","type":"page","link":"https:\/\/novatork.eu\/de\/legal-information-privacy\/","title":{"rendered":"Impressum &amp; Datenschutz"},"content":{"rendered":"<div data-elementor-type=\"wp-page\" data-elementor-id=\"1675\" class=\"elementor elementor-1675\">\n\t\t\t\t<div class=\"elementor-element elementor-element-g7zi6yh e-flex e-con-boxed e-con e-parent\" data-id=\"g7zi6yh\" data-element_type=\"container\" data-settings=\"{&quot;background_background&quot;:&quot;classic&quot;}\">\n\t\t\t\t\t<div class=\"e-con-inner\">\n\t\t<div class=\"elementor-element elementor-element-6879a86 e-con-full e-flex e-con e-child\" data-id=\"6879a86\" data-element_type=\"container\">\n\t\t\t\t<div class=\"elementor-element elementor-element-05d7341 elementor-widget elementor-widget-heading\" data-id=\"05d7341\" data-element_type=\"widget\" data-widget_type=\"heading.default\">\n\t\t\t\t<div class=\"elementor-widget-container\">\n\t\t\t\t\t<h1 class=\"elementor-heading-title elementor-size-default\">Impressum &amp; Datenschutz<\/h1>\t\t\t\t<\/div>\n\t\t\t\t<\/div>\n\t\t\t\t<\/div>\n\t\t\t\t\t<\/div>\n\t\t\t\t<\/div>\n\t\t<div class=\"elementor-element elementor-element-0oqtpk2 e-flex e-con-boxed e-con e-parent\" data-id=\"0oqtpk2\" data-element_type=\"container\" data-settings=\"{&quot;background_background&quot;:&quot;classic&quot;}\">\n\t\t\t\t\t<div class=\"e-con-inner\">\n\t\t<div class=\"elementor-element elementor-element-70f9cbe e-con-full e-flex e-con e-child\" data-id=\"70f9cbe\" data-element_type=\"container\">\n\t\t\t\t<div class=\"elementor-element elementor-element-35f6959 elementor-widget elementor-widget-heading\" data-id=\"35f6959\" data-element_type=\"widget\" data-widget_type=\"heading.default\">\n\t\t\t\t<div class=\"elementor-widget-container\">\n\t\t\t\t\t<h2 class=\"elementor-heading-title elementor-size-default\">Firmeninformationen<\/h2>\t\t\t\t<\/div>\n\t\t\t\t<\/div>\n\t\t\t\t<div class=\"elementor-element elementor-element-89bc64a elementor-widget elementor-widget-heading\" data-id=\"89bc64a\" data-element_type=\"widget\" data-widget_type=\"heading.default\">\n\t\t\t\t<div class=\"elementor-widget-container\">\n\t\t\t\t\t<h5 class=\"elementor-heading-title elementor-size-default\">Diese Website wird betrieben von:\n<\/h5>\t\t\t\t<\/div>\n\t\t\t\t<\/div>\n\t\t\t\t<\/div>\n\t\t<div class=\"elementor-element elementor-element-b486ea1 e-con-full e-flex e-con e-child\" data-id=\"b486ea1\" data-element_type=\"container\">\n\t\t\t\t<div class=\"elementor-element elementor-element-cc46830 elementor-widget elementor-widget-text-editor\" data-id=\"cc46830\" data-element_type=\"widget\" data-widget_type=\"text-editor.default\">\n\t\t\t\t<div class=\"elementor-widget-container\">\n\t\t\t\t\t\t\t\t\t<p data-start=\"477\" data-end=\"584\"><strong data-start=\"477\" data-end=\"490\">NovaTork Europa<\/strong><br data-start=\"490\" data-end=\"493\" \/>Organisationsnummer: 556448-8913<br data-start=\"525\" data-end=\"528\" \/>VAT nummer: SE556448891301<br data-start=\"554\" data-end=\"557\" \/>EORI nummer: SE5564488913<\/p><p data-start=\"663\" data-end=\"735\"><strong data-start=\"663\" data-end=\"692\">Rechnungs- &amp; Postanschrift:<\/strong><br data-start=\"692\" data-end=\"695\" \/>Buregatan 1<br data-start=\"706\" data-end=\"709\" \/>441 51 Alings\u00e5s<br data-start=\"724\" data-end=\"727\" \/>Schweden<\/p><p data-start=\"737\" data-end=\"799\"><strong data-start=\"737\" data-end=\"747\">E-mail:<\/strong> <a class=\"decorated-link cursor-pointer\" rel=\"noopener\" data-start=\"748\" data-end=\"764\">info@novatork.eu<\/a><br data-start=\"764\" data-end=\"767\" \/><strong data-start=\"767\" data-end=\"777\">Telefon:<\/strong> +46 (0)322 61 14 66<\/p>\t\t\t\t\t\t\t\t<\/div>\n\t\t\t\t<\/div>\n\t\t\t\t<\/div>\n\t\t\t\t\t<\/div>\n\t\t\t\t<\/div>\n\t\t<div class=\"elementor-element elementor-element-dab6057 e-flex e-con-boxed e-con e-parent\" data-id=\"dab6057\" data-element_type=\"container\">\n\t\t\t\t\t<div class=\"e-con-inner\">\n\t\t<div class=\"elementor-element elementor-element-1545274 e-con-full e-flex e-con e-child\" data-id=\"1545274\" data-element_type=\"container\">\n\t\t\t\t<div class=\"elementor-element elementor-element-f7b7fc7 elementor-widget-divider--view-line elementor-widget elementor-widget-divider\" data-id=\"f7b7fc7\" data-element_type=\"widget\" data-widget_type=\"divider.default\">\n\t\t\t\t<div class=\"elementor-widget-container\">\n\t\t\t\t\t\t\t<div class=\"elementor-divider\">\n\t\t\t<span class=\"elementor-divider-separator\">\n\t\t\t\t\t\t<\/span>\n\t\t<\/div>\n\t\t\t\t\t\t<\/div>\n\t\t\t\t<\/div>\n\t\t\t\t<div class=\"elementor-element elementor-element-abddd89 elementor-widget elementor-widget-heading\" data-id=\"abddd89\" data-element_type=\"widget\" data-widget_type=\"heading.default\">\n\t\t\t\t<div class=\"elementor-widget-container\">\n\t\t\t\t\t<h3 class=\"elementor-heading-title elementor-size-default\">Datenschutzerkl\u00e4rung<\/h3>\t\t\t\t<\/div>\n\t\t\t\t<\/div>\n\t\t\t\t<div class=\"elementor-element elementor-element-a465c5f elementor-widget elementor-widget-text-editor\" data-id=\"a465c5f\" data-element_type=\"widget\" data-widget_type=\"text-editor.default\">\n\t\t\t\t<div class=\"elementor-widget-container\">\n\t\t\t\t\t\t\t\t\t<p>NovaTork Europe respektiert Ihre Privatsph\u00e4re und verpflichtet sich, Ihre personenbezogenen Daten gem\u00e4\u00df der Datenschutz-Grundverordnung (DSGVO) zu sch\u00fctzen.<\/p>\t\t\t\t\t\t\t\t<\/div>\n\t\t\t\t<\/div>\n\t\t\t\t<div class=\"elementor-element elementor-element-0709ba1 elementor-widget elementor-widget-heading\" data-id=\"0709ba1\" data-element_type=\"widget\" data-widget_type=\"heading.default\">\n\t\t\t\t<div class=\"elementor-widget-container\">\n\t\t\t\t\t<h4 class=\"elementor-heading-title elementor-size-default\">Welche personenbezogenen Daten wir erfassen<\/h4>\t\t\t\t<\/div>\n\t\t\t\t<\/div>\n\t\t\t\t<div class=\"elementor-element elementor-element-399ba33 elementor-widget elementor-widget-text-editor\" data-id=\"399ba33\" data-element_type=\"widget\" data-widget_type=\"text-editor.default\">\n\t\t\t\t<div class=\"elementor-widget-container\">\n\t\t\t\t\t\t\t\t\t<p data-start=\"1016\" data-end=\"1096\">Beim Besuch unserer Website k\u00f6nnen wir die folgenden personenbezogenen Daten erheben und verarbeiten:<\/p><ul><li data-start=\"1099\" data-end=\"1103\">Name<\/li><li data-start=\"1106\" data-end=\"1118\">Firmenname<\/li><li data-start=\"1121\" data-end=\"1134\">E-Mail-Adresse<\/li><li data-start=\"1137\" data-end=\"1149\">Telefonnummer<\/li><li data-start=\"1152\" data-end=\"1159\">Land<\/li><li data-start=\"1162\" data-end=\"1229\">Alle Informationen, die Sie in Kontaktformularen oder bei der Anmeldung zum Newsletter angeben<\/li><li data-start=\"1232\" data-end=\"1312\">Technische Daten wie IP-Adresse und Browsertyp (f\u00fcr die grundlegende Funktionalit\u00e4t der Website)<\/li><\/ul>\t\t\t\t\t\t\t\t<\/div>\n\t\t\t\t<\/div>\n\t\t\t\t<div class=\"elementor-element elementor-element-b3b0071 elementor-widget elementor-widget-heading\" data-id=\"b3b0071\" data-element_type=\"widget\" data-widget_type=\"heading.default\">\n\t\t\t\t<div class=\"elementor-widget-container\">\n\t\t\t\t\t<h4 class=\"elementor-heading-title elementor-size-default\">Wie wir Ihre Daten verwenden<\/h4>\t\t\t\t<\/div>\n\t\t\t\t<\/div>\n\t\t\t\t<div class=\"elementor-element elementor-element-ab53a84 elementor-widget elementor-widget-text-editor\" data-id=\"ab53a84\" data-element_type=\"widget\" data-widget_type=\"text-editor.default\">\n\t\t\t\t<div class=\"elementor-widget-container\">\n\t\t\t\t\t\t\t\t\t<p data-start=\"1343\" data-end=\"1400\">Wir verarbeiten Ihre personenbezogenen Daten zu folgenden Zwecken:<\/p><ul><li data-start=\"1403\" data-end=\"1449\">Um Anfragen und Kontaktw\u00fcnsche zu beantworten<\/li><li data-start=\"1452\" data-end=\"1522\">Zur Bereitstellung von Angeboten oder Informationen zu unseren Produkten und Dienstleistungen<\/li><li data-start=\"1525\" data-end=\"1581\">Zum Versand von Newslettern und Updates, sofern Sie abonniert haben<\/li><li data-start=\"1584\" data-end=\"1643\">Zur Gew\u00e4hrleistung der ordnungsgem\u00e4\u00dfen technischen Funktion der Website<\/li><\/ul>\t\t\t\t\t\t\t\t<\/div>\n\t\t\t\t<\/div>\n\t\t\t\t<div class=\"elementor-element elementor-element-7dde5ec elementor-widget elementor-widget-heading\" data-id=\"7dde5ec\" data-element_type=\"widget\" data-widget_type=\"heading.default\">\n\t\t\t\t<div class=\"elementor-widget-container\">\n\t\t\t\t\t<h4 class=\"elementor-heading-title elementor-size-default\">Rechtsgrundlage der Verarbeitung<\/h4>\t\t\t\t<\/div>\n\t\t\t\t<\/div>\n\t\t\t\t<div class=\"elementor-element elementor-element-ba3756d elementor-widget elementor-widget-text-editor\" data-id=\"ba3756d\" data-element_type=\"widget\" data-widget_type=\"text-editor.default\">\n\t\t\t\t<div class=\"elementor-widget-container\">\n\t\t\t\t\t\t\t\t\t<p data-start=\"1680\" data-end=\"1714\">Wir verarbeiten personenbezogene Daten auf Grundlage von:<\/p><ul><li data-start=\"1717\" data-end=\"1792\">Ihrer Einwilligung (z.\u202fB. bei Absenden eines Formulars oder Anmeldung zum Newsletter)<\/li><li data-start=\"1795\" data-end=\"1854\">Berechtigtem Interesse (z.\u202fB. zur Beantwortung von Gesch\u00e4ftsanfragen)<\/li><\/ul>\t\t\t\t\t\t\t\t<\/div>\n\t\t\t\t<\/div>\n\t\t\t\t<div class=\"elementor-element elementor-element-0a4b67c elementor-widget elementor-widget-heading\" data-id=\"0a4b67c\" data-element_type=\"widget\" data-widget_type=\"heading.default\">\n\t\t\t\t<div class=\"elementor-widget-container\">\n\t\t\t\t\t<h4 class=\"elementor-heading-title elementor-size-default\">Datenaufbewahrung und -speicherung<\/h4>\t\t\t\t<\/div>\n\t\t\t\t<\/div>\n\t\t\t\t<div class=\"elementor-element elementor-element-b632d54 elementor-widget elementor-widget-text-editor\" data-id=\"b632d54\" data-element_type=\"widget\" data-widget_type=\"text-editor.default\">\n\t\t\t\t<div class=\"elementor-widget-container\">\n\t\t\t\t\t\t\t\t\t<p data-start=\"1680\" data-end=\"1714\">Ihre personenbezogenen Daten werden nur so lange gespeichert, wie es zur Erf\u00fcllung des Zwecks, f\u00fcr den sie erhoben wurden, oder zur Einhaltung gesetzlicher Verpflichtungen erforderlich ist.<\/p>\t\t\t\t\t\t\t\t<\/div>\n\t\t\t\t<\/div>\n\t\t\t\t<\/div>\n\t\t\t\t\t<\/div>\n\t\t\t\t<\/div>\n\t\t<div class=\"elementor-element elementor-element-2mq2xus e-flex e-con-boxed e-con e-parent\" data-id=\"2mq2xus\" data-element_type=\"container\">\n\t\t\t\t\t<div class=\"e-con-inner\">\n\t\t<div class=\"elementor-element elementor-element-da25a79 e-con-full e-flex e-con e-child\" data-id=\"da25a79\" data-element_type=\"container\">\n\t\t\t\t<div class=\"elementor-element elementor-element-ba12a34 elementor-widget-divider--view-line elementor-widget elementor-widget-divider\" data-id=\"ba12a34\" data-element_type=\"widget\" data-widget_type=\"divider.default\">\n\t\t\t\t<div class=\"elementor-widget-container\">\n\t\t\t\t\t\t\t<div class=\"elementor-divider\">\n\t\t\t<span class=\"elementor-divider-separator\">\n\t\t\t\t\t\t<\/span>\n\t\t<\/div>\n\t\t\t\t\t\t<\/div>\n\t\t\t\t<\/div>\n\t\t\t\t<div class=\"elementor-element elementor-element-93ae8cb elementor-widget elementor-widget-heading\" data-id=\"93ae8cb\" data-element_type=\"widget\" data-widget_type=\"heading.default\">\n\t\t\t\t<div class=\"elementor-widget-container\">\n\t\t\t\t\t<h3 class=\"elementor-heading-title elementor-size-default\">Cookie-Richtlinie<\/h3>\t\t\t\t<\/div>\n\t\t\t\t<\/div>\n\t\t\t\t<div class=\"elementor-element elementor-element-aa86baf elementor-widget elementor-widget-text-editor\" data-id=\"aa86baf\" data-element_type=\"widget\" data-widget_type=\"text-editor.default\">\n\t\t\t\t<div class=\"elementor-widget-container\">\n\t\t\t\t\t\t\t\t\t<p data-start=\"2065\" data-end=\"2148\">Diese Website verwendet Cookies, um die grundlegende Funktionalit\u00e4t und ein gutes Nutzererlebnis sicherzustellen.<\/p>\t\t\t\t\t\t\t\t<\/div>\n\t\t\t\t<\/div>\n\t\t\t\t<div class=\"elementor-element elementor-element-85e76d4 elementor-widget elementor-widget-heading\" data-id=\"85e76d4\" data-element_type=\"widget\" data-widget_type=\"heading.default\">\n\t\t\t\t<div class=\"elementor-widget-container\">\n\t\t\t\t\t<h4 class=\"elementor-heading-title elementor-size-default\">Verwendete Cookie-Typen<\/h4>\t\t\t\t<\/div>\n\t\t\t\t<\/div>\n\t\t\t\t<div class=\"elementor-element elementor-element-12be2de elementor-widget elementor-widget-text-editor\" data-id=\"12be2de\" data-element_type=\"widget\" data-widget_type=\"text-editor.default\">\n\t\t\t\t<div class=\"elementor-widget-container\">\n\t\t\t\t\t\t\t\t\t<ul><li data-start=\"2182\" data-end=\"2253\"><strong data-start=\"2182\" data-end=\"2204\">Notwendige Cookies:<\/strong> Erforderlich, damit die Website korrekt funktioniert<\/li><li data-start=\"2256\" data-end=\"2328\"><strong data-start=\"2256\" data-end=\"2289\">WordPress-Funktionscookies:<\/strong> Werden verwendet, um grundlegende Website-Funktionen zu verwalten<\/li><\/ul><p data-start=\"2330\" data-end=\"2514\">Marketing- oder Tracking-Cookies: Werden von uns nicht absichtlich eingesetzt<br data-start=\"2388\" data-end=\"2391\" \/>Analytics-Cookies: Wenn sie durch Standard-WordPress-Funktionen oder Plugins verwendet werden, beschr\u00e4nken sie sich auf grundlegende, nicht-invasive Zwecke<\/p><p data-start=\"2516\" data-end=\"2649\">Sie k\u00f6nnen Cookies \u00fcber Ihre Browsereinstellungen verwalten oder deaktivieren. Bitte beachten Sie, dass eine Deaktivierung von Cookies die Funktionalit\u00e4t der Website beeintr\u00e4chtigen kann.<\/p>\t\t\t\t\t\t\t\t<\/div>\n\t\t\t\t<\/div>\n\t\t\t\t<\/div>\n\t\t\t\t\t<\/div>\n\t\t\t\t<\/div>\n\t\t<div class=\"elementor-element elementor-element-8e13dc3 e-flex e-con-boxed e-con e-parent\" data-id=\"8e13dc3\" data-element_type=\"container\">\n\t\t\t\t\t<div class=\"e-con-inner\">\n\t\t<div class=\"elementor-element elementor-element-5279583 e-con-full e-flex e-con e-child\" data-id=\"5279583\" data-element_type=\"container\">\n\t\t\t\t<div class=\"elementor-element elementor-element-82ed4eb elementor-widget-divider--view-line elementor-widget elementor-widget-divider\" data-id=\"82ed4eb\" data-element_type=\"widget\" data-widget_type=\"divider.default\">\n\t\t\t\t<div class=\"elementor-widget-container\">\n\t\t\t\t\t\t\t<div class=\"elementor-divider\">\n\t\t\t<span class=\"elementor-divider-separator\">\n\t\t\t\t\t\t<\/span>\n\t\t<\/div>\n\t\t\t\t\t\t<\/div>\n\t\t\t\t<\/div>\n\t\t\t\t<div class=\"elementor-element elementor-element-23b717e elementor-widget elementor-widget-heading\" data-id=\"23b717e\" data-element_type=\"widget\" data-widget_type=\"heading.default\">\n\t\t\t\t<div class=\"elementor-widget-container\">\n\t\t\t\t\t<h3 class=\"elementor-heading-title elementor-size-default\">Datenschutz &amp; Ihre Rechte<\/h3>\t\t\t\t<\/div>\n\t\t\t\t<\/div>\n\t\t\t\t<div class=\"elementor-element elementor-element-3c4ad93 elementor-widget elementor-widget-text-editor\" data-id=\"3c4ad93\" data-element_type=\"widget\" data-widget_type=\"text-editor.default\">\n\t\t\t\t<div class=\"elementor-widget-container\">\n\t\t\t\t\t\t\t\t\t<p data-start=\"2065\" data-end=\"2148\">Diese Website verwendet Cookies, um die grundlegende Funktionalit\u00e4t und ein gutes Nutzererlebnis sicherzustellen.<\/p>\t\t\t\t\t\t\t\t<\/div>\n\t\t\t\t<\/div>\n\t\t\t\t<div class=\"elementor-element elementor-element-4f0928a elementor-widget elementor-widget-heading\" data-id=\"4f0928a\" data-element_type=\"widget\" data-widget_type=\"heading.default\">\n\t\t\t\t<div class=\"elementor-widget-container\">\n\t\t\t\t\t<h4 class=\"elementor-heading-title elementor-size-default\">Unter der DSGVO haben Sie das Recht:<\/h4>\t\t\t\t<\/div>\n\t\t\t\t<\/div>\n\t\t\t\t<div class=\"elementor-element elementor-element-74111e0 elementor-widget elementor-widget-text-editor\" data-id=\"74111e0\" data-element_type=\"widget\" data-widget_type=\"text-editor.default\">\n\t\t\t\t<div class=\"elementor-widget-container\">\n\t\t\t\t\t\t\t\t\t<ul><li data-start=\"2731\" data-end=\"2769\">Zugang zu Ihren personenbezogenen Daten zu verlangen<\/li><li data-start=\"2772\" data-end=\"2817\">Die Berichtigung oder L\u00f6schung Ihrer Daten zu beantragen<\/li><li data-start=\"2820\" data-end=\"2850\">Ihre Einwilligung jederzeit zu widerrufen<\/li><li data-start=\"2853\" data-end=\"2887\">Der Verarbeitung zu widersprechen oder diese einzuschr\u00e4nken<\/li><li data-start=\"2890\" data-end=\"2937\">Eine Beschwerde bei einer Aufsichtsbeh\u00f6rde einzureichen<\/li><\/ul>\t\t\t\t\t\t\t\t<\/div>\n\t\t\t\t<\/div>\n\t\t\t\t<\/div>\n\t\t\t\t\t<\/div>\n\t\t\t\t<\/div>\n\t\t<div class=\"elementor-element elementor-element-fecfa16 e-flex e-con-boxed e-con e-parent\" data-id=\"fecfa16\" data-element_type=\"container\">\n\t\t\t\t\t<div class=\"e-con-inner\">\n\t\t<div class=\"elementor-element elementor-element-46736fe e-con-full e-flex e-con e-child\" data-id=\"46736fe\" data-element_type=\"container\">\n\t\t\t\t<div class=\"elementor-element elementor-element-a6e33e3 elementor-widget-divider--view-line elementor-widget elementor-widget-divider\" data-id=\"a6e33e3\" data-element_type=\"widget\" data-widget_type=\"divider.default\">\n\t\t\t\t<div class=\"elementor-widget-container\">\n\t\t\t\t\t\t\t<div class=\"elementor-divider\">\n\t\t\t<span class=\"elementor-divider-separator\">\n\t\t\t\t\t\t<\/span>\n\t\t<\/div>\n\t\t\t\t\t\t<\/div>\n\t\t\t\t<\/div>\n\t\t\t\t<div class=\"elementor-element elementor-element-c1eb9e4 elementor-widget elementor-widget-heading\" data-id=\"c1eb9e4\" data-element_type=\"widget\" data-widget_type=\"heading.default\">\n\t\t\t\t<div class=\"elementor-widget-container\">\n\t\t\t\t\t<h3 class=\"elementor-heading-title elementor-size-default\">Newsletter-Kommunikation<\/h3>\t\t\t\t<\/div>\n\t\t\t\t<\/div>\n\t\t\t\t<div class=\"elementor-element elementor-element-ab23819 elementor-widget elementor-widget-text-editor\" data-id=\"ab23819\" data-element_type=\"widget\" data-widget_type=\"text-editor.default\">\n\t\t\t\t<div class=\"elementor-widget-container\">\n\t\t\t\t\t\t\t\t\t<p data-start=\"2065\" data-end=\"2148\">Wenn Sie sich f\u00fcr unseren Newsletter anmelden, verwenden wir Ihre E-Mail-Adresse ausschlie\u00dflich, um relevante Unternehmensupdates, Produktinformationen oder branchenspezifische Neuigkeiten zu versenden.<br data-start=\"3197\" data-end=\"3200\" \/>Sie k\u00f6nnen sich jederzeit \u00fcber den in jeder E-Mail bereitgestellten Link abmelden.<\/p>\t\t\t\t\t\t\t\t<\/div>\n\t\t\t\t<\/div>\n\t\t\t\t<\/div>\n\t\t\t\t\t<\/div>\n\t\t\t\t<\/div>\n\t\t<div class=\"elementor-element elementor-element-87df85c e-flex e-con-boxed e-con e-parent\" data-id=\"87df85c\" data-element_type=\"container\">\n\t\t\t\t\t<div class=\"e-con-inner\">\n\t\t<div class=\"elementor-element elementor-element-6bafb9f e-con-full e-flex e-con e-child\" data-id=\"6bafb9f\" data-element_type=\"container\">\n\t\t\t\t<div class=\"elementor-element elementor-element-f942642 elementor-widget-divider--view-line elementor-widget elementor-widget-divider\" data-id=\"f942642\" data-element_type=\"widget\" data-widget_type=\"divider.default\">\n\t\t\t\t<div class=\"elementor-widget-container\">\n\t\t\t\t\t\t\t<div class=\"elementor-divider\">\n\t\t\t<span class=\"elementor-divider-separator\">\n\t\t\t\t\t\t<\/span>\n\t\t<\/div>\n\t\t\t\t\t\t<\/div>\n\t\t\t\t<\/div>\n\t\t\t\t<div class=\"elementor-element elementor-element-7a1169d elementor-widget elementor-widget-heading\" data-id=\"7a1169d\" data-element_type=\"widget\" data-widget_type=\"heading.default\">\n\t\t\t\t<div class=\"elementor-widget-container\">\n\t\t\t\t\t<h3 class=\"elementor-heading-title elementor-size-default\">Nutzungsbedingungen der Website<\/h3>\t\t\t\t<\/div>\n\t\t\t\t<\/div>\n\t\t\t\t<div class=\"elementor-element elementor-element-1683a12 elementor-widget elementor-widget-text-editor\" data-id=\"1683a12\" data-element_type=\"widget\" data-widget_type=\"text-editor.default\">\n\t\t\t\t<div class=\"elementor-widget-container\">\n\t\t\t\t\t\t\t\t\t<p data-start=\"3306\" data-end=\"3476\">Die Inhalte dieser Website dienen ausschlie\u00dflich allgemeinen Informationszwecken.<br data-start=\"3386\" data-end=\"3389\" \/>NovaTork Europe beh\u00e4lt sich das Recht vor, Inhalte jederzeit ohne vorherige Ank\u00fcndigung zu aktualisieren, zu \u00e4ndern oder zu entfernen.<\/p><p data-start=\"3478\" data-end=\"3612\">Alle Texte, Bilder und Materialien auf dieser Website sind Eigentum von NovaTork Europe oder seinen Partnern und d\u00fcrfen ohne Genehmigung nicht verwendet werden.<\/p>\t\t\t\t\t\t\t\t<\/div>\n\t\t\t\t<\/div>\n\t\t\t\t<\/div>\n\t\t\t\t\t<\/div>\n\t\t\t\t<\/div>\n\t\t<div class=\"elementor-element elementor-element-xizxaoz e-flex e-con-boxed e-con e-parent\" data-id=\"xizxaoz\" data-element_type=\"container\">\n\t\t\t\t\t<div class=\"e-con-inner\">\n\t\t<div class=\"elementor-element elementor-element-6a074bd e-con-full e-flex e-con e-child\" data-id=\"6a074bd\" data-element_type=\"container\">\n\t\t\t\t<div class=\"elementor-element elementor-element-255363f elementor-widget elementor-widget-heading\" data-id=\"255363f\" data-element_type=\"widget\" data-widget_type=\"heading.default\">\n\t\t\t\t<div class=\"elementor-widget-container\">\n\t\t\t\t\t<h3 class=\"elementor-heading-title elementor-size-default\">Brauchen Sie Hilfe bei Easier Industrial Solutions? Wir sind Experten!<\/h3>\t\t\t\t<\/div>\n\t\t\t\t<\/div>\n\t\t\t\t<\/div>\n\t\t<div class=\"elementor-element elementor-element-79dd546 e-con-full e-flex e-con e-child\" data-id=\"79dd546\" data-element_type=\"container\">\n\t\t\t\t<div class=\"elementor-element elementor-element-058ba8b elementor-align-right elementor-widget elementor-widget-button\" data-id=\"058ba8b\" data-element_type=\"widget\" data-widget_type=\"button.default\">\n\t\t\t\t<div class=\"elementor-widget-container\">\n\t\t\t\t\t\t\t\t\t<div class=\"elementor-button-wrapper\">\n\t\t\t\t\t<a class=\"elementor-button elementor-button-link elementor-size-sm\" href=\"#\">\n\t\t\t\t\t\t<span class=\"elementor-button-content-wrapper\">\n\t\t\t\t\t\t\t\t\t<span class=\"elementor-button-text\">Mehr erfahren<\/span>\n\t\t\t\t\t<\/span>\n\t\t\t\t\t<\/a>\n\t\t\t\t<\/div>\n\t\t\t\t\t\t\t\t<\/div>\n\t\t\t\t<\/div>\n\t\t\t\t<\/div>\n\t\t\t\t\t<\/div>\n\t\t\t\t<\/div>\n\t\t\t\t<\/div>","protected":false},"excerpt":{"rendered":"<p>Legal Information &amp; Privacy Company Information This website is operated by: NovaTork EuropeOrganisation number: 556448-8913VAT number: SE556448891301EORI number: SE5564488913 Invoice &amp; postal address:Buregatan 1441 51 Alings\u00e5sSweden Email: info@novatork.euPhone: +46 (0)322 61 14 66 Privacy Policy NovaTork Europe respects your privacy and is committed to protecting your personal data in accordance with the General Data Protection [&hellip;]<\/p>\n","protected":false},"author":1,"featured_media":0,"parent":0,"menu_order":0,"comment_status":"closed","ping_status":"closed","template":"","meta":{"_monsterinsights_skip_tracking":false,"_monsterinsights_sitenote_active":false,"_monsterinsights_sitenote_note":"","_monsterinsights_sitenote_category":0,"site-sidebar-layout":"no-sidebar","site-content-layout":"page-builder","ast-site-content-layout":"full-width-container","site-content-style":"default","site-sidebar-style":"default","ast-global-header-display":"","ast-banner-title-visibility":"","ast-main-header-display":"","ast-hfb-above-header-display":"","ast-hfb-below-header-display":"","ast-hfb-mobile-header-display":"","site-post-title":"disabled","ast-breadcrumbs-content":"","ast-featured-img":"disabled","footer-sml-layout":"","ast-disable-related-posts":"","theme-transparent-header-meta":"","adv-header-id-meta":"","stick-header-meta":"","header-above-stick-meta":"","header-main-stick-meta":"","header-below-stick-meta":"","astra-migrate-meta-layouts":"set","ast-page-background-enabled":"default","ast-page-background-meta":{"desktop":{"background-color":"","background-image":"","background-repeat":"repeat","background-position":"center center","background-size":"auto","background-attachment":"scroll","background-type":"","background-media":"","overlay-type":"","overlay-color":"","overlay-opacity":"","overlay-gradient":""},"tablet":{"background-color":"","background-image":"","background-repeat":"repeat","background-position":"center center","background-size":"auto","background-attachment":"scroll","background-type":"","background-media":"","overlay-type":"","overlay-color":"","overlay-opacity":"","overlay-gradient":""},"mobile":{"background-color":"","background-image":"","background-repeat":"repeat","background-position":"center center","background-size":"auto","background-attachment":"scroll","background-type":"","background-media":"","overlay-type":"","overlay-color":"","overlay-opacity":"","overlay-gradient":""}},"ast-content-background-meta":{"desktop":{"background-color":"var(--ast-global-color-5)","background-image":"","background-repeat":"repeat","background-position":"center center","background-size":"auto","background-attachment":"scroll","background-type":"","background-media":"","overlay-type":"","overlay-color":"","overlay-opacity":"","overlay-gradient":""},"tablet":{"background-color":"var(--ast-global-color-5)","background-image":"","background-repeat":"repeat","background-position":"center center","background-size":"auto","background-attachment":"scroll","background-type":"","background-media":"","overlay-type":"","overlay-color":"","overlay-opacity":"","overlay-gradient":""},"mobile":{"background-color":"var(--ast-global-color-5)","background-image":"","background-repeat":"repeat","background-position":"center center","background-size":"auto","background-attachment":"scroll","background-type":"","background-media":"","overlay-type":"","overlay-color":"","overlay-opacity":"","overlay-gradient":""}},"footnotes":""},"class_list":["post-1675","page","type-page","status-publish","hentry"],"aioseo_notices":[],"_links":{"self":[{"href":"https:\/\/novatork.eu\/de\/wp-json\/wp\/v2\/pages\/1675","targetHints":{"allow":["GET"]}}],"collection":[{"href":"https:\/\/novatork.eu\/de\/wp-json\/wp\/v2\/pages"}],"about":[{"href":"https:\/\/novatork.eu\/de\/wp-json\/wp\/v2\/types\/page"}],"author":[{"embeddable":true,"href":"https:\/\/novatork.eu\/de\/wp-json\/wp\/v2\/users\/1"}],"replies":[{"embeddable":true,"href":"https:\/\/novatork.eu\/de\/wp-json\/wp\/v2\/comments?post=1675"}],"version-history":[{"count":10,"href":"https:\/\/novatork.eu\/de\/wp-json\/wp\/v2\/pages\/1675\/revisions"}],"predecessor-version":[{"id":1759,"href":"https:\/\/novatork.eu\/de\/wp-json\/wp\/v2\/pages\/1675\/revisions\/1759"}],"wp:attachment":[{"href":"https:\/\/novatork.eu\/de\/wp-json\/wp\/v2\/media?parent=1675"}],"curies":[{"name":"wp","href":"https:\/\/api.w.org\/{rel}","templated":true}]}}